{"id":688972,"date":"2025-08-27T13:08:49","date_gmt":"2025-08-27T10:08:49","guid":{"rendered":"https:\/\/roveyayinevi.com.tr\/index.php\/urun\/amcama-neler-oluyor\/"},"modified":"2026-04-16T01:58:42","modified_gmt":"2026-04-15T22:58:42","slug":"amcama-neler-oluyor","status":"publish","type":"product","link":"https:\/\/roveyayinevi.com.tr\/index.php\/urun\/amcama-neler-oluyor\/","title":{"rendered":"Amcama Neler Oluyor?"},"content":{"rendered":"<p>Zaman\u0131n de\u011feri ve eme\u011fin anlam\u0131 \u00fczerine soluksuz macera devam ediyor!Senarist, yazar Sevgi Sayg\u0131\u2019n\u0131n Babam Nereye Gitti? ile ba\u015flayan \u201cMemo\u2019nun Maceras\u0131\u201d dizisinin ikinci kitab\u0131, okuru yine ger\u00e7ek\u00fcst\u00fc \u00f6\u011feler ve gizemle \u00f6r\u00fcl\u00fc, heyecanla dolu bir macera vaat ediyor. Kendilerini yine bir dizi tuhaf olay\u0131n i\u00e7inde bulan Memo ve arkada\u015f\u0131 Derinsu\u2019nun ba\u015f\u0131 bu kez okulla da dertte. Memo\u2019nun kendi dilinden anlatt\u0131\u011f\u0131 \u00f6yk\u00fc, delikanl\u0131n\u0131n ya\u015fad\u0131\u011f\u0131 de\u011fi\u015fime, b\u00fcy\u00fcmesine de tan\u0131kl\u0131k ediyor. Ergenlik duygular\u0131n\u0131n yaratt\u0131\u011f\u0131 ini\u015f \u00e7\u0131k\u0131\u015flarla m\u00fccadele eden Memo, \u00e7\u00f6zmek zorunda kald\u0131\u011f\u0131 s\u0131rad\u0131\u015f\u0131 olaylar\u0131n yan\u0131 s\u0131ra, hayat\u0131n\u0131 yeniden kurmaya \u00e7al\u0131\u015fan ailesi ve Derinsu\u2019ya kar\u015f\u0131 gitgide g\u00fc\u00e7lenen duygular\u0131yla da u\u011fra\u015f\u0131yor. Zaman\u0131n de\u011feri ve eme\u011fin anlam\u0131 \u00fczerine, imgesel oldu\u011fu kadar etkili \u00f6nermeler i\u00e7eren kitap, g\u00fc\u00e7l\u00fc kurgusu, inand\u0131r\u0131c\u0131 kahramanlar\u0131yla soluksuz bir dedektiflik roman\u0131.\u0130lk macerada babas\u0131n\u0131n y\u0131llar \u00f6nce nereye gitti\u011fini bulmaya \u00e7al\u0131\u015fan Memo, ailesini bir araya getirmenin mutlulu\u011funu bir t\u00fcrl\u00fc ya\u015fayamaz. Bir karde\u015fi olaca\u011f\u0131 haberine, amcas\u0131n\u0131n tuhaf davran\u0131\u015flar\u0131 ve babas\u0131n\u0131n s\u00fcrpriz kararlar\u0131 da eklenince, Memo\u2019nun can\u0131 iyice s\u0131k\u0131l\u0131r. \u00dcstelik, okulda s\u0131n\u0131f\u0131n kabaday\u0131lar\u0131yla ba\u015f\u0131 yine derttedir. Bu da yetmezmi\u015f gibi, Derinsu\u2019ya kar\u015f\u0131 duygular\u0131 derinle\u015fse de, hi\u00e7bir \u015fey bekledi\u011fi gibi gitmez\u2026\ufffc<\/p>\n","protected":false},"excerpt":{"rendered":"<p>Zaman\u0131n de\u011feri ve eme\u011fin anlam\u0131 \u00fczerine soluksuz macera devam ediyor!Senarist, yazar Sevgi Sayg\u0131\u2019n\u0131n Babam Nereye Gitti? ile ba\u015flayan \u201cMemo\u2019nun Maceras\u0131\u201d dizisinin ikinci kitab\u0131, okuru yine ger\u00e7ek\u00fcst\u00fc<span class=\"excerpt-hellip\"> [\u2026]<\/span><\/p>\n","protected":false},"featured_media":0,"template":"","meta":{"_monsterinsights_skip_tracking":false,"_monsterinsights_sitenote_active":false,"_monsterinsights_sitenote_note":"","_monsterinsights_sitenote_category":0},"product_brand":[],"product_cat":[12274,12284],"product_tag":[],"class_list":{"0":"post-688972","1":"product","2":"type-product","3":"status-publish","5":"product_cat-cocuk-ve-genclik-kitaplari","6":"product_cat-hikayeler","7":"pa_cilt-ciltsiz","8":"pa_tur-kitap","9":"pa_yayinevi-gunisigi-kitapligi","10":"pa_yazar-sevgi-saygi","12":"first","13":"instock","14":"sale","15":"shipping-taxable","16":"purchasable","17":"product-type-simple"},"_links":{"self":[{"href":"https:\/\/roveyayinevi.com.tr\/index.php\/wp-json\/wp\/v2\/product\/688972","targetHints":{"allow":["GET"]}}],"collection":[{"href":"https:\/\/roveyayinevi.com.tr\/index.php\/wp-json\/wp\/v2\/product"}],"about":[{"href":"https:\/\/roveyayinevi.com.tr\/index.php\/wp-json\/wp\/v2\/types\/product"}],"wp:attachment":[{"href":"https:\/\/roveyayinevi.com.tr\/index.php\/wp-json\/wp\/v2\/media?parent=688972"}],"wp:term":[{"taxonomy":"product_brand","embeddable":true,"href":"https:\/\/roveyayinevi.com.tr\/index.php\/wp-json\/wp\/v2\/product_brand?post=688972"},{"taxonomy":"product_cat","embeddable":true,"href":"https:\/\/roveyayinevi.com.tr\/index.php\/wp-json\/wp\/v2\/product_cat?post=688972"},{"taxonomy":"product_tag","embeddable":true,"href":"https:\/\/roveyayinevi.com.tr\/index.php\/wp-json\/wp\/v2\/product_tag?post=688972"}],"curies":[{"name":"wp","href":"https:\/\/api.w.org\/{rel}","templated":true}]}}