{"id":688971,"date":"2025-08-27T13:08:49","date_gmt":"2025-08-27T10:08:49","guid":{"rendered":"https:\/\/roveyayinevi.com.tr\/index.php\/urun\/acayip-bir-deniz-yolculugu\/"},"modified":"2026-04-16T01:58:42","modified_gmt":"2026-04-15T22:58:42","slug":"acayip-bir-deniz-yolculugu","status":"publish","type":"product","link":"https:\/\/roveyayinevi.com.tr\/index.php\/urun\/acayip-bir-deniz-yolculugu\/","title":{"rendered":"Acayip Bir Deniz Yolculu\u011fu"},"content":{"rendered":"<p>Antik \u00c7a\u011f\u2019dan \u00e7\u0131k\u0131p gelen\u015fehla g\u00f6zl\u00fc gemi Kibele\u2019yle masals\u0131 bir yolculuk!Edebiyat\u0131m\u0131z\u0131n \u00e7ocuklara g\u00f6n\u00fcl veren g\u00fc\u00e7l\u00fc yazarlar\u0131ndan M\u00fcge \u0130plik\u00e7i, okurlar\u0131n\u0131 bu kez de k\u00fcrekli, yelkenli antik gemi Kibele\u2019yle tan\u0131\u015ft\u0131r\u0131yor. 360 Derece Tarih Ara\u015ft\u0131rmalar\u0131 Derne\u011fi\u2019nin deniz arkeolojisi \u00e7al\u0131\u015fmalar\u0131ndan biri olan \u201cFo\u00e7a-Marsilya Tarihe Yolculuk\u201d projesini \u00e7ocuklara yak\u0131nla\u015ft\u0131rmak i\u00e7in haz\u0131rlanan \u00f6zg\u00fcn kitap, Antik \u00c7a\u011f bat\u0131klar\u0131ndan yola \u00e7\u0131k\u0131larak asl\u0131na uygun in\u015fa edilen gemi Kibele\u2019nin ger\u00e7ek yolculu\u011fundan esinleniyor. 2009\u2019da 56 g\u00fcnde tamamlanan bu zorlu yolculukta Kibele, Fo\u00e7a\u2019dan yola \u00e7\u0131km\u0131\u015f, g\u00f6n\u00fcll\u00fc k\u00fcrek\u00e7ileriyle Akdeniz\u2019i katederek Fransa\u2019n\u0131n Marsilya liman\u0131na ula\u015fm\u0131\u015ft\u0131. Deniz arkeolojisinin bu benzersiz yolculu\u011fu, \u0130plik\u00e7i\u2019nin, ge\u00e7mi\u015fle g\u00fcn\u00fcm\u00fcz\u00fc harmanlayan yarat\u0131c\u0131 d\u00fc\u015fsel kurgusuyla; gen\u00e7 sanat\u00e7\u0131 Sedat Girgin\u2019in canland\u0131rma g\u00fcc\u00fc y\u00fcksek desenleriyle \u00f6yk\u00fcle\u015ferek \u00f6l\u00fcms\u00fczle\u015fiyor. \u0130plik\u00e7i, bu kitab\u0131n\u0131, en ba\u015ftan projelendirerek ger\u00e7ekle\u015fmesini sa\u011flayan edit\u00f6r M\u00fcren Beykan\u2019a ithaf etti.Alerjisi y\u00fcz\u00fcnden a\u015f\u0131dan korkan Kerem\u2019in k\u00e2busu ger\u00e7ek olur: Okulda a\u015f\u0131 g\u00fcn\u00fcd\u00fcr! \u00c7ocuklar\u0131n hepsi de o kadar \u00e7ok, o kadar \u00e7ok a\u011flarlar ki, s\u0131radan bir a\u015f\u0131 g\u00fcn\u00fc, ancak \u00e7ok eski \u00e7a\u011flarda ya\u015fanacak bir ser\u00fcvene d\u00f6n\u00fc\u015f\u00fcverir. \u0130\u00e7inde Kerem\u2019le arkada\u015flar\u0131n\u0131n, servis \u015fof\u00f6r\u00fcyle hem\u015firenin, \u015fehla g\u00f6zl\u00fc gemi Kibele\u2019nin ve k\u00f6t\u00fc adam Kadirbilmez\u2019in yer ald\u0131\u011f\u0131 inan\u0131lmaz bir ser\u00fcvene!.. <\/p>\n","protected":false},"excerpt":{"rendered":"<p>Antik \u00c7a\u011f\u2019dan \u00e7\u0131k\u0131p gelen\u015fehla g\u00f6zl\u00fc gemi Kibele\u2019yle masals\u0131 bir yolculuk!Edebiyat\u0131m\u0131z\u0131n \u00e7ocuklara g\u00f6n\u00fcl veren g\u00fc\u00e7l\u00fc yazarlar\u0131ndan M\u00fcge \u0130plik\u00e7i, okurlar\u0131n\u0131 bu kez de k\u00fcrekli, yelkenli antik gemi Kibele\u2019yle<span class=\"excerpt-hellip\"> [\u2026]<\/span><\/p>\n","protected":false},"featured_media":0,"template":"","meta":{"_monsterinsights_skip_tracking":false,"_monsterinsights_sitenote_active":false,"_monsterinsights_sitenote_note":"","_monsterinsights_sitenote_category":0},"product_brand":[],"product_cat":[12274,12284],"product_tag":[],"class_list":{"0":"post-688971","1":"product","2":"type-product","3":"status-publish","5":"product_cat-cocuk-ve-genclik-kitaplari","6":"product_cat-hikayeler","7":"pa_cilt-ciltsiz","8":"pa_tur-kitap","9":"pa_yayinevi-gunisigi-kitapligi","10":"pa_yazar-muge-iplikci","12":"first","13":"instock","14":"sale","15":"shipping-taxable","16":"purchasable","17":"product-type-simple"},"_links":{"self":[{"href":"https:\/\/roveyayinevi.com.tr\/index.php\/wp-json\/wp\/v2\/product\/688971","targetHints":{"allow":["GET"]}}],"collection":[{"href":"https:\/\/roveyayinevi.com.tr\/index.php\/wp-json\/wp\/v2\/product"}],"about":[{"href":"https:\/\/roveyayinevi.com.tr\/index.php\/wp-json\/wp\/v2\/types\/product"}],"wp:attachment":[{"href":"https:\/\/roveyayinevi.com.tr\/index.php\/wp-json\/wp\/v2\/media?parent=688971"}],"wp:term":[{"taxonomy":"product_brand","embeddable":true,"href":"https:\/\/roveyayinevi.com.tr\/index.php\/wp-json\/wp\/v2\/product_brand?post=688971"},{"taxonomy":"product_cat","embeddable":true,"href":"https:\/\/roveyayinevi.com.tr\/index.php\/wp-json\/wp\/v2\/product_cat?post=688971"},{"taxonomy":"product_tag","embeddable":true,"href":"https:\/\/roveyayinevi.com.tr\/index.php\/wp-json\/wp\/v2\/product_tag?post=688971"}],"curies":[{"name":"wp","href":"https:\/\/api.w.org\/{rel}","templated":true}]}}