{"id":688969,"date":"2025-08-27T13:08:49","date_gmt":"2025-08-27T10:08:49","guid":{"rendered":"https:\/\/roveyayinevi.com.tr\/index.php\/urun\/buyuk-hayatlar-buyuk-dusunceler\/"},"modified":"2026-04-16T01:58:42","modified_gmt":"2026-04-15T22:58:42","slug":"buyuk-hayatlar-buyuk-dusunceler","status":"publish","type":"product","link":"https:\/\/roveyayinevi.com.tr\/index.php\/urun\/buyuk-hayatlar-buyuk-dusunceler\/","title":{"rendered":"B\u00fcy\u00fck Hayatlar- B\u00fcy\u00fck D\u00fc\u015f\u00fcnceler"},"content":{"rendered":"<p>Kimi insanlar \u00e7ocukluk y\u0131llar\u0131ndan itibaren farkl\u0131d\u0131rlar. Do\u011faya kar\u015f\u0131 ilgisi, insanlarla ili\u015fkileri, matemati\u011fe, kimyaya, m\u00fczi\u011fe olan meraklar\u0131, onlar\u0131 di\u011ferlerinden ay\u0131ran baz\u0131 garip davran\u0131\u015flara s\u00fcr\u00fckler. Onlar daha g\u00f6z\u00fcpektirler, daha delidoludurlar&#8230; \u00c7\u00fcnk\u00fc onlar, hayatlar\u0131n\u0131 b\u00fcy\u00fck gayeler u\u011fruna sarfetmeye ba\u015ftan niyetlidirler. \ufffcTan\u0131t\u0131m Metni<\/p>\n","protected":false},"excerpt":{"rendered":"<p>Kimi insanlar \u00e7ocukluk y\u0131llar\u0131ndan itibaren farkl\u0131d\u0131rlar. Do\u011faya kar\u015f\u0131 ilgisi, insanlarla ili\u015fkileri, matemati\u011fe, kimyaya, m\u00fczi\u011fe olan meraklar\u0131, onlar\u0131 di\u011ferlerinden ay\u0131ran baz\u0131 garip davran\u0131\u015flara s\u00fcr\u00fckler. Onlar daha g\u00f6z\u00fcpektirler,<span class=\"excerpt-hellip\"> [\u2026]<\/span><\/p>\n","protected":false},"featured_media":0,"template":"","meta":{"_monsterinsights_skip_tracking":false,"_monsterinsights_sitenote_active":false,"_monsterinsights_sitenote_note":"","_monsterinsights_sitenote_category":0},"product_brand":[],"product_cat":[12274,12631],"product_tag":[],"class_list":{"0":"post-688969","1":"product","2":"type-product","3":"status-publish","5":"product_cat-cocuk-ve-genclik-kitaplari","6":"product_cat-diger-cocuk-ve-genclik-kitaplari","7":"pa_cilt-ciltsiz","8":"pa_tur-kitap","9":"pa_yayinevi-genc-timas","10":"pa_yazar-saliha-sahan","12":"first","13":"instock","14":"sale","15":"shipping-taxable","16":"purchasable","17":"product-type-simple"},"_links":{"self":[{"href":"https:\/\/roveyayinevi.com.tr\/index.php\/wp-json\/wp\/v2\/product\/688969","targetHints":{"allow":["GET"]}}],"collection":[{"href":"https:\/\/roveyayinevi.com.tr\/index.php\/wp-json\/wp\/v2\/product"}],"about":[{"href":"https:\/\/roveyayinevi.com.tr\/index.php\/wp-json\/wp\/v2\/types\/product"}],"wp:attachment":[{"href":"https:\/\/roveyayinevi.com.tr\/index.php\/wp-json\/wp\/v2\/media?parent=688969"}],"wp:term":[{"taxonomy":"product_brand","embeddable":true,"href":"https:\/\/roveyayinevi.com.tr\/index.php\/wp-json\/wp\/v2\/product_brand?post=688969"},{"taxonomy":"product_cat","embeddable":true,"href":"https:\/\/roveyayinevi.com.tr\/index.php\/wp-json\/wp\/v2\/product_cat?post=688969"},{"taxonomy":"product_tag","embeddable":true,"href":"https:\/\/roveyayinevi.com.tr\/index.php\/wp-json\/wp\/v2\/product_tag?post=688969"}],"curies":[{"name":"wp","href":"https:\/\/api.w.org\/{rel}","templated":true}]}}