{"id":688965,"date":"2025-08-27T13:08:48","date_gmt":"2025-08-27T10:08:48","guid":{"rendered":"https:\/\/roveyayinevi.com.tr\/index.php\/urun\/allah-kimleri-sever-insan-i-kamil-ahlak-nasil-guzellesir\/"},"modified":"2026-04-16T01:58:42","modified_gmt":"2026-04-15T22:58:42","slug":"allah-kimleri-sever-insan-i-kamil-ahlak-nasil-guzellesir","status":"publish","type":"product","link":"https:\/\/roveyayinevi.com.tr\/index.php\/urun\/allah-kimleri-sever-insan-i-kamil-ahlak-nasil-guzellesir\/","title":{"rendered":"Allah Kimleri Sever? \u0130nsan-\u0131 Kamil \/ Ahlak Nas\u0131l G\u00fczelle\u015fir?"},"content":{"rendered":"<p># G\u00fcn\u00fcm\u00fcz T\u00fcrk\u00e7esiyle bug\u00fcne kadar yaz\u0131lm\u0131\u015f en anla\u015f\u0131l\u0131r tasavvuf kitab\u0131 # T\u00fcrk insan\u0131n bu topraklara ait ger\u00e7ek tasavvuf ile tan\u0131\u015fmas\u0131n\u0131 ama\u00e7l\u0131yor&#8230; # Piyasadaki di\u011fer kitaplardan farkl\u0131. Fark\u0131 ise eserin se\u00e7iminde, profesyonel \u00e7eviride, \u00e7eviride kullan\u0131lan anla\u015f\u0131l\u0131r sade dilde, kolayla\u015ft\u0131ran rahat sade tasar\u0131mda yat\u0131yor&#8230; \ufffcTan\u0131t\u0131m Metni<\/p>\n","protected":false},"excerpt":{"rendered":"<p># G\u00fcn\u00fcm\u00fcz T\u00fcrk\u00e7esiyle bug\u00fcne kadar yaz\u0131lm\u0131\u015f en anla\u015f\u0131l\u0131r tasavvuf kitab\u0131 # T\u00fcrk insan\u0131n bu topraklara ait ger\u00e7ek tasavvuf ile tan\u0131\u015fmas\u0131n\u0131 ama\u00e7l\u0131yor&#8230; # Piyasadaki di\u011fer kitaplardan farkl\u0131.<span class=\"excerpt-hellip\"> [\u2026]<\/span><\/p>\n","protected":false},"featured_media":0,"template":"","meta":{"_monsterinsights_skip_tracking":false,"_monsterinsights_sitenote_active":false,"_monsterinsights_sitenote_note":"","_monsterinsights_sitenote_category":0},"product_brand":[],"product_cat":[12718,12719],"product_tag":[],"class_list":{"0":"post-688965","1":"product","2":"type-product","3":"status-publish","5":"product_cat-din","6":"product_cat-islam","7":"pa_cilt-ciltsiz","8":"pa_tur-kitap","9":"pa_yayinevi-hayykitap","10":"pa_yazar-muhyiddin-ibn-arabi","12":"first","13":"instock","14":"sale","15":"shipping-taxable","16":"purchasable","17":"product-type-simple"},"_links":{"self":[{"href":"https:\/\/roveyayinevi.com.tr\/index.php\/wp-json\/wp\/v2\/product\/688965","targetHints":{"allow":["GET"]}}],"collection":[{"href":"https:\/\/roveyayinevi.com.tr\/index.php\/wp-json\/wp\/v2\/product"}],"about":[{"href":"https:\/\/roveyayinevi.com.tr\/index.php\/wp-json\/wp\/v2\/types\/product"}],"wp:attachment":[{"href":"https:\/\/roveyayinevi.com.tr\/index.php\/wp-json\/wp\/v2\/media?parent=688965"}],"wp:term":[{"taxonomy":"product_brand","embeddable":true,"href":"https:\/\/roveyayinevi.com.tr\/index.php\/wp-json\/wp\/v2\/product_brand?post=688965"},{"taxonomy":"product_cat","embeddable":true,"href":"https:\/\/roveyayinevi.com.tr\/index.php\/wp-json\/wp\/v2\/product_cat?post=688965"},{"taxonomy":"product_tag","embeddable":true,"href":"https:\/\/roveyayinevi.com.tr\/index.php\/wp-json\/wp\/v2\/product_tag?post=688965"}],"curies":[{"name":"wp","href":"https:\/\/api.w.org\/{rel}","templated":true}]}}