{"id":688963,"date":"2025-08-27T13:08:48","date_gmt":"2025-08-27T10:08:48","guid":{"rendered":"https:\/\/roveyayinevi.com.tr\/index.php\/urun\/beter-ikizler-acayip-yaratiklar\/"},"modified":"2026-04-16T01:58:42","modified_gmt":"2026-04-15T22:58:42","slug":"beter-ikizler-acayip-yaratiklar","status":"publish","type":"product","link":"https:\/\/roveyayinevi.com.tr\/index.php\/urun\/beter-ikizler-acayip-yaratiklar\/","title":{"rendered":"Beter \u0130kizler &#8211; Acayip Yarat\u0131klar"},"content":{"rendered":"<p>Canlar\u0131n\u0131n istedi\u011fi her \u015feyi yapan iki \u00e7ocu\u011fun ya\u015fad\u0131klar\u0131n\u0131 anlatan dizi, \u00f6zg\u00fcrl\u00fck, sorumluluk ve sosyal ya\u015fam gibi temel kavramlar\u0131 ba\u015far\u0131yla sorguluyor! Herkesin yaka silkti\u011fi, biri k\u0131z biri o\u011flan &#8220;yaramaz&#8221; ikizler Edgar ve Ellen&#8217;\u0131n ak\u0131l almaz maceralar\u0131n\u0131 kitap okumay\u0131 sevmedi\u011fini sananlar bile bir solukta, keyifle okuyorlar. Karakterleri ba\u015far\u0131yla canland\u0131ran etkileyici siyah-beyaz resimlerle bezeli dizi, mizah g\u00fcc\u00fc, yetkin \u00e7evirisi ve zengin s\u00f6zc\u00fck da\u011farc\u0131\u011f\u0131yla \u00e7ocuklara farkl\u0131 bir kitap okuma keyfi sunuyor. \u0130kizlerin zekice \u015fakalar\u0131 ve haylazl\u0131klar\u0131 o denli inan\u0131lmaz ve sa\u00e7ma ki, k\u00fc\u00e7\u00fck okurlar onlar\u0131n planlar\u0131n\u0131n nas\u0131l ba\u015far\u0131s\u0131zl\u0131\u011fa u\u011frad\u0131\u011f\u0131n\u0131 g\u00f6rmek i\u00e7in can at\u0131yorlar. Anne babalar\u0131 d\u00fcnya seyahatinde oldu\u011fu i\u00e7in \u015fatoyu and\u0131ran evlerinde yaln\u0131z ya\u015famak zorunda kalan Beter \u0130kizler, Edgar ve Ellen&#8217;\u0131n canlar\u0131 s\u0131k\u0131lmaktad\u0131r. Kendilerine yeni e\u011flence olanaklar\u0131 yaratabilmek i\u00e7in para kazanmalar\u0131 gerekti\u011fini d\u00fc\u015f\u00fcnen ikizler, az bulunan hayvanlar\u0131n de\u011ferli oldu\u011funu \u00f6\u011frenince hemen harekete ge\u00e7erler. Planlar\u0131, kasaba halk\u0131n\u0131n evcil hayvanlar\u0131n\u0131 \u00e7almak, onlar\u0131 birer acayip yarat\u0131\u011fa d\u00f6n\u00fc\u015ft\u00fcrd\u00fckten sonra sat\u0131p, bol para kazanmakt\u0131r. Acaba i\u015fler planlad\u0131klar\u0131 gibi gidecek midir?.. <\/p>\n","protected":false},"excerpt":{"rendered":"<p>Canlar\u0131n\u0131n istedi\u011fi her \u015feyi yapan iki \u00e7ocu\u011fun ya\u015fad\u0131klar\u0131n\u0131 anlatan dizi, \u00f6zg\u00fcrl\u00fck, sorumluluk ve sosyal ya\u015fam gibi temel kavramlar\u0131 ba\u015far\u0131yla sorguluyor! Herkesin yaka silkti\u011fi, biri k\u0131z biri<span class=\"excerpt-hellip\"> [\u2026]<\/span><\/p>\n","protected":false},"featured_media":0,"template":"","meta":{"_monsterinsights_skip_tracking":false,"_monsterinsights_sitenote_active":false,"_monsterinsights_sitenote_note":"","_monsterinsights_sitenote_category":0},"product_brand":[],"product_cat":[12274,12284],"product_tag":[],"class_list":{"0":"post-688963","1":"product","2":"type-product","3":"status-publish","5":"product_cat-cocuk-ve-genclik-kitaplari","6":"product_cat-hikayeler","7":"pa_cilt-ciltsiz","8":"pa_tur-kitap","9":"pa_yayinevi-gunisigi-kitapligi","10":"pa_yazar-charles-ogden","12":"first","13":"instock","14":"sale","15":"shipping-taxable","16":"purchasable","17":"product-type-simple"},"_links":{"self":[{"href":"https:\/\/roveyayinevi.com.tr\/index.php\/wp-json\/wp\/v2\/product\/688963","targetHints":{"allow":["GET"]}}],"collection":[{"href":"https:\/\/roveyayinevi.com.tr\/index.php\/wp-json\/wp\/v2\/product"}],"about":[{"href":"https:\/\/roveyayinevi.com.tr\/index.php\/wp-json\/wp\/v2\/types\/product"}],"wp:attachment":[{"href":"https:\/\/roveyayinevi.com.tr\/index.php\/wp-json\/wp\/v2\/media?parent=688963"}],"wp:term":[{"taxonomy":"product_brand","embeddable":true,"href":"https:\/\/roveyayinevi.com.tr\/index.php\/wp-json\/wp\/v2\/product_brand?post=688963"},{"taxonomy":"product_cat","embeddable":true,"href":"https:\/\/roveyayinevi.com.tr\/index.php\/wp-json\/wp\/v2\/product_cat?post=688963"},{"taxonomy":"product_tag","embeddable":true,"href":"https:\/\/roveyayinevi.com.tr\/index.php\/wp-json\/wp\/v2\/product_tag?post=688963"}],"curies":[{"name":"wp","href":"https:\/\/api.w.org\/{rel}","templated":true}]}}