{"id":688962,"date":"2025-08-27T13:08:48","date_gmt":"2025-08-27T10:08:48","guid":{"rendered":"https:\/\/roveyayinevi.com.tr\/index.php\/urun\/balik\/"},"modified":"2026-04-16T01:58:42","modified_gmt":"2026-04-15T22:58:42","slug":"balik","status":"publish","type":"product","link":"https:\/\/roveyayinevi.com.tr\/index.php\/urun\/balik\/","title":{"rendered":"Bal\u0131k"},"content":{"rendered":"<p>Sava\u015f\u0131, k\u00fc\u00e7\u00fck bir \u00e7ocu\u011fun g\u00f6z\u00fcnden anlatan,umut dolu bir roman!\u201cKaplan\u201d\u0131n, yard\u0131m g\u00f6n\u00fcll\u00fcs\u00fc olarak \u00e7al\u0131\u015fan anne ve babas\u0131yla birlikte ya\u015fad\u0131\u011f\u0131 yabanc\u0131 k\u00f6y her ge\u00e7en g\u00fcn yakla\u015fan sava\u015ftan giderek daha \u00e7ok etkilenmektedir. G\u00fcn\u00fcn birinde herkes gibi onlar da k\u00f6y\u00fc terk etmek zorunda kal\u0131rlar. Son anda Kaplan, \u00e7amurlu bir su birikintisinde ya\u015fam sava\u015f\u0131 veren k\u00fc\u00e7\u00fck bal\u0131\u011f\u0131 fark eder. Ne yap\u0131p edip onu da yan\u0131nda g\u00f6t\u00fcrecektir. S\u0131n\u0131ra kadar onlara e\u015flik edecek Rehber\u2019le e\u015fe\u011fi, anne, baba, Kaplan ve Bal\u0131k\u2019tan olu\u015fan k\u00fc\u00e7\u00fck kafile yola \u00e7\u0131karlar. \u00d6nlerinde, sava\u015f\u0131n korkun\u00e7 g\u00f6lgesi alt\u0131nda, hi\u00e7 d\u00fc\u015f\u00fcnmedikleri tehlikelerle dolu, uzun ve zorlu bir yolculuk vard\u0131r\u2026 <\/p>\n","protected":false},"excerpt":{"rendered":"<p>Sava\u015f\u0131, k\u00fc\u00e7\u00fck bir \u00e7ocu\u011fun g\u00f6z\u00fcnden anlatan,umut dolu bir roman!\u201cKaplan\u201d\u0131n, yard\u0131m g\u00f6n\u00fcll\u00fcs\u00fc olarak \u00e7al\u0131\u015fan anne ve babas\u0131yla birlikte ya\u015fad\u0131\u011f\u0131 yabanc\u0131 k\u00f6y her ge\u00e7en g\u00fcn yakla\u015fan sava\u015ftan giderek<span class=\"excerpt-hellip\"> [\u2026]<\/span><\/p>\n","protected":false},"featured_media":0,"template":"","meta":{"_monsterinsights_skip_tracking":false,"_monsterinsights_sitenote_active":false,"_monsterinsights_sitenote_note":"","_monsterinsights_sitenote_category":0},"product_brand":[],"product_cat":[12274,12284],"product_tag":[],"class_list":{"0":"post-688962","1":"product","2":"type-product","3":"status-publish","5":"product_cat-cocuk-ve-genclik-kitaplari","6":"product_cat-hikayeler","7":"pa_cilt-ciltsiz","8":"pa_tur-kitap","9":"pa_yayinevi-gunisigi-kitapligi","10":"pa_yazar-laura-s-matthews","12":"first","13":"instock","14":"sale","15":"shipping-taxable","16":"purchasable","17":"product-type-simple"},"_links":{"self":[{"href":"https:\/\/roveyayinevi.com.tr\/index.php\/wp-json\/wp\/v2\/product\/688962","targetHints":{"allow":["GET"]}}],"collection":[{"href":"https:\/\/roveyayinevi.com.tr\/index.php\/wp-json\/wp\/v2\/product"}],"about":[{"href":"https:\/\/roveyayinevi.com.tr\/index.php\/wp-json\/wp\/v2\/types\/product"}],"wp:attachment":[{"href":"https:\/\/roveyayinevi.com.tr\/index.php\/wp-json\/wp\/v2\/media?parent=688962"}],"wp:term":[{"taxonomy":"product_brand","embeddable":true,"href":"https:\/\/roveyayinevi.com.tr\/index.php\/wp-json\/wp\/v2\/product_brand?post=688962"},{"taxonomy":"product_cat","embeddable":true,"href":"https:\/\/roveyayinevi.com.tr\/index.php\/wp-json\/wp\/v2\/product_cat?post=688962"},{"taxonomy":"product_tag","embeddable":true,"href":"https:\/\/roveyayinevi.com.tr\/index.php\/wp-json\/wp\/v2\/product_tag?post=688962"}],"curies":[{"name":"wp","href":"https:\/\/api.w.org\/{rel}","templated":true}]}}