{"id":688961,"date":"2025-08-27T13:08:47","date_gmt":"2025-08-27T10:08:47","guid":{"rendered":"https:\/\/roveyayinevi.com.tr\/index.php\/urun\/babam-nereye-gitti\/"},"modified":"2026-04-16T01:58:42","modified_gmt":"2026-04-15T22:58:42","slug":"babam-nereye-gitti","status":"publish","type":"product","link":"https:\/\/roveyayinevi.com.tr\/index.php\/urun\/babam-nereye-gitti\/","title":{"rendered":"Babam Nereye Gitti?"},"content":{"rendered":"<p>Gizem dolu, film tad\u0131nda maceralar dizisinin kap\u0131s\u0131 aralan\u0131yor!Senarist, yazar Sevgi Sayg\u0131, \u00e7ocuklar i\u00e7in kaleme ald\u0131\u011f\u0131 \u201cMemo\u2019nun Maceras\u0131\u201d dizisinin bu ilk roman\u0131nda okurlar\u0131n\u0131, ger\u00e7ek\u00fcst\u00fc \u00f6\u011feler ve gizemle \u00f6r\u00fcl\u00fc, heyecanl\u0131 bir maceraya davet ediyor. Dizinin kahraman\u0131 Memo\u2019nun tuttu\u011fu g\u00fcnl\u00fc\u011f\u00fcn sayfalar\u0131nda ilerleyen okur, bir yandan onun ya\u015fad\u0131klar\u0131na, yeti\u015fkinleri alg\u0131lay\u0131\u015f\u0131na, annesiyle kurmaya \u00e7al\u0131\u015ft\u0131\u011f\u0131 ileti\u015fime ve ini\u015fli \u00e7\u0131k\u0131\u015fl\u0131 duygular\u0131na, bir yandan da, babas\u0131n\u0131n izini s\u00fcrmek i\u00e7in g\u00f6sterdi\u011fi kararl\u0131 \u00e7abaya ve Derinsu\u2019yla giderek vazge\u00e7ilmez olan arkada\u015fl\u0131\u011f\u0131na tan\u0131kl\u0131k ederken, hem g\u00fcl\u00fcms\u00fcyor hem d\u00fc\u015f\u00fcn\u00fcyor. Soluksuz bir dedektiflik \u00f6yk\u00fcs\u00fcn\u00fcn gizemiyle \u00f6r\u00fcl\u00fc roman, g\u00fc\u00e7l\u00fc kurgusu, inand\u0131r\u0131c\u0131 kahramanlar\u0131yla devam kitaplar\u0131n m\u00fcjdesini veriyor.Memo\u2019nun babas\u0131 y\u0131llar \u00f6nce ortadan kaybolmu\u015f, neredeyse buhar olup u\u00e7mu\u015ftur. Ba\u015f\u0131ndan ge\u00e7enleri, d\u00fc\u015f\u00fcncelerini g\u00fcnl\u00fc\u011f\u00fcyle payla\u015fan Memo, b\u00fcy\u00fcd\u00fck\u00e7e babas\u0131n\u0131 daha \u00e7ok merak etmeye, ondan kalan e\u015fyay\u0131 ara\u015ft\u0131rmaya ba\u015flar. Sand\u0131kta buldu\u011fu eski film kameras\u0131 onu babas\u0131na yakla\u015ft\u0131r\u0131r sanki. Ancak, annesinin evlenmeye kalk\u0131\u015fmas\u0131 ve okulda pe\u015fine d\u00fc\u015fen \u00e7ete, Memo\u2019ya ya\u015fam\u0131 dar eder. Neyse ki, arkada\u015f\u0131 Derinsu\u2019nun cin fikirleri vard\u0131r\u2026<\/p>\n","protected":false},"excerpt":{"rendered":"<p>Gizem dolu, film tad\u0131nda maceralar dizisinin kap\u0131s\u0131 aralan\u0131yor!Senarist, yazar Sevgi Sayg\u0131, \u00e7ocuklar i\u00e7in kaleme ald\u0131\u011f\u0131 \u201cMemo\u2019nun Maceras\u0131\u201d dizisinin bu ilk roman\u0131nda okurlar\u0131n\u0131, ger\u00e7ek\u00fcst\u00fc \u00f6\u011feler ve gizemle<span class=\"excerpt-hellip\"> [\u2026]<\/span><\/p>\n","protected":false},"featured_media":0,"template":"","meta":{"_monsterinsights_skip_tracking":false,"_monsterinsights_sitenote_active":false,"_monsterinsights_sitenote_note":"","_monsterinsights_sitenote_category":0},"product_brand":[],"product_cat":[12274,12284],"product_tag":[],"class_list":{"0":"post-688961","1":"product","2":"type-product","3":"status-publish","5":"product_cat-cocuk-ve-genclik-kitaplari","6":"product_cat-hikayeler","7":"pa_cilt-ciltsiz","8":"pa_tur-kitap","9":"pa_yayinevi-gunisigi-kitapligi","10":"pa_yazar-sevgi-saygi","12":"first","13":"instock","14":"sale","15":"shipping-taxable","16":"purchasable","17":"product-type-simple"},"_links":{"self":[{"href":"https:\/\/roveyayinevi.com.tr\/index.php\/wp-json\/wp\/v2\/product\/688961","targetHints":{"allow":["GET"]}}],"collection":[{"href":"https:\/\/roveyayinevi.com.tr\/index.php\/wp-json\/wp\/v2\/product"}],"about":[{"href":"https:\/\/roveyayinevi.com.tr\/index.php\/wp-json\/wp\/v2\/types\/product"}],"wp:attachment":[{"href":"https:\/\/roveyayinevi.com.tr\/index.php\/wp-json\/wp\/v2\/media?parent=688961"}],"wp:term":[{"taxonomy":"product_brand","embeddable":true,"href":"https:\/\/roveyayinevi.com.tr\/index.php\/wp-json\/wp\/v2\/product_brand?post=688961"},{"taxonomy":"product_cat","embeddable":true,"href":"https:\/\/roveyayinevi.com.tr\/index.php\/wp-json\/wp\/v2\/product_cat?post=688961"},{"taxonomy":"product_tag","embeddable":true,"href":"https:\/\/roveyayinevi.com.tr\/index.php\/wp-json\/wp\/v2\/product_tag?post=688961"}],"curies":[{"name":"wp","href":"https:\/\/api.w.org\/{rel}","templated":true}]}}