{"id":688960,"date":"2025-08-27T13:08:47","date_gmt":"2025-08-27T10:08:47","guid":{"rendered":"https:\/\/roveyayinevi.com.tr\/index.php\/urun\/ardanin-derdi-ne\/"},"modified":"2026-04-16T01:58:42","modified_gmt":"2026-04-15T22:58:42","slug":"ardanin-derdi-ne","status":"publish","type":"product","link":"https:\/\/roveyayinevi.com.tr\/index.php\/urun\/ardanin-derdi-ne\/","title":{"rendered":"Arda\u2019n\u0131n Derdi Ne?"},"content":{"rendered":"<p>B\u00fcy\u00fcmek ve de\u011fi\u015fimi kabullenmek \u00fczerine \u015fiirsel bir roman!Edebiyat\u0131m\u0131z\u0131n \u00e7ok \u00f6d\u00fcll\u00fc dil ustas\u0131 Necati Tosuner, \u00e7a\u011fda\u015f \u00e7ocuk edebiyat\u0131na yepyeni bir kitap arma\u011fan ediyor. Kele\u015f Osmanve Dur Bakal\u0131m Petek adl\u0131 kitaplar\u0131yla sevilen yazar, bu roman\u0131nda okurlar\u0131n\u0131 aram\u0131zdan bir ailenin s\u0131cakl\u0131\u011f\u0131yla bulu\u015fturuyor. Kitap; merak ve endi\u015feyle bi\u00e7imlenen \u015fimdiki zaman\u0131 ve ge\u00e7mi\u015ften kopup gelen an\u0131lar\u0131 film tad\u0131nda bir kurguyla anlat\u0131yor. B\u00fcy\u00fcmek, ya\u015fam\u0131m\u0131z\u0131n her alan\u0131nda s\u00fcren de\u011fi\u015fimi g\u00f6\u011f\u00fcslemek; hayat\u0131m\u0131za gelenleri, gidenlerle bir arada kabullenmek ve umudu her zaman y\u00fcrekte ta\u015f\u0131mak \u00fczerine duyarl\u0131 bu \u00f6yk\u00fcs\u00fcyle Tosuner, derin g\u00f6zleme dayal\u0131, yal\u0131n oldu\u011fu kadar \u015fiirsel anlat\u0131m\u0131; duru oldu\u011fu kadar zengin \u00fcslubuyla her ya\u015ftan okuru etkileyecek.Arda ve ailesi, babaannenin \u00f6l\u00fcm\u00fcn\u00fcn ard\u0131ndan dedenin evine ta\u015f\u0131nm\u0131\u015ft\u0131r. Ayn\u0131 evde ya\u015famak, dede E\u015fref Bey\u2019le Arda aras\u0131nda \u00f6zel bir ba\u011f kurulmas\u0131na yol a\u00e7ar. E\u015fref Bey, ilgin\u00e7 karakteriyle b\u00fcy\u00fck k\u00fc\u00e7\u00fck herkesin hayat\u0131nda \u00f6nemli bir yer edinmi\u015ftir. Her zamanki gibi sofran\u0131n ba\u015f\u0131nda topland\u0131klar\u0131 bir g\u00fcn, dedenin sandalyesi bo\u015f kal\u0131r. Arda ve ailesi merak i\u00e7indedir. Acaba E\u015fref Bey nerededir?..\ufffc<\/p>\n","protected":false},"excerpt":{"rendered":"<p>B\u00fcy\u00fcmek ve de\u011fi\u015fimi kabullenmek \u00fczerine \u015fiirsel bir roman!Edebiyat\u0131m\u0131z\u0131n \u00e7ok \u00f6d\u00fcll\u00fc dil ustas\u0131 Necati Tosuner, \u00e7a\u011fda\u015f \u00e7ocuk edebiyat\u0131na yepyeni bir kitap arma\u011fan ediyor. Kele\u015f Osmanve Dur Bakal\u0131m<span class=\"excerpt-hellip\"> [\u2026]<\/span><\/p>\n","protected":false},"featured_media":0,"template":"","meta":{"_monsterinsights_skip_tracking":false,"_monsterinsights_sitenote_active":false,"_monsterinsights_sitenote_note":"","_monsterinsights_sitenote_category":0},"product_brand":[],"product_cat":[12274,12284],"product_tag":[],"class_list":{"0":"post-688960","1":"product","2":"type-product","3":"status-publish","5":"product_cat-cocuk-ve-genclik-kitaplari","6":"product_cat-hikayeler","7":"pa_cilt-ciltsiz","8":"pa_tur-kitap","9":"pa_yayinevi-gunisigi-kitapligi","10":"pa_yazar-necati-tosuner","12":"first","13":"instock","14":"sale","15":"shipping-taxable","16":"purchasable","17":"product-type-simple"},"_links":{"self":[{"href":"https:\/\/roveyayinevi.com.tr\/index.php\/wp-json\/wp\/v2\/product\/688960","targetHints":{"allow":["GET"]}}],"collection":[{"href":"https:\/\/roveyayinevi.com.tr\/index.php\/wp-json\/wp\/v2\/product"}],"about":[{"href":"https:\/\/roveyayinevi.com.tr\/index.php\/wp-json\/wp\/v2\/types\/product"}],"wp:attachment":[{"href":"https:\/\/roveyayinevi.com.tr\/index.php\/wp-json\/wp\/v2\/media?parent=688960"}],"wp:term":[{"taxonomy":"product_brand","embeddable":true,"href":"https:\/\/roveyayinevi.com.tr\/index.php\/wp-json\/wp\/v2\/product_brand?post=688960"},{"taxonomy":"product_cat","embeddable":true,"href":"https:\/\/roveyayinevi.com.tr\/index.php\/wp-json\/wp\/v2\/product_cat?post=688960"},{"taxonomy":"product_tag","embeddable":true,"href":"https:\/\/roveyayinevi.com.tr\/index.php\/wp-json\/wp\/v2\/product_tag?post=688960"}],"curies":[{"name":"wp","href":"https:\/\/api.w.org\/{rel}","templated":true}]}}