{"id":688959,"date":"2025-08-27T13:08:47","date_gmt":"2025-08-27T10:08:47","guid":{"rendered":"https:\/\/roveyayinevi.com.tr\/index.php\/urun\/alev-sacli-cocuk\/"},"modified":"2026-04-16T01:58:42","modified_gmt":"2026-04-15T22:58:42","slug":"alev-sacli-cocuk","status":"publish","type":"product","link":"https:\/\/roveyayinevi.com.tr\/index.php\/urun\/alev-sacli-cocuk\/","title":{"rendered":"Alev Sa\u00e7l\u0131 \u00c7ocuk"},"content":{"rendered":"<p>Hi\u00e7bir \u015fey g\u00f6r\u00fcnd\u00fc\u011f\u00fc gibi de\u011fildir. Bazen bir kitap t\u00fcm ya\u015fant\u0131m\u0131z\u0131 de\u011fi\u015ftirebilir.D\u00fcnya \u00e7ocuk ve gen\u00e7lik edebiyat\u0131n\u0131n \u00e7ok \u00f6d\u00fcll\u00fc yazarlar\u0131ndan Christine N\u00f6stlinger\u2019in yazarl\u0131k kariyerini ba\u015flatan kitap, y\u0131llar sonra T\u00fcrk\u00e7e\u2019de! K\u00e2\u011f\u0131t U\u00e7akla Gizli Gizli Macera\u2019yla gen\u00e7 okurlar\u0131 b\u00fcy\u00fcleyen N\u00f6stlinger, masals\u0131 \u00f6yk\u00fcs\u00fcyle bu kez k\u00fc\u00e7\u00fcklerin kar\u015f\u0131s\u0131nda. Bu kitab\u0131nda, k\u0131z\u0131l sa\u00e7lar\u0131 y\u00fcz\u00fcnden farkl\u0131 g\u00f6r\u00fcnen bir \u00e7ocu\u011fun alay konusu olarak d\u0131\u015flanmas\u0131n\u0131 ve akranlar\u0131yla ili\u015fkilerinde kar\u015f\u0131la\u015ft\u0131\u011f\u0131 zorluklar\u0131 anlatan yazar, onun ya\u015fam\u0131n\u0131n bir kitap sayesinde nas\u0131l umulmad\u0131k bir bi\u00e7imde de\u011fi\u015fti\u011fini anlat\u0131yor. Yazar Suzan Gerid\u00f6nmez\u2019in T\u00fcrk\u00e7e\u2019ye kazand\u0131rd\u0131\u011f\u0131, sanat\u00e7\u0131 Huban Korman\u2019\u0131n \u00f6zg\u00fcn desenleriyle yeniden renklenen kitap, topluma, kurumlara ve y\u00f6netimlere ele\u015ftirel bir g\u00f6zle yakla\u015f\u0131yor; aile i\u00e7i dayan\u0131\u015fmay\u0131 ve nesiller aras\u0131 ileti\u015fimi y\u00fcceltiyor.\u201c\u00c7ocuklar k\u0131rm\u0131z\u0131 \u015feker, k\u0131rm\u0131z\u0131 top isterler de, neden k\u0131rm\u0131z\u0131 sa\u00e7 istemezler?\u201d diye sorar postac\u0131. Bunu k\u00fc\u00e7\u00fck Frida da bilmez. Tek bildi\u011fi, s\u0131rad\u0131\u015f\u0131 k\u0131rm\u0131z\u0131 sa\u00e7lar\u0131 y\u00fcz\u00fcnden okulda hep alay konusu oldu\u011fudur. \u201cAlev alev Frida geliyor! Yang\u0131n var, yang\u0131n var!\u201d diye ba\u011f\u0131r\u0131r \u00e7ocuklar, hatta onu suya atmaya bile kalk\u0131\u015f\u0131rlar. \u00c7ok \u00fcz\u00fclen Frida\u2019ya postac\u0131 yard\u0131m etmeye \u00e7al\u0131\u015f\u0131r. Frida, teyzesiyle ve Kedi\u2019yle birlikte ya\u015fad\u0131\u011f\u0131 evdeki, tuhaf c\u00fcmlelerini bir t\u00fcrl\u00fc okuyamad\u0131\u011f\u0131 k\u0131rm\u0131z\u0131 kitab\u0131 da \u00e7ok merak etmektedir. Ama ne yaz\u0131k ki, teyzesi bu tuhaf kitab\u0131n dilini epeydir unutmu\u015ftur\u2026\ufffc<\/p>\n","protected":false},"excerpt":{"rendered":"<p>Hi\u00e7bir \u015fey g\u00f6r\u00fcnd\u00fc\u011f\u00fc gibi de\u011fildir. Bazen bir kitap t\u00fcm ya\u015fant\u0131m\u0131z\u0131 de\u011fi\u015ftirebilir.D\u00fcnya \u00e7ocuk ve gen\u00e7lik edebiyat\u0131n\u0131n \u00e7ok \u00f6d\u00fcll\u00fc yazarlar\u0131ndan Christine N\u00f6stlinger\u2019in yazarl\u0131k kariyerini ba\u015flatan kitap, y\u0131llar sonra<span class=\"excerpt-hellip\"> [\u2026]<\/span><\/p>\n","protected":false},"featured_media":0,"template":"","meta":{"_monsterinsights_skip_tracking":false,"_monsterinsights_sitenote_active":false,"_monsterinsights_sitenote_note":"","_monsterinsights_sitenote_category":0},"product_brand":[],"product_cat":[12274,12284],"product_tag":[],"class_list":{"0":"post-688959","1":"product","2":"type-product","3":"status-publish","5":"product_cat-cocuk-ve-genclik-kitaplari","6":"product_cat-hikayeler","7":"pa_cilt-ciltsiz","8":"pa_tur-kitap","9":"pa_yayinevi-gunisigi-kitapligi","10":"pa_yazar-christine-nostlinger","12":"first","13":"instock","14":"sale","15":"shipping-taxable","16":"purchasable","17":"product-type-simple"},"_links":{"self":[{"href":"https:\/\/roveyayinevi.com.tr\/index.php\/wp-json\/wp\/v2\/product\/688959","targetHints":{"allow":["GET"]}}],"collection":[{"href":"https:\/\/roveyayinevi.com.tr\/index.php\/wp-json\/wp\/v2\/product"}],"about":[{"href":"https:\/\/roveyayinevi.com.tr\/index.php\/wp-json\/wp\/v2\/types\/product"}],"wp:attachment":[{"href":"https:\/\/roveyayinevi.com.tr\/index.php\/wp-json\/wp\/v2\/media?parent=688959"}],"wp:term":[{"taxonomy":"product_brand","embeddable":true,"href":"https:\/\/roveyayinevi.com.tr\/index.php\/wp-json\/wp\/v2\/product_brand?post=688959"},{"taxonomy":"product_cat","embeddable":true,"href":"https:\/\/roveyayinevi.com.tr\/index.php\/wp-json\/wp\/v2\/product_cat?post=688959"},{"taxonomy":"product_tag","embeddable":true,"href":"https:\/\/roveyayinevi.com.tr\/index.php\/wp-json\/wp\/v2\/product_tag?post=688959"}],"curies":[{"name":"wp","href":"https:\/\/api.w.org\/{rel}","templated":true}]}}