{"id":688958,"date":"2025-08-27T13:08:47","date_gmt":"2025-08-27T10:08:47","guid":{"rendered":"https:\/\/roveyayinevi.com.tr\/index.php\/urun\/alaaddinin-geveze-su-borulari\/"},"modified":"2026-04-16T01:58:42","modified_gmt":"2026-04-15T22:58:42","slug":"alaaddinin-geveze-su-borulari","status":"publish","type":"product","link":"https:\/\/roveyayinevi.com.tr\/index.php\/urun\/alaaddinin-geveze-su-borulari\/","title":{"rendered":"Alaaddin\u2019in Geveze Su Borular\u0131"},"content":{"rendered":"<p>Hi\u00e7 konu\u015fmayan, ama herkesi dinleyen Alaaddin Bey\u2019in en iyi arkada\u015f\u0131, ufac\u0131k bir nokta hakk\u0131nda bile saatlerce konu\u015fabilen Memo\u2019dur. Mahalleli, her sabah, do\u011fuya bakan bir bankta oturup g\u00fcne\u015fin do\u011fu\u015funu izleyen, her ak\u015fam da, bat\u0131ya bakan bir bankta g\u00fcne\u015fin bat\u0131\u015f\u0131n\u0131 izleyen merak etmektedir. Onun bo\u015f gezen, tembel biri oldu\u011funu d\u00fc\u015f\u00fcnmektedirler. \u00c7ocuklara g\u00f6re, o bir casus, hatta bir uzayl\u0131d\u0131r. G\u00fcn\u00fcn birinde mahallede sular kesilince, herkes Alaaddin Bey\u2019in kim oldu\u011funu ve ne i\u015f yapt\u0131\u011f\u0131n\u0131 \u00f6\u011frenir\u2026\ufffcTan\u0131t\u0131m Metni<\/p>\n","protected":false},"excerpt":{"rendered":"<p>Hi\u00e7 konu\u015fmayan, ama herkesi dinleyen Alaaddin Bey\u2019in en iyi arkada\u015f\u0131, ufac\u0131k bir nokta hakk\u0131nda bile saatlerce konu\u015fabilen Memo\u2019dur. Mahalleli, her sabah, do\u011fuya bakan bir bankta oturup<span class=\"excerpt-hellip\"> [\u2026]<\/span><\/p>\n","protected":false},"featured_media":0,"template":"","meta":{"_monsterinsights_skip_tracking":false,"_monsterinsights_sitenote_active":false,"_monsterinsights_sitenote_note":"","_monsterinsights_sitenote_category":0},"product_brand":[],"product_cat":[12274,12284],"product_tag":[],"class_list":{"0":"post-688958","1":"product","2":"type-product","3":"status-publish","5":"product_cat-cocuk-ve-genclik-kitaplari","6":"product_cat-hikayeler","7":"pa_cilt-ciltsiz","8":"pa_tur-kitap","9":"pa_yayinevi-gunisigi-kitapligi","10":"pa_yazar-behic-ak","12":"first","13":"instock","14":"sale","15":"shipping-taxable","16":"purchasable","17":"product-type-simple"},"_links":{"self":[{"href":"https:\/\/roveyayinevi.com.tr\/index.php\/wp-json\/wp\/v2\/product\/688958","targetHints":{"allow":["GET"]}}],"collection":[{"href":"https:\/\/roveyayinevi.com.tr\/index.php\/wp-json\/wp\/v2\/product"}],"about":[{"href":"https:\/\/roveyayinevi.com.tr\/index.php\/wp-json\/wp\/v2\/types\/product"}],"wp:attachment":[{"href":"https:\/\/roveyayinevi.com.tr\/index.php\/wp-json\/wp\/v2\/media?parent=688958"}],"wp:term":[{"taxonomy":"product_brand","embeddable":true,"href":"https:\/\/roveyayinevi.com.tr\/index.php\/wp-json\/wp\/v2\/product_brand?post=688958"},{"taxonomy":"product_cat","embeddable":true,"href":"https:\/\/roveyayinevi.com.tr\/index.php\/wp-json\/wp\/v2\/product_cat?post=688958"},{"taxonomy":"product_tag","embeddable":true,"href":"https:\/\/roveyayinevi.com.tr\/index.php\/wp-json\/wp\/v2\/product_tag?post=688958"}],"curies":[{"name":"wp","href":"https:\/\/api.w.org\/{rel}","templated":true}]}}