{"id":688957,"date":"2025-08-27T13:08:47","date_gmt":"2025-08-27T10:08:47","guid":{"rendered":"https:\/\/roveyayinevi.com.tr\/index.php\/urun\/35-kilo-tembel-teneke\/"},"modified":"2026-04-16T01:58:42","modified_gmt":"2026-04-15T22:58:42","slug":"35-kilo-tembel-teneke","status":"publish","type":"product","link":"https:\/\/roveyayinevi.com.tr\/index.php\/urun\/35-kilo-tembel-teneke\/","title":{"rendered":"35 Kilo Tembel Teneke"},"content":{"rendered":"<p>\u201cOkul hayat\u0131m\u0131 mahvediyor!\u201d diye d\u00fc\u015f\u00fcnen Gr\u00e9goire 13 ya\u015f\u0131nda ve h\u00e2l\u00e2 alt\u0131nc\u0131 s\u0131n\u0131f \u00f6\u011frencisidir. Beden e\u011fitimi dersinde bile berbatt\u0131r. Ama el i\u015flerinde, hele marangozlukta \u00e7ok beceriklidir ve ilgin\u00e7 icatlar yapmaktad\u0131r. Sevgili dedesinin k\u00fc\u00e7\u00fck at\u00f6lyesinde zaman ge\u00e7irmek, mobilya yaparken ona yard\u0131m etmek en sevdi\u011fi \u015feydir. Ama Gr\u00e9gorie, sevdi\u011fi \u015feylerle u\u011fra\u015fabilmek i\u00e7in de, belirli bir d\u00fczeye dek e\u011fitimini s\u00fcrd\u00fcrmek zorundad\u0131r. \u201cTembel Teneke\u201d Gr\u00e9goire sonunda bu duruma ilgin\u00e7 bir \u00e7\u00f6z\u00fcm bulur. O, herkesin gitti\u011fi t\u00fcrden de\u011fil, daha farkl\u0131 bir okula gitmelidir. Art\u0131k ne okul ondan, ne de o, okuldan nefret edecektir\u2026 \ufffcTan\u0131t\u0131m Metni<\/p>\n","protected":false},"excerpt":{"rendered":"<p>\u201cOkul hayat\u0131m\u0131 mahvediyor!\u201d diye d\u00fc\u015f\u00fcnen Gr\u00e9goire 13 ya\u015f\u0131nda ve h\u00e2l\u00e2 alt\u0131nc\u0131 s\u0131n\u0131f \u00f6\u011frencisidir. Beden e\u011fitimi dersinde bile berbatt\u0131r. Ama el i\u015flerinde, hele marangozlukta \u00e7ok beceriklidir ve<span class=\"excerpt-hellip\"> [\u2026]<\/span><\/p>\n","protected":false},"featured_media":0,"template":"","meta":{"_monsterinsights_skip_tracking":false,"_monsterinsights_sitenote_active":false,"_monsterinsights_sitenote_note":"","_monsterinsights_sitenote_category":0},"product_brand":[],"product_cat":[12274,12284],"product_tag":[],"class_list":{"0":"post-688957","1":"product","2":"type-product","3":"status-publish","5":"product_cat-cocuk-ve-genclik-kitaplari","6":"product_cat-hikayeler","7":"pa_cilt-ciltsiz","8":"pa_tur-kitap","9":"pa_yayinevi-gunisigi-kitapligi","10":"pa_yazar-anna-gavalda","12":"first","13":"instock","14":"sale","15":"shipping-taxable","16":"purchasable","17":"product-type-simple"},"_links":{"self":[{"href":"https:\/\/roveyayinevi.com.tr\/index.php\/wp-json\/wp\/v2\/product\/688957","targetHints":{"allow":["GET"]}}],"collection":[{"href":"https:\/\/roveyayinevi.com.tr\/index.php\/wp-json\/wp\/v2\/product"}],"about":[{"href":"https:\/\/roveyayinevi.com.tr\/index.php\/wp-json\/wp\/v2\/types\/product"}],"wp:attachment":[{"href":"https:\/\/roveyayinevi.com.tr\/index.php\/wp-json\/wp\/v2\/media?parent=688957"}],"wp:term":[{"taxonomy":"product_brand","embeddable":true,"href":"https:\/\/roveyayinevi.com.tr\/index.php\/wp-json\/wp\/v2\/product_brand?post=688957"},{"taxonomy":"product_cat","embeddable":true,"href":"https:\/\/roveyayinevi.com.tr\/index.php\/wp-json\/wp\/v2\/product_cat?post=688957"},{"taxonomy":"product_tag","embeddable":true,"href":"https:\/\/roveyayinevi.com.tr\/index.php\/wp-json\/wp\/v2\/product_tag?post=688957"}],"curies":[{"name":"wp","href":"https:\/\/api.w.org\/{rel}","templated":true}]}}