{"id":688955,"date":"2025-08-27T13:08:46","date_gmt":"2025-08-27T10:08:46","guid":{"rendered":"https:\/\/roveyayinevi.com.tr\/index.php\/urun\/bunun-adi-findel\/"},"modified":"2026-04-08T01:58:17","modified_gmt":"2026-04-07T22:58:17","slug":"bunun-adi-findel","status":"publish","type":"product","link":"https:\/\/roveyayinevi.com.tr\/index.php\/urun\/bunun-adi-findel\/","title":{"rendered":"Bunun Ad\u0131 Findel"},"content":{"rendered":"<p>Okul \u00f6yk\u00fclerinin usta yazar\u0131ndan, dilin ya\u015fayan ve geli\u015fen \u00f6zelli\u011fi \u00fczerine h\u0131nz\u0131r bir hik\u00e2ye.Be\u015finci s\u0131n\u0131f\u0131n en acar \u00e7ocuklar\u0131ndan Nick, olmad\u0131k sorularla ders kaynatmada ustad\u0131r. Ancak, \u00e7etin ceviz dilbilgisi \u00f6\u011fretmeni onun oyununa gelmez ve s\u00f6zc\u00fcklerin nereden kaynakland\u0131\u011f\u0131 \u00fczerine bir rapor haz\u0131rlamas\u0131n\u0131 ister. \u00d6\u011frendiklerinden \u00e7ok etkilenen Nick bunlar\u0131 s\u0131namak i\u00e7in parlak bir fikir bulur: Kalem yerine findel demeye ba\u015flar. Hi\u00e7bir anlam\u0131 olmayan s\u00f6zc\u00fck \u00f6nce okulda, sonra kasabada h\u0131zla yay\u0131l\u0131r, televizyonlara konu olur. Nick\u2019in masum oyunu hi\u00e7 ummad\u0131\u011f\u0131 sonu\u00e7lara yol a\u00e7acakt\u0131r\u2026 <\/p>\n","protected":false},"excerpt":{"rendered":"<p>Okul \u00f6yk\u00fclerinin usta yazar\u0131ndan, dilin ya\u015fayan ve geli\u015fen \u00f6zelli\u011fi \u00fczerine h\u0131nz\u0131r bir hik\u00e2ye.Be\u015finci s\u0131n\u0131f\u0131n en acar \u00e7ocuklar\u0131ndan Nick, olmad\u0131k sorularla ders kaynatmada ustad\u0131r. Ancak, \u00e7etin ceviz<span class=\"excerpt-hellip\"> [\u2026]<\/span><\/p>\n","protected":false},"featured_media":0,"template":"","meta":{"_monsterinsights_skip_tracking":false,"_monsterinsights_sitenote_active":false,"_monsterinsights_sitenote_note":"","_monsterinsights_sitenote_category":0},"product_brand":[],"product_cat":[12274,12284],"product_tag":[],"class_list":{"0":"post-688955","1":"product","2":"type-product","3":"status-publish","5":"product_cat-cocuk-ve-genclik-kitaplari","6":"product_cat-hikayeler","7":"pa_cilt-ciltsiz","8":"pa_tur-kitap","9":"pa_yayinevi-gunisigi-kitapligi","10":"pa_yazar-andrew-clements","12":"first","13":"instock","14":"sale","15":"shipping-taxable","16":"purchasable","17":"product-type-simple"},"_links":{"self":[{"href":"https:\/\/roveyayinevi.com.tr\/index.php\/wp-json\/wp\/v2\/product\/688955","targetHints":{"allow":["GET"]}}],"collection":[{"href":"https:\/\/roveyayinevi.com.tr\/index.php\/wp-json\/wp\/v2\/product"}],"about":[{"href":"https:\/\/roveyayinevi.com.tr\/index.php\/wp-json\/wp\/v2\/types\/product"}],"wp:attachment":[{"href":"https:\/\/roveyayinevi.com.tr\/index.php\/wp-json\/wp\/v2\/media?parent=688955"}],"wp:term":[{"taxonomy":"product_brand","embeddable":true,"href":"https:\/\/roveyayinevi.com.tr\/index.php\/wp-json\/wp\/v2\/product_brand?post=688955"},{"taxonomy":"product_cat","embeddable":true,"href":"https:\/\/roveyayinevi.com.tr\/index.php\/wp-json\/wp\/v2\/product_cat?post=688955"},{"taxonomy":"product_tag","embeddable":true,"href":"https:\/\/roveyayinevi.com.tr\/index.php\/wp-json\/wp\/v2\/product_tag?post=688955"}],"curies":[{"name":"wp","href":"https:\/\/api.w.org\/{rel}","templated":true}]}}