{"id":688954,"date":"2025-08-27T13:08:46","date_gmt":"2025-08-27T10:08:46","guid":{"rendered":"https:\/\/roveyayinevi.com.tr\/index.php\/urun\/berber-pire-tellal-deve\/"},"modified":"2026-04-16T01:58:42","modified_gmt":"2026-04-15T22:58:42","slug":"berber-pire-tellal-deve","status":"publish","type":"product","link":"https:\/\/roveyayinevi.com.tr\/index.php\/urun\/berber-pire-tellal-deve\/","title":{"rendered":"Berber Pire Tellal Deve"},"content":{"rendered":"<p>Kitapta yer alan 10 \u00f6yk\u00fc \u015fiir: Evvel Zaman \u0130\u00e7inde; Kalbur Saman \u0130\u00e7inde; Bizim Deve Tellal Deve; Bizim Pire Berber Pire; Anam D\u00fc\u015ft\u00fc Be\u015fikten; Az Gittim Uz Gittim; Kafda\u011f\u0131; Masal Masal Maliki; Onlar Ermi\u015f Murad\u0131na, Biz \u00c7\u0131kal\u0131m Kerevetine; G\u00f6kten D\u00fc\u015fm\u00fc\u015f \u00dc\u00e7 Elma. <\/p>\n","protected":false},"excerpt":{"rendered":"<p>Kitapta yer alan 10 \u00f6yk\u00fc \u015fiir: Evvel Zaman \u0130\u00e7inde; Kalbur Saman \u0130\u00e7inde; Bizim Deve Tellal Deve; Bizim Pire Berber Pire; Anam D\u00fc\u015ft\u00fc Be\u015fikten; Az Gittim Uz<span class=\"excerpt-hellip\"> [\u2026]<\/span><\/p>\n","protected":false},"featured_media":0,"template":"","meta":{"_monsterinsights_skip_tracking":false,"_monsterinsights_sitenote_active":false,"_monsterinsights_sitenote_note":"","_monsterinsights_sitenote_category":0},"product_brand":[],"product_cat":[12274,12523],"product_tag":[],"class_list":{"0":"post-688954","1":"product","2":"type-product","3":"status-publish","5":"product_cat-cocuk-ve-genclik-kitaplari","6":"product_cat-masallar","7":"pa_cilt-ciltsiz","8":"pa_tur-kitap","9":"pa_yayinevi-gunisigi-kitapligi","10":"pa_yazar-gulsevin-kiral","12":"first","13":"instock","14":"sale","15":"shipping-taxable","16":"purchasable","17":"product-type-simple"},"_links":{"self":[{"href":"https:\/\/roveyayinevi.com.tr\/index.php\/wp-json\/wp\/v2\/product\/688954","targetHints":{"allow":["GET"]}}],"collection":[{"href":"https:\/\/roveyayinevi.com.tr\/index.php\/wp-json\/wp\/v2\/product"}],"about":[{"href":"https:\/\/roveyayinevi.com.tr\/index.php\/wp-json\/wp\/v2\/types\/product"}],"wp:attachment":[{"href":"https:\/\/roveyayinevi.com.tr\/index.php\/wp-json\/wp\/v2\/media?parent=688954"}],"wp:term":[{"taxonomy":"product_brand","embeddable":true,"href":"https:\/\/roveyayinevi.com.tr\/index.php\/wp-json\/wp\/v2\/product_brand?post=688954"},{"taxonomy":"product_cat","embeddable":true,"href":"https:\/\/roveyayinevi.com.tr\/index.php\/wp-json\/wp\/v2\/product_cat?post=688954"},{"taxonomy":"product_tag","embeddable":true,"href":"https:\/\/roveyayinevi.com.tr\/index.php\/wp-json\/wp\/v2\/product_tag?post=688954"}],"curies":[{"name":"wp","href":"https:\/\/api.w.org\/{rel}","templated":true}]}}