{"id":688952,"date":"2025-08-27T13:08:46","date_gmt":"2025-08-27T10:08:46","guid":{"rendered":"https:\/\/roveyayinevi.com.tr\/index.php\/urun\/ayi-boyamak\/"},"modified":"2026-04-16T01:58:42","modified_gmt":"2026-04-15T22:58:42","slug":"ayi-boyamak","status":"publish","type":"product","link":"https:\/\/roveyayinevi.com.tr\/index.php\/urun\/ayi-boyamak\/","title":{"rendered":"Ay\u2019\u0131 Boyamak"},"content":{"rendered":"<p>Gen\u00e7ler T\u00fcrk\u00e7e\u2019nin b\u00fcy\u00fck ustalar\u0131yla bulu\u015fuyor!\u00d6yk\u00fc alan\u0131ndaki \u00e7al\u0131\u015fmalar\u0131yla tan\u0131nan ele\u015ftirmen, yazar Semih G\u00fcm\u00fc\u015f\u2019\u00fcn, gen\u00e7lerimizi edebiyat\u0131n ve ya\u015fam\u0131n farkl\u0131 y\u00fczleriyle tan\u0131\u015ft\u0131ran Gen\u00e7lere \u00c7a\u011fda\u015f T\u00fcrk Edebiyat\u0131ndan \u00d6yk\u00fcler se\u00e7kisinin ikinci cildinde, T\u00fcrk \u00f6yk\u00fcc\u00fcl\u00fc\u011f\u00fcn\u00fcn bug\u00fcn\u00fcn\u00fc haz\u0131rlayan, T\u00fcrkiye\u2019nin farkl\u0131 d\u00f6nemlerine tan\u0131kl\u0131k etmi\u015f 20 ustan\u0131n 20 \u00f6yk\u00fcs\u00fc bulunuyor. Se\u00e7kinin birinci cildi Dikkat! K\u0131r\u0131lacak E\u015fya\u2019daysa, \u00f6yk\u00fcc\u00fcl\u00fc\u011f\u00fcm\u00fcz\u00fcn son d\u00f6nemini yans\u0131tan 20 yazar\u0131n 20 \u00f6yk\u00fcs\u00fc yer al\u0131yor. Se\u00e7kide yer alan \u00f6yk\u00fcler, i\u00e7erik, h\u0131z ve gen\u00e7lerle bulu\u015fma niteli\u011fi a\u00e7\u0131lar\u0131ndan \u00f6zel bir s\u0131ralamayla pe\u015f pe\u015fe dizildi. Ergen okurun bir \u00e7\u0131rp\u0131da okuyaca\u011f\u0131 \u00f6yk\u00fclerle ba\u015flay\u0131p, i\u00e7selle\u015ftirebilece\u011fi daha karma\u015f\u0131k \u00f6yk\u00fclerle s\u00fcren se\u00e7kinin kitaplar\u0131n\u0131 yeti\u015fkinler de severek okuyor.Edebiyat\u0131m\u0131z\u0131n bug\u00fcn\u00fcn\u00fc haz\u0131rlayan 20 ustan\u0131n 20 \u00f6yk\u00fcs\u00fc:AYHAN BOZFIRAT \u201cEvini Kaybeden Adam\u201dERDAL \u00d6Z \u201cBabam Resim Yapt\u0131\u201dFER\u0130T EDG\u00dc \u201cYusuf\u2019un Utkusu\u201dF\u00dcRUZAN \u201cTa\u015fral\u0131\u201dHAL\u0130KARNAS BALIK\u00c7ISI \u201cHortlayan Bak\u0131\u015f\u201dMEMDUH \u015eEVKET ESENDAL \u201cBir Haydut Ku\u015f\u201dNECAT\u0130 CUMALI \u201cDay\u0131m\u201dNEZ\u0130HE MER\u0130\u00c7 \u201c\u00c7isenti 1\u2033N\u0130HAT Z\u0130YALAN \u201cK\u0131sa Pantalonlu Sevda\u201dORHAN DURU \u201cYe\u015fil Lahanalar\u201dORHAN KEMAL \u201c\u0130ki Bu\u00e7uk\u201d\u00d6MER SEYFETT\u0130N \u201cCesaret\u201dSABAHATT\u0130N AL\u0130 \u201cBahtiyar K\u00f6pek\u201dSA\u0130T FA\u0130K \u201cSon Ku\u015flar\u201dSEVG\u0130 SOYSAL \u201cAy\u2019\u0131 Boyamak\u201dSEV\u0130M BURAK \u201cKurtla Avc\u0131\u201dTARIK DURSUN K. \u201cM. \u00c2kil Bey\u2019in G\u00f6ky\u00fcz\u00fc Ser\u00fcveni\u201dV\u00dcSAT O. BENER \u201cBisiklet\u201dYA\u015eAR KEMAL \u201cYatak\u201dYUSUF ATILGAN \u201cK\u00fcmesin \u00d6tesi\u201d<\/p>\n","protected":false},"excerpt":{"rendered":"<p>Gen\u00e7ler T\u00fcrk\u00e7e\u2019nin b\u00fcy\u00fck ustalar\u0131yla bulu\u015fuyor!\u00d6yk\u00fc alan\u0131ndaki \u00e7al\u0131\u015fmalar\u0131yla tan\u0131nan ele\u015ftirmen, yazar Semih G\u00fcm\u00fc\u015f\u2019\u00fcn, gen\u00e7lerimizi edebiyat\u0131n ve ya\u015fam\u0131n farkl\u0131 y\u00fczleriyle tan\u0131\u015ft\u0131ran Gen\u00e7lere \u00c7a\u011fda\u015f T\u00fcrk Edebiyat\u0131ndan \u00d6yk\u00fcler se\u00e7kisinin ikinci<span class=\"excerpt-hellip\"> [\u2026]<\/span><\/p>\n","protected":false},"featured_media":0,"template":"","meta":{"_monsterinsights_skip_tracking":false,"_monsterinsights_sitenote_active":false,"_monsterinsights_sitenote_note":"","_monsterinsights_sitenote_category":0},"product_brand":[],"product_cat":[12291,12292],"product_tag":[],"class_list":{"0":"post-688952","1":"product","2":"type-product","3":"status-publish","5":"product_cat-edebiyat","6":"product_cat-turk-edebiyati","7":"pa_cilt-ciltsiz","8":"pa_tur-kitap","9":"pa_yayinevi-gunisigi-kitapligi","10":"pa_yazar-semih-gumus","12":"first","13":"instock","14":"sale","15":"shipping-taxable","16":"purchasable","17":"product-type-simple"},"_links":{"self":[{"href":"https:\/\/roveyayinevi.com.tr\/index.php\/wp-json\/wp\/v2\/product\/688952","targetHints":{"allow":["GET"]}}],"collection":[{"href":"https:\/\/roveyayinevi.com.tr\/index.php\/wp-json\/wp\/v2\/product"}],"about":[{"href":"https:\/\/roveyayinevi.com.tr\/index.php\/wp-json\/wp\/v2\/types\/product"}],"wp:attachment":[{"href":"https:\/\/roveyayinevi.com.tr\/index.php\/wp-json\/wp\/v2\/media?parent=688952"}],"wp:term":[{"taxonomy":"product_brand","embeddable":true,"href":"https:\/\/roveyayinevi.com.tr\/index.php\/wp-json\/wp\/v2\/product_brand?post=688952"},{"taxonomy":"product_cat","embeddable":true,"href":"https:\/\/roveyayinevi.com.tr\/index.php\/wp-json\/wp\/v2\/product_cat?post=688952"},{"taxonomy":"product_tag","embeddable":true,"href":"https:\/\/roveyayinevi.com.tr\/index.php\/wp-json\/wp\/v2\/product_tag?post=688952"}],"curies":[{"name":"wp","href":"https:\/\/api.w.org\/{rel}","templated":true}]}}