{"id":688951,"date":"2025-08-27T13:08:46","date_gmt":"2025-08-27T10:08:46","guid":{"rendered":"https:\/\/roveyayinevi.com.tr\/index.php\/urun\/asli-pazari-bekliyor\/"},"modified":"2026-04-16T01:58:42","modified_gmt":"2026-04-15T22:58:42","slug":"asli-pazari-bekliyor","status":"publish","type":"product","link":"https:\/\/roveyayinevi.com.tr\/index.php\/urun\/asli-pazari-bekliyor\/","title":{"rendered":"Asl\u0131 Pazar\u0131 Bekliyor"},"content":{"rendered":"<p>Zaman kavram\u0131n\u0131 anlatman\u0131n en sevimli yolu!K\u00fc\u00e7\u00fcklere temel kavramlar\u0131 ilgin\u00e7 \u00f6yk\u00fclerle anlatan kitaplar\u0131yla tan\u0131nan, okul\u00f6ncesi e\u011fitimi uzman\u0131 Prof. Dr. G\u00fcl\u00e7in Alp\u00f6ge, bu kitab\u0131nda zaman kavram\u0131n\u0131 i\u015fliyor. Kitap, k\u00fc\u00e7\u00fcklerin zaman gibi soyut bir olguyu kolayl\u0131kla kavramalar\u0131na y\u00f6nelik sevimli kurgusu, e\u011flenceli \u201ctik tak\u201d tekrarlar\u0131 ve Huban Korman\u2019\u0131n \u00e7ok renkli desenleriyle bir okul\u00f6ncesi klasi\u011fi.G\u00fcne\u015fli havay\u0131 g\u00f6r\u00fcnce her zamanki gibi Asl\u0131\u2019n\u0131n can\u0131 denize gitmek istedi. Annesine ne zaman denize girebilece\u011fini sordu. Annesi ona denize girmek i\u00e7in pazar g\u00fcn\u00fcn\u00fc beklemesi gerekti\u011fini, pazara da epeyce zaman oldu\u011funu s\u00f6yledi. Asl\u0131 zaman\u0131n ne oldu\u011funu bilmiyordu; merakla sordu annesine: Peki, zaman nedir? Annesi ona farkl\u0131 \u00f6rnekler vererek zaman\u0131, saatleri, g\u00fcnleri, aylar\u0131, hatta mevsimleri anlatt\u0131\u2026<\/p>\n","protected":false},"excerpt":{"rendered":"<p>Zaman kavram\u0131n\u0131 anlatman\u0131n en sevimli yolu!K\u00fc\u00e7\u00fcklere temel kavramlar\u0131 ilgin\u00e7 \u00f6yk\u00fclerle anlatan kitaplar\u0131yla tan\u0131nan, okul\u00f6ncesi e\u011fitimi uzman\u0131 Prof. Dr. G\u00fcl\u00e7in Alp\u00f6ge, bu kitab\u0131nda zaman kavram\u0131n\u0131 i\u015fliyor. Kitap,<span class=\"excerpt-hellip\"> [\u2026]<\/span><\/p>\n","protected":false},"featured_media":0,"template":"","meta":{"_monsterinsights_skip_tracking":false,"_monsterinsights_sitenote_active":false,"_monsterinsights_sitenote_note":"","_monsterinsights_sitenote_category":0},"product_brand":[],"product_cat":[12274,12631],"product_tag":[],"class_list":{"0":"post-688951","1":"product","2":"type-product","3":"status-publish","5":"product_cat-cocuk-ve-genclik-kitaplari","6":"product_cat-diger-cocuk-ve-genclik-kitaplari","7":"pa_cilt-ciltsiz","8":"pa_tur-kitap","9":"pa_yayinevi-gunisigi-kitapligi","10":"pa_yazar-gulcin-alpoge","12":"first","13":"instock","14":"sale","15":"shipping-taxable","16":"purchasable","17":"product-type-simple"},"_links":{"self":[{"href":"https:\/\/roveyayinevi.com.tr\/index.php\/wp-json\/wp\/v2\/product\/688951","targetHints":{"allow":["GET"]}}],"collection":[{"href":"https:\/\/roveyayinevi.com.tr\/index.php\/wp-json\/wp\/v2\/product"}],"about":[{"href":"https:\/\/roveyayinevi.com.tr\/index.php\/wp-json\/wp\/v2\/types\/product"}],"wp:attachment":[{"href":"https:\/\/roveyayinevi.com.tr\/index.php\/wp-json\/wp\/v2\/media?parent=688951"}],"wp:term":[{"taxonomy":"product_brand","embeddable":true,"href":"https:\/\/roveyayinevi.com.tr\/index.php\/wp-json\/wp\/v2\/product_brand?post=688951"},{"taxonomy":"product_cat","embeddable":true,"href":"https:\/\/roveyayinevi.com.tr\/index.php\/wp-json\/wp\/v2\/product_cat?post=688951"},{"taxonomy":"product_tag","embeddable":true,"href":"https:\/\/roveyayinevi.com.tr\/index.php\/wp-json\/wp\/v2\/product_tag?post=688951"}],"curies":[{"name":"wp","href":"https:\/\/api.w.org\/{rel}","templated":true}]}}