{"id":688944,"date":"2025-08-27T13:08:45","date_gmt":"2025-08-27T10:08:45","guid":{"rendered":"https:\/\/roveyayinevi.com.tr\/index.php\/urun\/kirmizi-yoyo\/"},"modified":"2026-04-16T01:58:42","modified_gmt":"2026-04-15T22:58:42","slug":"kirmizi-yoyo","status":"publish","type":"product","link":"https:\/\/roveyayinevi.com.tr\/index.php\/urun\/kirmizi-yoyo\/","title":{"rendered":"K\u0131rm\u0131z\u0131 Yoyo"},"content":{"rendered":"<p>\u00c7ocukluk an\u0131lar\u0131yla \u00f6r\u00fclm\u00fc\u015f \u00f6yk\u00fcler,ge\u00e7mi\u015fi g\u00fcn\u00fcm\u00fcze ta\u015f\u0131yor!Usta yazar Oktay Akbal\u2019\u0131n, duyarl\u0131 ve samimi anlat\u0131m\u0131n\u0131, \u015fiirsel dilini sergileyen \u00f6yk\u00fc se\u00e7kisinde, edebiyat ve ya\u015fam i\u00e7 i\u00e7e. Farkl\u0131 okuma denemeleri sunarak gen\u00e7leri edebiyatla bulu\u015fturmay\u0131 ama\u00e7layan, edit\u00f6rl\u00fc\u011f\u00fcn\u00fc Semih G\u00fcm\u00fc\u015f\u2019\u00fcn \u00fcstlendi\u011fi ve M\u00fcren Beykan\u2019\u0131n yay\u0131na haz\u0131rlad\u0131\u011f\u0131 K\u00f6pr\u00fc Kitaplar koleksiyonunun 12. kitab\u0131 olan se\u00e7kideki umut, endi\u015fe, \u00f6zlem, ilkgen\u00e7lik heyecanlar\u0131 ve a\u015fkla, sevgiyle \u00f6r\u00fcl\u00fc \u00f6yk\u00fcler, duru diliyle her ya\u015ftan okur i\u00e7in. 2010 Memet Fuat Yay\u0131nc\u0131l\u0131k \u00d6d\u00fcl\u00fc\u2019yle ta\u00e7lanan koleksiyonun her bir  kitab\u0131 ise birbirinden doyurucu edebiyat okumalar\u0131 vaat ediyor.Kitapta yer alan 16 \u00f6yk\u00fc: Bir Araba Karpuz, O Haziran G\u00fcn\u00fc, Lunapark, Turgut\u2019u \u00d6rnek Alsak, Son Ta\u015f Kavgas\u0131, K\u0131rm\u0131z\u0131 Yoyo, Yabanc\u0131 Okulda, 1935\u2019te Bir Ak\u015fam, Bizans Definesi, Da\u011f\u0131n\u0131k An\u0131lar, \u0130lkgen\u00e7lik Sevdalar\u0131, Hayri Bey\u2019li \u00dcsk\u00fcdar, Kara \u00d6nl\u00fckler, Tarzan \u00d6ld\u00fc, Lokomotifler, Bir Sabaht\u0131.\u201cOktay Akbal, bizim edebiyat\u0131m\u0131zda \u00f6yk\u00fc deyince akla ilk gelen yazarlardand\u0131r. Yetmi\u015f y\u0131l boyunca gazetesindeki k\u00f6\u015fesinde say\u0131s\u0131z yaz\u0131 yazd\u0131, ama her zaman \u00f6nce \u00f6yk\u00fcc\u00fc olarak kald\u0131\u2026 Gen\u00e7 yazarlar\u0131n ve yazar adaylar\u0131n\u0131n \u00f6ncelikle okumas\u0131 gereken yazarlar aras\u0131nda Oktay Akbal\u2019\u0131 hep anmam\u0131n nedenleri bunlar.\u201d Semih G\u00fcm\u00fc\u015f<\/p>\n","protected":false},"excerpt":{"rendered":"<p>\u00c7ocukluk an\u0131lar\u0131yla \u00f6r\u00fclm\u00fc\u015f \u00f6yk\u00fcler,ge\u00e7mi\u015fi g\u00fcn\u00fcm\u00fcze ta\u015f\u0131yor!Usta yazar Oktay Akbal\u2019\u0131n, duyarl\u0131 ve samimi anlat\u0131m\u0131n\u0131, \u015fiirsel dilini sergileyen \u00f6yk\u00fc se\u00e7kisinde, edebiyat ve ya\u015fam i\u00e7 i\u00e7e. Farkl\u0131 okuma denemeleri<span class=\"excerpt-hellip\"> [\u2026]<\/span><\/p>\n","protected":false},"featured_media":0,"template":"","meta":{"_monsterinsights_skip_tracking":false,"_monsterinsights_sitenote_active":false,"_monsterinsights_sitenote_note":"","_monsterinsights_sitenote_category":0},"product_brand":[],"product_cat":[12291,12711],"product_tag":[],"class_list":{"0":"post-688944","1":"product","2":"type-product","3":"status-publish","5":"product_cat-edebiyat","6":"product_cat-roman-oyku","7":"pa_cilt-ciltsiz","8":"pa_tur-kitap","9":"pa_yayinevi-gunisigi-kitapligi","10":"pa_yazar-oktay-akbal","12":"first","13":"instock","14":"sale","15":"shipping-taxable","16":"purchasable","17":"product-type-simple"},"_links":{"self":[{"href":"https:\/\/roveyayinevi.com.tr\/index.php\/wp-json\/wp\/v2\/product\/688944","targetHints":{"allow":["GET"]}}],"collection":[{"href":"https:\/\/roveyayinevi.com.tr\/index.php\/wp-json\/wp\/v2\/product"}],"about":[{"href":"https:\/\/roveyayinevi.com.tr\/index.php\/wp-json\/wp\/v2\/types\/product"}],"wp:attachment":[{"href":"https:\/\/roveyayinevi.com.tr\/index.php\/wp-json\/wp\/v2\/media?parent=688944"}],"wp:term":[{"taxonomy":"product_brand","embeddable":true,"href":"https:\/\/roveyayinevi.com.tr\/index.php\/wp-json\/wp\/v2\/product_brand?post=688944"},{"taxonomy":"product_cat","embeddable":true,"href":"https:\/\/roveyayinevi.com.tr\/index.php\/wp-json\/wp\/v2\/product_cat?post=688944"},{"taxonomy":"product_tag","embeddable":true,"href":"https:\/\/roveyayinevi.com.tr\/index.php\/wp-json\/wp\/v2\/product_tag?post=688944"}],"curies":[{"name":"wp","href":"https:\/\/api.w.org\/{rel}","templated":true}]}}