{"id":688941,"date":"2025-08-27T13:08:44","date_gmt":"2025-08-27T10:08:44","guid":{"rendered":"https:\/\/roveyayinevi.com.tr\/index.php\/urun\/kaplan-kralice\/"},"modified":"2026-04-16T01:58:42","modified_gmt":"2026-04-15T22:58:42","slug":"kaplan-kralice","status":"publish","type":"product","link":"https:\/\/roveyayinevi.com.tr\/index.php\/urun\/kaplan-kralice\/","title":{"rendered":"Kaplan Krali\u00e7e"},"content":{"rendered":"<p>Zulme ba\u015fkald\u0131ran Karadeniz Amazonlar\u0131\u2019n\u0131n efsanevi \u00f6yk\u00fcs\u00fc!Belgesel yap\u0131mc\u0131s\u0131, yazar \u0130smet Bertan, Anadolu k\u00fclt\u00fcr tarihini canland\u0131rd\u0131\u011f\u0131 \u201cAnadolu\u2019da Bir Zamanlar\u201d koleksiyonuna  Karadeniz Amazonlar\u0131\u2019n\u0131n \u00f6yk\u00fcs\u00fcyle devam ediyor. \u0130lk tarihsel roman\u0131 Golat Kalesi Tutsa\u011f\u0131\u2019nda okurlar\u0131 binlerce y\u0131l \u00f6ncesinin Kapadokya\u2019s\u0131na g\u00f6t\u00fcren Bertan, bu kez insan ya\u015fam\u0131n\u0131n iktidar sava\u015flar\u0131 aras\u0131nda hi\u00e7e say\u0131ld\u0131\u011f\u0131, toplumlar\u0131n ac\u0131mas\u0131z krallar\u0131n bask\u0131c\u0131 y\u00f6netimleri alt\u0131nda ezildi\u011fi bir \u00e7a\u011fda, Karadeniz k\u0131y\u0131lar\u0131nda, yetim kalan bir gen\u00e7 k\u0131z\u0131n epik \u00f6yk\u00fcs\u00fcn\u00fc anlat\u0131yor. Efsanevi kad\u0131n sava\u015f\u00e7\u0131lar olan Amazonlar\u2019\u0131n ortaya \u00e7\u0131k\u0131\u015f\u0131n\u0131, bir kahraman\u0131n ser\u00fcvenlerle dolu yolculu\u011fuyla canland\u0131ran roman, tarihe \u00f6zg\u00fcn yakla\u015f\u0131m\u0131yla dikkati \u00e7ekiyor. Bulgarca\u2019ya \u00e7evrilen; Bertan\u2019\u0131n film g\u00f6rselli\u011finde sahnelerle ve d\u00f6neme ili\u015fkin ayr\u0131nt\u0131l\u0131 betimlemelerle bezeyip y\u00fcksek bir tempoyla kurgulad\u0131\u011f\u0131 roman, her ya\u015ftan okuru, toplumsal ya\u015fam, haklar ve \u00f6zg\u00fcrl\u00fckler, adalet ve ba\u015fkald\u0131r\u0131 \u00fczerine d\u00fc\u015f\u00fcnd\u00fcr\u00fcyor.G\u00fcc\u00fcn\u00fc yitirmi\u015f Hatti Krall\u0131\u011f\u0131 kendine ba\u011fl\u0131 halklar\u0131 art\u0131k koruyamamaktad\u0131r. Kendini kral ilan eden Burkas\u2019\u0131n \u00e7erileri, Kara Dalgal\u0131 Deniz k\u00f6ylerine s\u00fcrekli bask\u0131n yapmakta, \u00e7ocuklar\u0131 ve gen\u00e7 k\u0131zlar\u0131 ka\u00e7\u0131rmaktad\u0131r. Tigira da ayn\u0131 kaderin kurban\u0131 olur. Annesinin \u00f6ld\u00fcr\u00fcld\u00fc\u011f\u00fc o kanl\u0131 gece, Galop kad\u0131n sava\u015f\u00e7\u0131larla tan\u0131\u015fan ve yan\u0131ndan ayr\u0131lmayan kaplan yavrular\u0131yla birlikte onlara kat\u0131lan Tigira, ac\u0131 ve m\u00fccadele dolu uzun y\u0131llar i\u00e7inde Amazon efsanesini yaratacak, Karadeniz k\u0131y\u0131lar\u0131ndan Troia topraklar\u0131na kadar, zalim krallara ve adaletsizliklerine kar\u015f\u0131 ba\u015fkald\u0131racakt\u0131r\u2026<\/p>\n","protected":false},"excerpt":{"rendered":"<p>Zulme ba\u015fkald\u0131ran Karadeniz Amazonlar\u0131\u2019n\u0131n efsanevi \u00f6yk\u00fcs\u00fc!Belgesel yap\u0131mc\u0131s\u0131, yazar \u0130smet Bertan, Anadolu k\u00fclt\u00fcr tarihini canland\u0131rd\u0131\u011f\u0131 \u201cAnadolu\u2019da Bir Zamanlar\u201d koleksiyonuna Karadeniz Amazonlar\u0131\u2019n\u0131n \u00f6yk\u00fcs\u00fcyle devam ediyor. \u0130lk tarihsel roman\u0131<span class=\"excerpt-hellip\"> [\u2026]<\/span><\/p>\n","protected":false},"featured_media":0,"template":"","meta":{"_monsterinsights_skip_tracking":false,"_monsterinsights_sitenote_active":false,"_monsterinsights_sitenote_note":"","_monsterinsights_sitenote_category":0},"product_brand":[],"product_cat":[12291,12711],"product_tag":[],"class_list":{"0":"post-688941","1":"product","2":"type-product","3":"status-publish","5":"product_cat-edebiyat","6":"product_cat-roman-oyku","7":"pa_cilt-ciltsiz","8":"pa_tur-kitap","9":"pa_yayinevi-gunisigi-kitapligi","10":"pa_yazar-ismet-bertan","12":"first","13":"instock","14":"sale","15":"shipping-taxable","16":"purchasable","17":"product-type-simple"},"_links":{"self":[{"href":"https:\/\/roveyayinevi.com.tr\/index.php\/wp-json\/wp\/v2\/product\/688941","targetHints":{"allow":["GET"]}}],"collection":[{"href":"https:\/\/roveyayinevi.com.tr\/index.php\/wp-json\/wp\/v2\/product"}],"about":[{"href":"https:\/\/roveyayinevi.com.tr\/index.php\/wp-json\/wp\/v2\/types\/product"}],"wp:attachment":[{"href":"https:\/\/roveyayinevi.com.tr\/index.php\/wp-json\/wp\/v2\/media?parent=688941"}],"wp:term":[{"taxonomy":"product_brand","embeddable":true,"href":"https:\/\/roveyayinevi.com.tr\/index.php\/wp-json\/wp\/v2\/product_brand?post=688941"},{"taxonomy":"product_cat","embeddable":true,"href":"https:\/\/roveyayinevi.com.tr\/index.php\/wp-json\/wp\/v2\/product_cat?post=688941"},{"taxonomy":"product_tag","embeddable":true,"href":"https:\/\/roveyayinevi.com.tr\/index.php\/wp-json\/wp\/v2\/product_tag?post=688941"}],"curies":[{"name":"wp","href":"https:\/\/api.w.org\/{rel}","templated":true}]}}