{"id":688937,"date":"2025-08-27T13:08:43","date_gmt":"2025-08-27T10:08:43","guid":{"rendered":"https:\/\/roveyayinevi.com.tr\/index.php\/urun\/gizli-formul-hangi-zarfta\/"},"modified":"2026-04-16T01:58:41","modified_gmt":"2026-04-15T22:58:41","slug":"gizli-formul-hangi-zarfta","status":"publish","type":"product","link":"https:\/\/roveyayinevi.com.tr\/index.php\/urun\/gizli-formul-hangi-zarfta\/","title":{"rendered":"Gizli Form\u00fcl Hangi Zarfta!"},"content":{"rendered":"<p>Yakla\u015fmakta olan bir s\u0131nav, akl\u0131evvel iki kafadar ve \u00e7\u0131lg\u0131n bir komplo teorisi!Fen \u00f6\u011fretmeni Form\u00fcl Hasan&#8217;\u0131n s\u0131n\u0131ftan \u00e7\u0131karken d\u00fc\u015f\u00fcrd\u00fc\u011f\u00fc zarf\u0131 Engin bulur. \u00dcst\u00fcnde \u00c7OK \u00d6ZEL yazan zarf\u0131, sosyal \u00f6\u011fretmeni Ayna Mualla tela\u015fla elinden kap\u0131nca, geli\u015fkin bir hayal d\u00fcnyas\u0131 olan Engin ve arkada\u015f\u0131 Emir, \u00fcrk\u00fct\u00fcc\u00fc bir senaryo \u00fcretirler. Sekizinci y\u0131l s\u0131nav\u0131na haz\u0131rlanmak i\u00e7in gitmek zorunda b\u0131rak\u0131ld\u0131klar\u0131 dershanede bir ba\u015fka esrarengiz zarf daha ortaya \u00e7\u0131kar, i\u015f sarpa sarmaya ba\u015flam\u0131\u015ft\u0131r. \u00dcstelik, ku\u015fkuland\u0131klar\u0131 iki \u00f6\u011fretmenleri Form\u00fcl ve Ayna da bu dershaneye girip \u00e7\u0131kmaktad\u0131r. Yoksa, d\u00fcnyay\u0131 tehdit edecek bir silah\u0131n form\u00fcl\u00fc m\u00fc s\u00f6z konusudur?..\u00c7ocuk edebiyat\u0131m\u0131z\u0131n dikkati \u00e7eken \u00f6d\u00fcll\u00fc yazarlar\u0131ndan G\u00fclsevin K\u0131ral, iki s\u0131n\u0131f arkada\u015f\u0131n\u0131n ak\u0131l almaz \u015fa\u015f\u0131rt\u0131c\u0131l\u0131kta ve bir o kadar komik komplo teorisini konu ediyor. Yazar, film tad\u0131nda kaleme ald\u0131\u011f\u0131 roman\u0131nda, okul, dershane ve s\u0131nav temalar\u0131n\u0131 ak\u0131c\u0131 bir kurguyla \u00e7ok boyutlu i\u015fleyerek, \u00e7ocuklara h\u0131zl\u0131 ve keyifli bir okuma ser\u00fcveni sunuyor. Bu kitab\u0131na kaynakl\u0131k eden iki \u00f6yk\u00fcs\u00fcyle \u00c7ocuk ve Gen\u00e7lik Yay\u0131nlar\u0131 Derne\u011fi&#8217;nin (\u00c7GYD) 2006 Sulhi D\u00f6lek \u00d6yk\u00fc \u00d6d\u00fcl\u00fc&#8217;ne de\u011fer g\u00f6r\u00fclen K\u0131ral, Ablam\u0131 Nereye Ka\u00e7\u0131rd\u0131lar roman\u0131yla da Bu Yay\u0131nevi 2005 \u00c7ocuk Edebiyat\u0131 Dedektif Roman\u0131 Yar\u0131\u015fmas\u0131&#8217;nda birincilik kazanm\u0131\u015ft\u0131.<\/p>\n","protected":false},"excerpt":{"rendered":"<p>Yakla\u015fmakta olan bir s\u0131nav, akl\u0131evvel iki kafadar ve \u00e7\u0131lg\u0131n bir komplo teorisi!Fen \u00f6\u011fretmeni Form\u00fcl Hasan&#8217;\u0131n s\u0131n\u0131ftan \u00e7\u0131karken d\u00fc\u015f\u00fcrd\u00fc\u011f\u00fc zarf\u0131 Engin bulur. \u00dcst\u00fcnde \u00c7OK \u00d6ZEL yazan zarf\u0131,<span class=\"excerpt-hellip\"> [\u2026]<\/span><\/p>\n","protected":false},"featured_media":0,"template":"","meta":{"_monsterinsights_skip_tracking":false,"_monsterinsights_sitenote_active":false,"_monsterinsights_sitenote_note":"","_monsterinsights_sitenote_category":0},"product_brand":[],"product_cat":[12275,12274],"product_tag":[],"class_list":{"0":"post-688937","1":"product","2":"type-product","3":"status-publish","5":"product_cat-6-12-yas-kitaplari","6":"product_cat-cocuk-ve-genclik-kitaplari","7":"pa_cilt-ciltsiz","8":"pa_tur-kitap","9":"pa_yayinevi-gunisigi-kitapligi","10":"pa_yazar-gulsevin-kiral","12":"first","13":"instock","14":"sale","15":"shipping-taxable","16":"purchasable","17":"product-type-simple"},"_links":{"self":[{"href":"https:\/\/roveyayinevi.com.tr\/index.php\/wp-json\/wp\/v2\/product\/688937","targetHints":{"allow":["GET"]}}],"collection":[{"href":"https:\/\/roveyayinevi.com.tr\/index.php\/wp-json\/wp\/v2\/product"}],"about":[{"href":"https:\/\/roveyayinevi.com.tr\/index.php\/wp-json\/wp\/v2\/types\/product"}],"wp:attachment":[{"href":"https:\/\/roveyayinevi.com.tr\/index.php\/wp-json\/wp\/v2\/media?parent=688937"}],"wp:term":[{"taxonomy":"product_brand","embeddable":true,"href":"https:\/\/roveyayinevi.com.tr\/index.php\/wp-json\/wp\/v2\/product_brand?post=688937"},{"taxonomy":"product_cat","embeddable":true,"href":"https:\/\/roveyayinevi.com.tr\/index.php\/wp-json\/wp\/v2\/product_cat?post=688937"},{"taxonomy":"product_tag","embeddable":true,"href":"https:\/\/roveyayinevi.com.tr\/index.php\/wp-json\/wp\/v2\/product_tag?post=688937"}],"curies":[{"name":"wp","href":"https:\/\/api.w.org\/{rel}","templated":true}]}}