{"id":688935,"date":"2025-08-27T13:08:43","date_gmt":"2025-08-27T10:08:43","guid":{"rendered":"https:\/\/roveyayinevi.com.tr\/index.php\/urun\/evde-ve-uzakta\/"},"modified":"2026-04-16T01:58:41","modified_gmt":"2026-04-15T22:58:41","slug":"evde-ve-uzakta","status":"publish","type":"product","link":"https:\/\/roveyayinevi.com.tr\/index.php\/urun\/evde-ve-uzakta\/","title":{"rendered":"Evde ve Uzakta"},"content":{"rendered":"<p>Gitmekle kalmak aras\u0131nda, karde\u015flik ve aile olma halleri\u2026G\u00fcn\u00fcm\u00fcz\u00fcn en sevilen \u00e7ocuk ve gen\u00e7lik kitaplar\u0131 yazarlar\u0131ndan Christine N\u00f6stlinger, geni\u015fledik\u00e7e bireyleri birbirinden uzakla\u015fan modern ailede \u00e7ocuklar\u0131n sorunlar\u0131n\u0131 irdelerken, ergenin d\u00fcnyas\u0131na duyarl\u0131kla yakla\u015f\u0131yor. Kendi \u00e7ocuklar\u0131na bile ho\u015fg\u00f6r\u00fcyle davranmay\u0131 ba\u015faramayan bask\u0131c\u0131 yeti\u015fkinleri, tipik N\u00f6stlinger \u00fcslubuyla, ustaca bir mizahla ele\u015ftiriyor. Yazar, antiterbiyeci bak\u0131\u015f a\u00e7\u0131s\u0131n\u0131n en iyi \u00f6rneklerinden olan bu roman\u0131nda, \u00e7ocu\u011fun yan\u0131nda dururken, yeti\u015fkini de g\u00f6z ard\u0131 etmiyor. Uluslararas\u0131 bir\u00e7ok sayg\u0131n edebiyat \u00f6d\u00fcl\u00fcn\u00fcn sahibi usta yazar, hangi ya\u015ftan olursa olsun yaratt\u0131\u011f\u0131 kahramanlar\u0131n\u0131, e\u011frisi do\u011frusuyla kendi ger\u00e7ekli\u011fi i\u00e7inde derinlikli ve \u00e7ok boyutlu bir anlat\u0131mla i\u015fliyor.Geni\u015flemi\u015f bir ailenin \u00fcyesi olan Erika, ho\u015f bir gen\u00e7 k\u0131z olarak serpilen ablas\u0131 \u0130lse\u2019nin neden s\u00fcrekli yalan s\u00f6yledi\u011fini, annesiyle neden kavga edip durdu\u011funu anlayamaz. Evdeki \u00f6zg\u00fcrl\u00fcklerin yetersizli\u011fini, b\u00fcy\u00fcklerin daralt\u0131c\u0131 bask\u0131s\u0131n\u0131 hissetse de, \u0130lse\u2019nin verdi\u011fi beklenmedik karar ve do\u011furdu\u011fu sonu\u00e7lar, onu derinden etkiler. Erika sorular\u0131n\u0131n yan\u0131tlar\u0131n\u0131, ablas\u0131n\u0131 ararken bulabilecektir ancak\u2026\ufffc<\/p>\n","protected":false},"excerpt":{"rendered":"<p>Gitmekle kalmak aras\u0131nda, karde\u015flik ve aile olma halleri\u2026G\u00fcn\u00fcm\u00fcz\u00fcn en sevilen \u00e7ocuk ve gen\u00e7lik kitaplar\u0131 yazarlar\u0131ndan Christine N\u00f6stlinger, geni\u015fledik\u00e7e bireyleri birbirinden uzakla\u015fan modern ailede \u00e7ocuklar\u0131n sorunlar\u0131n\u0131 irdelerken,<span class=\"excerpt-hellip\"> [\u2026]<\/span><\/p>\n","protected":false},"featured_media":0,"template":"","meta":{"_monsterinsights_skip_tracking":false,"_monsterinsights_sitenote_active":false,"_monsterinsights_sitenote_note":"","_monsterinsights_sitenote_category":0},"product_brand":[],"product_cat":[12291,12711],"product_tag":[],"class_list":{"0":"post-688935","1":"product","2":"type-product","3":"status-publish","5":"product_cat-edebiyat","6":"product_cat-roman-oyku","7":"pa_cilt-ciltsiz","8":"pa_tur-kitap","9":"pa_yayinevi-gunisigi-kitapligi","10":"pa_yazar-christine-nostlinger","12":"first","13":"instock","14":"sale","15":"shipping-taxable","16":"purchasable","17":"product-type-simple"},"_links":{"self":[{"href":"https:\/\/roveyayinevi.com.tr\/index.php\/wp-json\/wp\/v2\/product\/688935","targetHints":{"allow":["GET"]}}],"collection":[{"href":"https:\/\/roveyayinevi.com.tr\/index.php\/wp-json\/wp\/v2\/product"}],"about":[{"href":"https:\/\/roveyayinevi.com.tr\/index.php\/wp-json\/wp\/v2\/types\/product"}],"wp:attachment":[{"href":"https:\/\/roveyayinevi.com.tr\/index.php\/wp-json\/wp\/v2\/media?parent=688935"}],"wp:term":[{"taxonomy":"product_brand","embeddable":true,"href":"https:\/\/roveyayinevi.com.tr\/index.php\/wp-json\/wp\/v2\/product_brand?post=688935"},{"taxonomy":"product_cat","embeddable":true,"href":"https:\/\/roveyayinevi.com.tr\/index.php\/wp-json\/wp\/v2\/product_cat?post=688935"},{"taxonomy":"product_tag","embeddable":true,"href":"https:\/\/roveyayinevi.com.tr\/index.php\/wp-json\/wp\/v2\/product_tag?post=688935"}],"curies":[{"name":"wp","href":"https:\/\/api.w.org\/{rel}","templated":true}]}}