{"id":688934,"date":"2025-08-27T13:08:43","date_gmt":"2025-08-27T10:08:43","guid":{"rendered":"https:\/\/roveyayinevi.com.tr\/index.php\/urun\/esrarengiz-komsu-geri-donuyor\/"},"modified":"2026-04-16T01:58:41","modified_gmt":"2026-04-15T22:58:41","slug":"esrarengiz-komsu-geri-donuyor","status":"publish","type":"product","link":"https:\/\/roveyayinevi.com.tr\/index.php\/urun\/esrarengiz-komsu-geri-donuyor\/","title":{"rendered":"Esrarengiz Kom\u015fu Geri D\u00f6n\u00fcyor"},"content":{"rendered":"<p>Bir dondurmac\u0131y\u0131 kim, niye ka\u00e7\u0131r\u0131r?\u00dclkesi Almanya\u2019n\u0131n en sayg\u0131n gazetecilik \u00f6d\u00fcl\u00fc olan Theodor Wolff \u00d6d\u00fcl\u00fc\u2019n\u00fcn sahibi, gazeteci yazar Silke Lambeck, Esrarengiz Kom\u015fu\u2019nun ikinci kitab\u0131nda okurlara polisiye tad\u0131nda heyecan dolu bir macera sunuyor. \u00c7a\u011fda\u015f \u00e7ocuk edebiyat\u0131n\u0131n en g\u00fczel kitaplar\u0131 aras\u0131na giren, yay\u0131mland\u0131\u011f\u0131 her \u00fclkede \u00e7ocuklar\u0131n \u00e7ok severek okudu\u011fu kitaplar\u0131n kahraman\u0131, sevecen ve dost canl\u0131s\u0131, esrarengiz kom\u015fu Bay R\u00f6slein. \u0130lk kitaptaki gibi yine okuru merak i\u00e7inde b\u0131rakan Bay R\u00f6slein\u2019\u0131n yeni maceras\u0131, s\u0131rad\u0131\u015f\u0131 arkada\u015flar\u0131yla daha da renkleniyor.Sorun \u00e7\u00f6zmede \u201custa\u201d olan kom\u015fular\u0131 Bay R\u00f6slein\u2019la tan\u0131\u015ft\u0131\u011f\u0131ndan beri Moritz, tuhaf olaylar ya\u015fam\u0131\u015f, yeni dostlar edinmi\u015ftir. Ama, yeni bir yolculu\u011fa \u00e7\u0131kan Bay R\u00f6slein\u2019dan haber alamamak can\u0131n\u0131 s\u0131kmaktad\u0131r. Bir ak\u015fam, \u00f6zel d\u00fcrb\u00fcn\u00fcnden bakarken, dondurmac\u0131 Pippa\u2019n\u0131n ka\u00e7\u0131r\u0131l\u0131\u015f\u0131na tan\u0131k olunca, Moritz kendini ba\u015fd\u00f6nd\u00fcr\u00fcc\u00fc bir maceran\u0131n i\u00e7inde bulur. \u00dcstelik, bu kez ger\u00e7ekten ba\u015f\u0131 beladad\u0131r\u2026 <\/p>\n","protected":false},"excerpt":{"rendered":"<p>Bir dondurmac\u0131y\u0131 kim, niye ka\u00e7\u0131r\u0131r?\u00dclkesi Almanya\u2019n\u0131n en sayg\u0131n gazetecilik \u00f6d\u00fcl\u00fc olan Theodor Wolff \u00d6d\u00fcl\u00fc\u2019n\u00fcn sahibi, gazeteci yazar Silke Lambeck, Esrarengiz Kom\u015fu\u2019nun ikinci kitab\u0131nda okurlara polisiye tad\u0131nda<span class=\"excerpt-hellip\"> [\u2026]<\/span><\/p>\n","protected":false},"featured_media":0,"template":"","meta":{"_monsterinsights_skip_tracking":false,"_monsterinsights_sitenote_active":false,"_monsterinsights_sitenote_note":"","_monsterinsights_sitenote_category":0},"product_brand":[],"product_cat":[12274,12284],"product_tag":[],"class_list":{"0":"post-688934","1":"product","2":"type-product","3":"status-publish","5":"product_cat-cocuk-ve-genclik-kitaplari","6":"product_cat-hikayeler","7":"pa_cilt-ciltsiz","8":"pa_tur-kitap","9":"pa_yayinevi-gunisigi-kitapligi","10":"pa_yazar-silke-lambeck","12":"first","13":"instock","14":"sale","15":"shipping-taxable","16":"purchasable","17":"product-type-simple"},"_links":{"self":[{"href":"https:\/\/roveyayinevi.com.tr\/index.php\/wp-json\/wp\/v2\/product\/688934","targetHints":{"allow":["GET"]}}],"collection":[{"href":"https:\/\/roveyayinevi.com.tr\/index.php\/wp-json\/wp\/v2\/product"}],"about":[{"href":"https:\/\/roveyayinevi.com.tr\/index.php\/wp-json\/wp\/v2\/types\/product"}],"wp:attachment":[{"href":"https:\/\/roveyayinevi.com.tr\/index.php\/wp-json\/wp\/v2\/media?parent=688934"}],"wp:term":[{"taxonomy":"product_brand","embeddable":true,"href":"https:\/\/roveyayinevi.com.tr\/index.php\/wp-json\/wp\/v2\/product_brand?post=688934"},{"taxonomy":"product_cat","embeddable":true,"href":"https:\/\/roveyayinevi.com.tr\/index.php\/wp-json\/wp\/v2\/product_cat?post=688934"},{"taxonomy":"product_tag","embeddable":true,"href":"https:\/\/roveyayinevi.com.tr\/index.php\/wp-json\/wp\/v2\/product_tag?post=688934"}],"curies":[{"name":"wp","href":"https:\/\/api.w.org\/{rel}","templated":true}]}}