{"id":688933,"date":"2025-08-27T13:08:43","date_gmt":"2025-08-27T10:08:43","guid":{"rendered":"https:\/\/roveyayinevi.com.tr\/index.php\/urun\/dayim-balon-olmus\/"},"modified":"2026-04-16T01:58:41","modified_gmt":"2026-04-15T22:58:41","slug":"dayim-balon-olmus","status":"publish","type":"product","link":"https:\/\/roveyayinevi.com.tr\/index.php\/urun\/dayim-balon-olmus\/","title":{"rendered":"Day\u0131m Balon Olmu\u015f&#8230;"},"content":{"rendered":"<p>G\u00fcl\u00fc\u015f\u00fcyoruz day\u0131mla. Bir elimde balon, bir elimden day\u0131m tutmu\u015f, y\u00fcr\u00fcyoruz. Balonuma bak\u0131yorum. Day\u0131m bana bak\u0131yor. \u201cBalona verilen paraya hi\u00e7 de yaz\u0131k olmaz\u2026\u201d diyor. \ufffcTan\u0131t\u0131m Metni<\/p>\n","protected":false},"excerpt":{"rendered":"<p>G\u00fcl\u00fc\u015f\u00fcyoruz day\u0131mla. Bir elimde balon, bir elimden day\u0131m tutmu\u015f, y\u00fcr\u00fcyoruz. Balonuma bak\u0131yorum. Day\u0131m bana bak\u0131yor. \u201cBalona verilen paraya hi\u00e7 de yaz\u0131k olmaz\u2026\u201d diyor. \ufffcTan\u0131t\u0131m Metni<\/p>\n","protected":false},"featured_media":0,"template":"","meta":{"_monsterinsights_skip_tracking":false,"_monsterinsights_sitenote_active":false,"_monsterinsights_sitenote_note":"","_monsterinsights_sitenote_category":0},"product_brand":[],"product_cat":[12274,12284],"product_tag":[],"class_list":{"0":"post-688933","1":"product","2":"type-product","3":"status-publish","5":"product_cat-cocuk-ve-genclik-kitaplari","6":"product_cat-hikayeler","7":"pa_cilt-ciltsiz","8":"pa_tur-kitap","9":"pa_yayinevi-gunisigi-kitapligi","10":"pa_yazar-necati-tosuner","12":"first","13":"instock","14":"sale","15":"shipping-taxable","16":"purchasable","17":"product-type-simple"},"_links":{"self":[{"href":"https:\/\/roveyayinevi.com.tr\/index.php\/wp-json\/wp\/v2\/product\/688933","targetHints":{"allow":["GET"]}}],"collection":[{"href":"https:\/\/roveyayinevi.com.tr\/index.php\/wp-json\/wp\/v2\/product"}],"about":[{"href":"https:\/\/roveyayinevi.com.tr\/index.php\/wp-json\/wp\/v2\/types\/product"}],"wp:attachment":[{"href":"https:\/\/roveyayinevi.com.tr\/index.php\/wp-json\/wp\/v2\/media?parent=688933"}],"wp:term":[{"taxonomy":"product_brand","embeddable":true,"href":"https:\/\/roveyayinevi.com.tr\/index.php\/wp-json\/wp\/v2\/product_brand?post=688933"},{"taxonomy":"product_cat","embeddable":true,"href":"https:\/\/roveyayinevi.com.tr\/index.php\/wp-json\/wp\/v2\/product_cat?post=688933"},{"taxonomy":"product_tag","embeddable":true,"href":"https:\/\/roveyayinevi.com.tr\/index.php\/wp-json\/wp\/v2\/product_tag?post=688933"}],"curies":[{"name":"wp","href":"https:\/\/api.w.org\/{rel}","templated":true}]}}