{"id":688932,"date":"2025-08-27T13:08:43","date_gmt":"2025-08-27T10:08:43","guid":{"rendered":"https:\/\/roveyayinevi.com.tr\/index.php\/urun\/citir-citir-felsefe-serisi-09-ozgur-olan-ve-olmayan\/"},"modified":"2026-04-16T01:58:41","modified_gmt":"2026-04-15T22:58:41","slug":"citir-citir-felsefe-serisi-09-ozgur-olan-ve-olmayan","status":"publish","type":"product","link":"https:\/\/roveyayinevi.com.tr\/index.php\/urun\/citir-citir-felsefe-serisi-09-ozgur-olan-ve-olmayan\/","title":{"rendered":"\u00c7\u0131t\u0131r \u00c7\u0131t\u0131r Felsefe Serisi 09 &#8211; \u00d6zg\u00fcr Olan ve Olmayan"},"content":{"rendered":"<p>Akl\u0131na eseni yapmak \u00f6zg\u00fcrl\u00fck m\u00fcd\u00fcr?\u00c7evrildi\u011fi t\u00fcm \u00fclkelerde, her ya\u015ftan okuru felsefeyle bulu\u015fturan \u201c\u00c7\u0131t\u0131r \u00c7\u0131t\u0131r Felsefe\u201d dizisinin dokuzuncu kitab\u0131 \u00f6zg\u00fcrl\u00fck kavram\u0131n\u0131 tart\u0131\u015f\u0131yor. Brigitte Labb\u00e9\u2019nin Paris Sorbone \u00dcniversitesi felsefe profes\u00f6rlerinden Michel Puech dan\u0131\u015fmanl\u0131\u011f\u0131nda kaleme ald\u0131\u011f\u0131 dizi, ya\u015fam\u0131 ve d\u00fcnyan\u0131n i\u015fleyi\u015fini anlamaya \u00e7al\u0131\u015fan \u00e7ocuklara yard\u0131mc\u0131 olacak temel sorularla kurgulan\u0131yor. Her birinde farkl\u0131 bir konunun ele al\u0131nd\u0131\u011f\u0131, g\u00fcnl\u00fck ya\u015famda s\u0131k\u00e7a kar\u015f\u0131la\u015ft\u0131\u011f\u0131m\u0131z \u00f6rnek olaylar\u0131n \u00f6yk\u00fcle\u015ftirildi\u011fi kitaplar, Jacques Azam\u2019\u0131n karikat\u00fcr tad\u0131ndaki renkli resimleriyle ve \u00f6zg\u00fcn tasar\u0131m\u0131yla benzersiz. \u00dclkemizde yay\u0131mlanmaya ba\u015flad\u0131\u011f\u0131 2006 y\u0131l\u0131ndan bu yana b\u00fcy\u00fck ilgi g\u00f6ren dizi, hem \u00e7ocuklar, hem de \u00f6\u011fretmenler ve anne babalar taraf\u0131ndan sevilerek okunuyor.E\u011fer oyuncak arabam\u0131n uzaktan kumandas\u0131ndaki kolu sa\u011fa itersem, arabam sa\u011fa gider. E\u011fer bilgisayar\u0131m\u0131 her ak\u015fam saat 10\u2019da kapanmas\u0131 i\u00e7in programlarsam, her ak\u015fam tam o saatte kapan\u0131r. Oysa, insanlar ne uzaktan kumandal\u0131d\u0131rlar, ne de programlanabilirler. Hi\u00e7bir insan tamamen \u00f6ng\u00f6r\u00fclebilir bi\u00e7imde davranmaz. \u00c7\u00fcnk\u00fc insanlar \u00f6zg\u00fcrd\u00fcr\u2026\ufffc<\/p>\n","protected":false},"excerpt":{"rendered":"<p>Akl\u0131na eseni yapmak \u00f6zg\u00fcrl\u00fck m\u00fcd\u00fcr?\u00c7evrildi\u011fi t\u00fcm \u00fclkelerde, her ya\u015ftan okuru felsefeyle bulu\u015fturan \u201c\u00c7\u0131t\u0131r \u00c7\u0131t\u0131r Felsefe\u201d dizisinin dokuzuncu kitab\u0131 \u00f6zg\u00fcrl\u00fck kavram\u0131n\u0131 tart\u0131\u015f\u0131yor. Brigitte Labb\u00e9\u2019nin Paris Sorbone \u00dcniversitesi<span class=\"excerpt-hellip\"> [\u2026]<\/span><\/p>\n","protected":false},"featured_media":0,"template":"","meta":{"_monsterinsights_skip_tracking":false,"_monsterinsights_sitenote_active":false,"_monsterinsights_sitenote_note":"","_monsterinsights_sitenote_category":0},"product_brand":[],"product_cat":[12389,12388],"product_tag":[],"class_list":{"0":"post-688932","1":"product","2":"type-product","3":"status-publish","5":"product_cat-diger-felsefe","6":"product_cat-felsefe","7":"pa_cilt-ciltsiz","8":"pa_tur-kitap","9":"pa_yayinevi-gunisigi-kitapligi","10":"pa_yazar-brigitte-labbe","12":"first","13":"instock","14":"sale","15":"shipping-taxable","16":"purchasable","17":"product-type-simple"},"_links":{"self":[{"href":"https:\/\/roveyayinevi.com.tr\/index.php\/wp-json\/wp\/v2\/product\/688932","targetHints":{"allow":["GET"]}}],"collection":[{"href":"https:\/\/roveyayinevi.com.tr\/index.php\/wp-json\/wp\/v2\/product"}],"about":[{"href":"https:\/\/roveyayinevi.com.tr\/index.php\/wp-json\/wp\/v2\/types\/product"}],"wp:attachment":[{"href":"https:\/\/roveyayinevi.com.tr\/index.php\/wp-json\/wp\/v2\/media?parent=688932"}],"wp:term":[{"taxonomy":"product_brand","embeddable":true,"href":"https:\/\/roveyayinevi.com.tr\/index.php\/wp-json\/wp\/v2\/product_brand?post=688932"},{"taxonomy":"product_cat","embeddable":true,"href":"https:\/\/roveyayinevi.com.tr\/index.php\/wp-json\/wp\/v2\/product_cat?post=688932"},{"taxonomy":"product_tag","embeddable":true,"href":"https:\/\/roveyayinevi.com.tr\/index.php\/wp-json\/wp\/v2\/product_tag?post=688932"}],"curies":[{"name":"wp","href":"https:\/\/api.w.org\/{rel}","templated":true}]}}