{"id":688931,"date":"2025-08-27T13:08:42","date_gmt":"2025-08-27T10:08:42","guid":{"rendered":"https:\/\/roveyayinevi.com.tr\/index.php\/urun\/citir-citir-felsefe-serisi-12-mutluluk-ve-mutsuzluk\/"},"modified":"2026-04-16T01:58:41","modified_gmt":"2026-04-15T22:58:41","slug":"citir-citir-felsefe-serisi-12-mutluluk-ve-mutsuzluk","status":"publish","type":"product","link":"https:\/\/roveyayinevi.com.tr\/index.php\/urun\/citir-citir-felsefe-serisi-12-mutluluk-ve-mutsuzluk\/","title":{"rendered":"\u00c7\u0131t\u0131r \u00c7\u0131t\u0131r Felsefe Serisi 12 &#8211; Mutluluk ve Mutsuzluk"},"content":{"rendered":"<p>Mutsuz olmak kolayd\u0131r. Sahip olamad\u0131\u011f\u0131m\u0131z, yapamad\u0131\u011f\u0131m\u0131z \u015feyleri; ge\u00e7mi\u015fte olmu\u015f, hatta gelecekte olabilecek \u00fcz\u00fcc\u00fc \u015feyleri d\u00fc\u015f\u00fcnmek yeter. \u00dcstelik mutsuzluk, mutluluktan daha ilgin\u00e7tir ve kendimizi ac\u0131nd\u0131r\u0131p dikkatleri \u00fcst\u00fcm\u00fcze \u00e7ekmeye yarar. \u00d6yleyse \u00f6mr\u00fcm\u00fcz\u00fc, s\u0131zlanmakla, yeri g\u00f6\u011f\u00fc su\u00e7lamakla m\u0131 ge\u00e7irmeli? Mutlulu\u011fu nas\u0131l bulmal\u0131? Peki, herkes i\u00e7in tek bir mutluluk mu vard\u0131r?.. \ufffcTan\u0131t\u0131m Metni<\/p>\n","protected":false},"excerpt":{"rendered":"<p>Mutsuz olmak kolayd\u0131r. Sahip olamad\u0131\u011f\u0131m\u0131z, yapamad\u0131\u011f\u0131m\u0131z \u015feyleri; ge\u00e7mi\u015fte olmu\u015f, hatta gelecekte olabilecek \u00fcz\u00fcc\u00fc \u015feyleri d\u00fc\u015f\u00fcnmek yeter. \u00dcstelik mutsuzluk, mutluluktan daha ilgin\u00e7tir ve kendimizi ac\u0131nd\u0131r\u0131p dikkatleri \u00fcst\u00fcm\u00fcze<span class=\"excerpt-hellip\"> [\u2026]<\/span><\/p>\n","protected":false},"featured_media":0,"template":"","meta":{"_monsterinsights_skip_tracking":false,"_monsterinsights_sitenote_active":false,"_monsterinsights_sitenote_note":"","_monsterinsights_sitenote_category":0},"product_brand":[],"product_cat":[12274,12631],"product_tag":[],"class_list":{"0":"post-688931","1":"product","2":"type-product","3":"status-publish","5":"product_cat-cocuk-ve-genclik-kitaplari","6":"product_cat-diger-cocuk-ve-genclik-kitaplari","7":"pa_cilt-ciltsiz","8":"pa_tur-kitap","9":"pa_yayinevi-gunisigi-kitapligi","10":"pa_yazar-brigitte-labbe","12":"first","13":"instock","14":"sale","15":"shipping-taxable","16":"purchasable","17":"product-type-simple"},"_links":{"self":[{"href":"https:\/\/roveyayinevi.com.tr\/index.php\/wp-json\/wp\/v2\/product\/688931","targetHints":{"allow":["GET"]}}],"collection":[{"href":"https:\/\/roveyayinevi.com.tr\/index.php\/wp-json\/wp\/v2\/product"}],"about":[{"href":"https:\/\/roveyayinevi.com.tr\/index.php\/wp-json\/wp\/v2\/types\/product"}],"wp:attachment":[{"href":"https:\/\/roveyayinevi.com.tr\/index.php\/wp-json\/wp\/v2\/media?parent=688931"}],"wp:term":[{"taxonomy":"product_brand","embeddable":true,"href":"https:\/\/roveyayinevi.com.tr\/index.php\/wp-json\/wp\/v2\/product_brand?post=688931"},{"taxonomy":"product_cat","embeddable":true,"href":"https:\/\/roveyayinevi.com.tr\/index.php\/wp-json\/wp\/v2\/product_cat?post=688931"},{"taxonomy":"product_tag","embeddable":true,"href":"https:\/\/roveyayinevi.com.tr\/index.php\/wp-json\/wp\/v2\/product_tag?post=688931"}],"curies":[{"name":"wp","href":"https:\/\/api.w.org\/{rel}","templated":true}]}}