{"id":688930,"date":"2025-08-27T13:08:42","date_gmt":"2025-08-27T10:08:42","guid":{"rendered":"https:\/\/roveyayinevi.com.tr\/index.php\/urun\/citir-citir-felsefe-serisi-13-liderler-ve-digerleri\/"},"modified":"2026-04-16T01:58:41","modified_gmt":"2026-04-15T22:58:41","slug":"citir-citir-felsefe-serisi-13-liderler-ve-digerleri","status":"publish","type":"product","link":"https:\/\/roveyayinevi.com.tr\/index.php\/urun\/citir-citir-felsefe-serisi-13-liderler-ve-digerleri\/","title":{"rendered":"\u00c7\u0131t\u0131r \u00c7\u0131t\u0131r Felsefe Serisi 13 &#8211; Liderler ve Di\u011ferleri"},"content":{"rendered":"<p>Lider olmak ne demektir? Kimi, neyi, nas\u0131l y\u00f6netmektir?\u00c7evrildi\u011fi t\u00fcm \u00fclkelerde, her ya\u015ftan okuru felsefeyle bulu\u015fturan \u201c\u00c7\u0131t\u0131r \u00c7\u0131t\u0131r Felsefe\u201d dizisinin on \u00fc\u00e7\u00fcnc\u00fc kitab\u0131 adalet ve haks\u0131zl\u0131k kavramlar\u0131n\u0131 tart\u0131\u015f\u0131yor. Brigitte Labb\u00e9\u2019nin Paris Sorbone \u00dcniversitesi felsefe profes\u00f6rlerinden Michel Puechdan\u0131\u015fmanl\u0131\u011f\u0131nda kaleme ald\u0131\u011f\u0131 dizi, ya\u015fam\u0131 ve d\u00fcnyan\u0131n i\u015fleyi\u015fini anlamaya \u00e7al\u0131\u015fan \u00e7ocuklara yard\u0131mc\u0131 olacak temel sorularla kurgulan\u0131yor. Her birinde farkl\u0131 bir konunun ele al\u0131nd\u0131\u011f\u0131, g\u00fcnl\u00fck ya\u015famda s\u0131k\u00e7a kar\u015f\u0131la\u015ft\u0131\u011f\u0131m\u0131z \u00f6rnek olaylar\u0131n \u00f6yk\u00fcle\u015ftirildi\u011fi kitaplar, Jacques Azam\u2019\u0131n karikat\u00fcr tad\u0131ndaki renkli resimleriyle ve \u00f6zg\u00fcn tasar\u0131m\u0131yla benzersiz. \u00dclkemizde yay\u0131mlanmaya ba\u015flad\u0131\u011f\u0131 2006 y\u0131l\u0131ndan bu yana b\u00fcy\u00fck ilgi g\u00f6ren dizi, hem \u00e7ocuklar, hem de \u00f6\u011fretmenler ve anne babalar taraf\u0131ndan sevilerek okunuyor.Herkesin onu selamlamas\u0131na, \u015fof\u00f6rl\u00fc koca bir arabayla dola\u015fmaya ya da her zaman en iyi yere oturmaya bay\u0131ld\u0131\u011f\u0131 i\u00e7in ba\u015fkan olmak isteyenler vard\u0131r. B\u00f6yle insanlar yaln\u0131z g\u00fcc\u00fc severler. Ama, yeni fikirler, yeni projeler geli\u015ftirmek, yolunda gitmeyen \u015feyleri d\u00fczeltmek gibi nedenlerle lider olmak isteyenler de var. Ancak, bunlar\u0131 yaparken, ele\u015ftirilmek, hatta haks\u0131zl\u0131klar\u0131n kurban\u0131 olmak da ka\u00e7\u0131n\u0131lmaz! \u00d6yleyse, lider olmak risklidir de!..\ufffc<\/p>\n","protected":false},"excerpt":{"rendered":"<p>Lider olmak ne demektir? Kimi, neyi, nas\u0131l y\u00f6netmektir?\u00c7evrildi\u011fi t\u00fcm \u00fclkelerde, her ya\u015ftan okuru felsefeyle bulu\u015fturan \u201c\u00c7\u0131t\u0131r \u00c7\u0131t\u0131r Felsefe\u201d dizisinin on \u00fc\u00e7\u00fcnc\u00fc kitab\u0131 adalet ve haks\u0131zl\u0131k kavramlar\u0131n\u0131<span class=\"excerpt-hellip\"> [\u2026]<\/span><\/p>\n","protected":false},"featured_media":0,"template":"","meta":{"_monsterinsights_skip_tracking":false,"_monsterinsights_sitenote_active":false,"_monsterinsights_sitenote_note":"","_monsterinsights_sitenote_category":0},"product_brand":[],"product_cat":[12274,12631],"product_tag":[],"class_list":{"0":"post-688930","1":"product","2":"type-product","3":"status-publish","5":"product_cat-cocuk-ve-genclik-kitaplari","6":"product_cat-diger-cocuk-ve-genclik-kitaplari","7":"pa_cilt-ciltsiz","8":"pa_tur-kitap","9":"pa_yayinevi-gunisigi-kitapligi","10":"pa_yazar-brigitte-labbe","12":"first","13":"instock","14":"sale","15":"shipping-taxable","16":"purchasable","17":"product-type-simple"},"_links":{"self":[{"href":"https:\/\/roveyayinevi.com.tr\/index.php\/wp-json\/wp\/v2\/product\/688930","targetHints":{"allow":["GET"]}}],"collection":[{"href":"https:\/\/roveyayinevi.com.tr\/index.php\/wp-json\/wp\/v2\/product"}],"about":[{"href":"https:\/\/roveyayinevi.com.tr\/index.php\/wp-json\/wp\/v2\/types\/product"}],"wp:attachment":[{"href":"https:\/\/roveyayinevi.com.tr\/index.php\/wp-json\/wp\/v2\/media?parent=688930"}],"wp:term":[{"taxonomy":"product_brand","embeddable":true,"href":"https:\/\/roveyayinevi.com.tr\/index.php\/wp-json\/wp\/v2\/product_brand?post=688930"},{"taxonomy":"product_cat","embeddable":true,"href":"https:\/\/roveyayinevi.com.tr\/index.php\/wp-json\/wp\/v2\/product_cat?post=688930"},{"taxonomy":"product_tag","embeddable":true,"href":"https:\/\/roveyayinevi.com.tr\/index.php\/wp-json\/wp\/v2\/product_tag?post=688930"}],"curies":[{"name":"wp","href":"https:\/\/api.w.org\/{rel}","templated":true}]}}