{"id":688926,"date":"2025-08-27T13:08:42","date_gmt":"2025-08-27T10:08:42","guid":{"rendered":"https:\/\/roveyayinevi.com.tr\/index.php\/urun\/turkiyede-aydinin-kisa-tarihi\/"},"modified":"2026-04-16T01:58:41","modified_gmt":"2026-04-15T22:58:41","slug":"turkiyede-aydinin-kisa-tarihi","status":"publish","type":"product","link":"https:\/\/roveyayinevi.com.tr\/index.php\/urun\/turkiyede-aydinin-kisa-tarihi\/","title":{"rendered":"T\u00fcrkiye\u2019de Ayd\u0131n\u0131n K\u0131sa Tarihi"},"content":{"rendered":"<p>T\u00fcrkiye\u2019de \u2018ayd\u0131n\u2019a ve \u2018entelekt\u00fcel\u2019e bir dizi misyon y\u00fcklenmi\u015f durumda. S\u0131kl\u0131kla e\u015fanlaml\u0131 olarak kullan\u0131lan bu iki kelimeye l\u00e2y\u0131k g\u00f6r\u00fclen isimlerden, geni\u015f bir birikim ve derin bir kavray\u0131\u015f beklenir mesel\u00e2. Ba\u015fkalar\u0131n\u0131n \u00e7\u00f6zemedi\u011fi meseleleri onlar\u0131n \u00e7\u00f6zmesi umulur. <\/p>\n","protected":false},"excerpt":{"rendered":"<p>T\u00fcrkiye\u2019de \u2018ayd\u0131n\u2019a ve \u2018entelekt\u00fcel\u2019e bir dizi misyon y\u00fcklenmi\u015f durumda. S\u0131kl\u0131kla e\u015fanlaml\u0131 olarak kullan\u0131lan bu iki kelimeye l\u00e2y\u0131k g\u00f6r\u00fclen isimlerden, geni\u015f bir birikim ve derin bir kavray\u0131\u015f<span class=\"excerpt-hellip\"> [\u2026]<\/span><\/p>\n","protected":false},"featured_media":0,"template":"","meta":{"_monsterinsights_skip_tracking":false,"_monsterinsights_sitenote_active":false,"_monsterinsights_sitenote_note":"","_monsterinsights_sitenote_category":0},"product_brand":[],"product_cat":[13278,12324],"product_tag":[],"class_list":{"0":"post-688926","1":"product","2":"type-product","3":"status-publish","5":"product_cat-sivil-toplum-kuruluslari","6":"product_cat-sosyoloji","7":"pa_tur-kitap","8":"pa_yayinevi-etkilesim-yayinlari","9":"pa_yazar-dogan-gurpinar","11":"first","12":"instock","13":"sale","14":"shipping-taxable","15":"purchasable","16":"product-type-simple"},"_links":{"self":[{"href":"https:\/\/roveyayinevi.com.tr\/index.php\/wp-json\/wp\/v2\/product\/688926","targetHints":{"allow":["GET"]}}],"collection":[{"href":"https:\/\/roveyayinevi.com.tr\/index.php\/wp-json\/wp\/v2\/product"}],"about":[{"href":"https:\/\/roveyayinevi.com.tr\/index.php\/wp-json\/wp\/v2\/types\/product"}],"wp:attachment":[{"href":"https:\/\/roveyayinevi.com.tr\/index.php\/wp-json\/wp\/v2\/media?parent=688926"}],"wp:term":[{"taxonomy":"product_brand","embeddable":true,"href":"https:\/\/roveyayinevi.com.tr\/index.php\/wp-json\/wp\/v2\/product_brand?post=688926"},{"taxonomy":"product_cat","embeddable":true,"href":"https:\/\/roveyayinevi.com.tr\/index.php\/wp-json\/wp\/v2\/product_cat?post=688926"},{"taxonomy":"product_tag","embeddable":true,"href":"https:\/\/roveyayinevi.com.tr\/index.php\/wp-json\/wp\/v2\/product_tag?post=688926"}],"curies":[{"name":"wp","href":"https:\/\/api.w.org\/{rel}","templated":true}]}}