{"id":688925,"date":"2025-08-27T13:08:41","date_gmt":"2025-08-27T10:08:41","guid":{"rendered":"https:\/\/roveyayinevi.com.tr\/index.php\/urun\/abur-cubur-pesinde-balonlu-sakiz-agaci\/"},"modified":"2026-04-16T01:58:41","modified_gmt":"2026-04-15T22:58:41","slug":"abur-cubur-pesinde-balonlu-sakiz-agaci","status":"publish","type":"product","link":"https:\/\/roveyayinevi.com.tr\/index.php\/urun\/abur-cubur-pesinde-balonlu-sakiz-agaci\/","title":{"rendered":"Abur Cubur Pe\u015finde &#8211; Balonlu Sak\u0131z A\u011fac\u0131"},"content":{"rendered":"<p>Sak\u0131z a\u011fac\u0131na \u00e7\u0131k\u0131lan bir u\u00e7ak yolculu\u011fu maceras\u0131!\u0130lgin\u00e7 karakterlerle kurgulanm\u0131\u015f mizah dolu dedektiflik romanlar\u0131yla tan\u0131nan \u0130ngiliz yazar Alexander McCall Smith\u2019in \u00e7ocuklar i\u00e7in kaleme ald\u0131\u011f\u0131 \u201cAbur Cubur Pe\u015finde\u201d dizisinin ilk kitab\u0131 macera dolu bir yolculu\u011fu anlat\u0131yor. D\u00f6rt kitapl\u0131k dizi, \u00e7ocuklar\u0131n \u00e7ok sevdi\u011fi baz\u0131 yiyeceklerin \u00fcretimden t\u00fcketime az bilinen yolculu\u011funu, e\u011flenceli ve s\u00fcr\u00fckleyici maceralarla kurguluyor. \u0130lk\u00f6\u011fretime yeni ba\u015flayan \u00e7ocuklar, zevkli bir okuma ser\u00fcvenine dal\u0131yor ve her kitapta kendilerini zekice kurgulanm\u0131\u015f yeni bir ser\u00fcvenin i\u00e7inde buluyor. Hem \u00e7ok e\u011fleniyor, hem de okumay\u0131 daha \u00e7ok seviyorlar. Usta ill\u00fcstrat\u00f6r Ian Bilbey\u2019in resimledi\u011fi dizi, \u00e7ocuklukta edinilen deneyimlerin \u00f6nemine de dikkati \u00e7ekiyor, d\u00fc\u015fle ger\u00e7e\u011fi ustal\u0131kla bir araya getiriyor.En g\u00fczel balonlu sak\u0131zlar\u0131 \u00fcreten fabrikan\u0131n g\u00fcler y\u00fczl\u00fc sahibi bir s\u00fcredir \u00fczg\u00fcnd\u00fcr. \u00c7ocuklar bunun nedenini ara\u015ft\u0131r\u0131r. Fabrikan\u0131n sak\u0131zlar\u0131 eskisi kadar lezzetli ve balonlu olamamaktad\u0131r art\u0131k, \u00e7\u00fcnk\u00fc sak\u0131z\u0131n gizli form\u00fcl\u00fcndeki \u00f6zel hammadde uzaklardaki \u00fclkeden gelmemektedir. \u00c7ocuklar, bu uzak \u00fclkede neler olup bitti\u011fini \u00f6\u011frenmek \u00fczere fabrika sahibiyle birlikte maceral\u0131 bir yolculu\u011fa \u00e7\u0131karlar. K\u00fc\u00e7\u00fck u\u00e7a\u011f\u0131n pilotlu\u011funu da s\u00fcrpriz biri \u00fcstlenir!..\ufffc<\/p>\n","protected":false},"excerpt":{"rendered":"<p>Sak\u0131z a\u011fac\u0131na \u00e7\u0131k\u0131lan bir u\u00e7ak yolculu\u011fu maceras\u0131!\u0130lgin\u00e7 karakterlerle kurgulanm\u0131\u015f mizah dolu dedektiflik romanlar\u0131yla tan\u0131nan \u0130ngiliz yazar Alexander McCall Smith\u2019in \u00e7ocuklar i\u00e7in kaleme ald\u0131\u011f\u0131 \u201cAbur Cubur Pe\u015finde\u201d<span class=\"excerpt-hellip\"> [\u2026]<\/span><\/p>\n","protected":false},"featured_media":0,"template":"","meta":{"_monsterinsights_skip_tracking":false,"_monsterinsights_sitenote_active":false,"_monsterinsights_sitenote_note":"","_monsterinsights_sitenote_category":0},"product_brand":[],"product_cat":[12274,12284],"product_tag":[],"class_list":{"0":"post-688925","1":"product","2":"type-product","3":"status-publish","5":"product_cat-cocuk-ve-genclik-kitaplari","6":"product_cat-hikayeler","7":"pa_cilt-ciltsiz","8":"pa_tur-kitap","9":"pa_yayinevi-gunisigi-kitapligi","10":"pa_yazar-alexander-mccall-smith","12":"first","13":"instock","14":"sale","15":"shipping-taxable","16":"purchasable","17":"product-type-simple"},"_links":{"self":[{"href":"https:\/\/roveyayinevi.com.tr\/index.php\/wp-json\/wp\/v2\/product\/688925","targetHints":{"allow":["GET"]}}],"collection":[{"href":"https:\/\/roveyayinevi.com.tr\/index.php\/wp-json\/wp\/v2\/product"}],"about":[{"href":"https:\/\/roveyayinevi.com.tr\/index.php\/wp-json\/wp\/v2\/types\/product"}],"wp:attachment":[{"href":"https:\/\/roveyayinevi.com.tr\/index.php\/wp-json\/wp\/v2\/media?parent=688925"}],"wp:term":[{"taxonomy":"product_brand","embeddable":true,"href":"https:\/\/roveyayinevi.com.tr\/index.php\/wp-json\/wp\/v2\/product_brand?post=688925"},{"taxonomy":"product_cat","embeddable":true,"href":"https:\/\/roveyayinevi.com.tr\/index.php\/wp-json\/wp\/v2\/product_cat?post=688925"},{"taxonomy":"product_tag","embeddable":true,"href":"https:\/\/roveyayinevi.com.tr\/index.php\/wp-json\/wp\/v2\/product_tag?post=688925"}],"curies":[{"name":"wp","href":"https:\/\/api.w.org\/{rel}","templated":true}]}}