{"id":688916,"date":"2025-08-27T13:08:40","date_gmt":"2025-08-27T10:08:40","guid":{"rendered":"https:\/\/roveyayinevi.com.tr\/index.php\/urun\/tehlikeye-3-yolculuk\/"},"modified":"2026-04-16T01:58:41","modified_gmt":"2026-04-15T22:58:41","slug":"tehlikeye-3-yolculuk","status":"publish","type":"product","link":"https:\/\/roveyayinevi.com.tr\/index.php\/urun\/tehlikeye-3-yolculuk\/","title":{"rendered":"Tehlikeye 3 Yolculuk"},"content":{"rendered":"<p>\u0130yi ve k\u00f6t\u00fc aras\u0131ndaki sonsuz \u00e7eli\u015fki \u00fczerine soluksuz bir macera, felsefi bir yolculuk.K\u00f6t\u00fcl\u00fckler Prensi Zoliran b\u00fcy\u00fcl\u00fc defterine \u00fc\u00e7 g\u00fcn i\u00e7inde ger\u00e7ekle\u015fecek \u00fc\u00e7 k\u00f6t\u00fcl\u00fck yazm\u0131\u015ft\u0131r. E\u011fer bu \u00fc\u00e7 k\u00f6t\u00fcl\u00fc\u011fe engel olunmaz ve biri bile ger\u00e7ekle\u015firse, t\u00fcm d\u00fcnya k\u00f6t\u00fcl\u00fc\u011f\u00fcn egemenli\u011fi alt\u0131na girecektir. D\u00fcnyay\u0131 Zoliran&#8217;dan kurtaracak b\u00fcy\u00fcleri yapabilen tek ki\u015fi B\u00fcy\u00fcc\u00fc Olbi&#8217;dir. Oysa ya\u015fl\u0131 b\u00fcy\u00fcc\u00fc, bir s\u00fcre \u00f6nce kendini emekliye ay\u0131rm\u0131\u015ft\u0131r. Onu ikna etmek i\u00e7in evine g\u00f6nderilen b\u00fcy\u00fcc\u00fc o\u011flu Maji, bunu ba\u015far\u0131r, ama bu kez de ona yard\u0131m etmek zorunda kal\u0131r. Maji&#8217;nin \u00f6n\u00fcnde, bilinmedik yerlere tehlikelerle dolu \u00fc\u00e7 yolculuk yapaca\u011f\u0131 korkutucu \u00fc\u00e7 g\u00fcn vard\u0131r&#8230;Felsefenin derinli\u011fini kitaplar\u0131na ta\u015f\u0131yan felsefe e\u011fitimli yazar Asl\u0131 Der&#8217;in, &#8220;K\u00fc\u00e7\u00fck Cad\u0131 \u015eeroks&#8221;tan sonra kaleme ald\u0131\u011f\u0131 ikinci roman\u0131nda, \u00e7ocuklar\u0131 yine fantastik bir d\u00fcnyada d\u00fc\u015f\u00fcnmeye davet ediyor. B\u00fcy\u00fcc\u00fc o\u011flu Maji&#8217;nin, K\u00f6t\u00fcl\u00fckler Prensi Zoliran&#8217;a kar\u015f\u0131 giri\u015fti\u011fi soluk solu\u011fa m\u00fccadele, \u00e7ocuklar\u0131 iyi-k\u00f6t\u00fc kavramlar\u0131 aras\u0131nda felsefi bir yolculu\u011fa \u00e7\u0131kar\u0131yor.<\/p>\n","protected":false},"excerpt":{"rendered":"<p>\u0130yi ve k\u00f6t\u00fc aras\u0131ndaki sonsuz \u00e7eli\u015fki \u00fczerine soluksuz bir macera, felsefi bir yolculuk.K\u00f6t\u00fcl\u00fckler Prensi Zoliran b\u00fcy\u00fcl\u00fc defterine \u00fc\u00e7 g\u00fcn i\u00e7inde ger\u00e7ekle\u015fecek \u00fc\u00e7 k\u00f6t\u00fcl\u00fck yazm\u0131\u015ft\u0131r. E\u011fer bu<span class=\"excerpt-hellip\"> [\u2026]<\/span><\/p>\n","protected":false},"featured_media":0,"template":"","meta":{"_monsterinsights_skip_tracking":false,"_monsterinsights_sitenote_active":false,"_monsterinsights_sitenote_note":"","_monsterinsights_sitenote_category":0},"product_brand":[],"product_cat":[12275,12274],"product_tag":[],"class_list":{"0":"post-688916","1":"product","2":"type-product","3":"status-publish","5":"product_cat-6-12-yas-kitaplari","6":"product_cat-cocuk-ve-genclik-kitaplari","7":"pa_cilt-ciltsiz","8":"pa_tur-kitap","9":"pa_yayinevi-gunisigi-kitapligi","10":"pa_yazar-asli-der","12":"first","13":"instock","14":"sale","15":"shipping-taxable","16":"purchasable","17":"product-type-simple"},"_links":{"self":[{"href":"https:\/\/roveyayinevi.com.tr\/index.php\/wp-json\/wp\/v2\/product\/688916","targetHints":{"allow":["GET"]}}],"collection":[{"href":"https:\/\/roveyayinevi.com.tr\/index.php\/wp-json\/wp\/v2\/product"}],"about":[{"href":"https:\/\/roveyayinevi.com.tr\/index.php\/wp-json\/wp\/v2\/types\/product"}],"wp:attachment":[{"href":"https:\/\/roveyayinevi.com.tr\/index.php\/wp-json\/wp\/v2\/media?parent=688916"}],"wp:term":[{"taxonomy":"product_brand","embeddable":true,"href":"https:\/\/roveyayinevi.com.tr\/index.php\/wp-json\/wp\/v2\/product_brand?post=688916"},{"taxonomy":"product_cat","embeddable":true,"href":"https:\/\/roveyayinevi.com.tr\/index.php\/wp-json\/wp\/v2\/product_cat?post=688916"},{"taxonomy":"product_tag","embeddable":true,"href":"https:\/\/roveyayinevi.com.tr\/index.php\/wp-json\/wp\/v2\/product_tag?post=688916"}],"curies":[{"name":"wp","href":"https:\/\/api.w.org\/{rel}","templated":true}]}}