{"id":688915,"date":"2025-08-27T13:08:40","date_gmt":"2025-08-27T10:08:40","guid":{"rendered":"https:\/\/roveyayinevi.com.tr\/index.php\/urun\/ask-ve-cazibe-akademisi\/"},"modified":"2026-04-16T01:58:41","modified_gmt":"2026-04-15T22:58:41","slug":"ask-ve-cazibe-akademisi","status":"publish","type":"product","link":"https:\/\/roveyayinevi.com.tr\/index.php\/urun\/ask-ve-cazibe-akademisi\/","title":{"rendered":"A\u015fk ve Cazibe Akademisi"},"content":{"rendered":"<p>Kad\u0131nl\u0131k tarihinin s\u0131rad\u0131\u015f\u0131, gizli, mistik a\u015fk ve cazibe s\u0131rlar\u0131n\u0131 emrine sunuyorum. \u00d6n\u00fcnde diz \u00e7\u00f6kecek erke\u011fi sen se\u00e7!Son bir bu\u00e7uk y\u0131lda, 100&#8217;\u00fcn \u00fczerinde TV program\u0131na konuk olan ve be\u015f y\u0131ld\u0131r kendi sundu\u011fu canl\u0131 yay\u0131n TV programlar\u0131yla t\u00fcm T\u00fcrkiye&#8217;ye spirit\u00fcel dan\u0131\u015fmanl\u0131k yapan Tu\u011f\u00e7e I\u015f\u0131nsu, ya\u015fam merkezlerinde \u00fczerinde \u00e7al\u0131\u015fmalar yapt\u0131\u011f\u0131 ger\u00e7ek &#8220;kad\u0131n ve a\u015fk hik?yelerinden&#8221; yola \u00e7\u0131karak sizleri \u015fimdi de A\u015fk ve Cazibe Akademisi&#8217;nden mezun ediyor.A\u015fk ve cazibe akademisi&#8217;ne ho\u015f geldin:1. Ders: A\u015fk \u0130nanc\u0131 ve \u0130nan\u00e7 Temizli\u011fi 2. Ders: Kaybetme Korkusu, De\u011fersizlik, Aldat\u0131lma, Terk Edilme 3. Ders: Cazibe ve Ba\u015ftan \u00c7\u0131kar\u0131c\u0131l\u0131k 4. Ders: Ger\u00e7ekten Nas\u0131l Bir Erkek \u0130stiyorsun? 5. Ders: Astrolojik A\u015fk Yard\u0131m\u0131 6. Ders: Onu Ba\u015ftan \u00c7\u0131kar! Kitab\u0131mla Ya\u015fam\u0131 De\u011fi\u015fenler 7. Ders: &#8220;Asl\u0131nda Her Kad\u0131n Biraz Cad\u0131d\u0131r.&#8221; 8. Ders: Eski Y\u00fczy\u0131llardan Gelen A\u015fk Miras\u0131: T\u0131ls\u0131mlar 9. Ders: Erke\u011fin Kodlar\u013110. Ders: Makyaj, Sa\u00e7, Parf\u00fcm, K\u0131yafet S\u0131rlar\u013111. Ders: Eski Yunan&#8217;dan A\u015fk Stratejileri12. Ders: Ya \u0130simleriniz Uymuyorsa!13. Ders: Evinde A\u015fk K\u00f6\u015feni Yarat.14. Ders: A\u015fk\u0131 \u00c7eken ve Ba\u015ftan \u00c7\u0131karan Yemekler15. Ders: Seksi Olabilmek ya da Olamamak, \u0130\u015fte, B\u00fct\u00fcn Mesele Bu!16. Ders: Yatak Odas\u0131n\u0131n Alt\u0131n Kurallar\u013117. Ders: Tantra, Kama Sutra, Seks Rit\u00fcelleri18. Ders: Ruh \u0130kizi19. Ders: Seni Neden Aramad\u0131?20. Ders: Seninle Neden H?l? Evlenmiyor?21. Ders: Melek Enerjisi ve A\u015fk22. Ders: Meleklerin Dokundu\u011fu A\u015fk Hik?yeleri23. Ders: Melekler ve A\u015fk Rit\u00fcelleri24. Ders: A\u015fk ve \u00c7ekim Yasas\u013125. Ders: A\u015fk ve Ruhsal Fark\u0131ndal\u0131k26. Ders: A\u015fk ve Cazibe Nasihatleri27. Ders: A\u015fk ve Cazibe Olumlamalar\u013128.Ders: A\u015fk ve Melek Olumlamalar\u0131<\/p>\n","protected":false},"excerpt":{"rendered":"<p>Kad\u0131nl\u0131k tarihinin s\u0131rad\u0131\u015f\u0131, gizli, mistik a\u015fk ve cazibe s\u0131rlar\u0131n\u0131 emrine sunuyorum. \u00d6n\u00fcnde diz \u00e7\u00f6kecek erke\u011fi sen se\u00e7!Son bir bu\u00e7uk y\u0131lda, 100&#8217;\u00fcn \u00fczerinde TV program\u0131na konuk olan<span class=\"excerpt-hellip\"> [\u2026]<\/span><\/p>\n","protected":false},"featured_media":0,"template":"","meta":{"_monsterinsights_skip_tracking":false,"_monsterinsights_sitenote_active":false,"_monsterinsights_sitenote_note":"","_monsterinsights_sitenote_category":0},"product_brand":[],"product_cat":[13252,12324],"product_tag":[],"class_list":{"0":"post-688915","1":"product","2":"type-product","3":"status-publish","5":"product_cat-kadin-calismalari","6":"product_cat-sosyoloji","7":"pa_cilt-ciltsiz","8":"pa_tur-kitap","9":"pa_yayinevi-feniks-yayinlari","10":"pa_yazar-tugce-isinsu","12":"first","13":"instock","14":"sale","15":"shipping-taxable","16":"purchasable","17":"product-type-simple"},"_links":{"self":[{"href":"https:\/\/roveyayinevi.com.tr\/index.php\/wp-json\/wp\/v2\/product\/688915","targetHints":{"allow":["GET"]}}],"collection":[{"href":"https:\/\/roveyayinevi.com.tr\/index.php\/wp-json\/wp\/v2\/product"}],"about":[{"href":"https:\/\/roveyayinevi.com.tr\/index.php\/wp-json\/wp\/v2\/types\/product"}],"wp:attachment":[{"href":"https:\/\/roveyayinevi.com.tr\/index.php\/wp-json\/wp\/v2\/media?parent=688915"}],"wp:term":[{"taxonomy":"product_brand","embeddable":true,"href":"https:\/\/roveyayinevi.com.tr\/index.php\/wp-json\/wp\/v2\/product_brand?post=688915"},{"taxonomy":"product_cat","embeddable":true,"href":"https:\/\/roveyayinevi.com.tr\/index.php\/wp-json\/wp\/v2\/product_cat?post=688915"},{"taxonomy":"product_tag","embeddable":true,"href":"https:\/\/roveyayinevi.com.tr\/index.php\/wp-json\/wp\/v2\/product_tag?post=688915"}],"curies":[{"name":"wp","href":"https:\/\/api.w.org\/{rel}","templated":true}]}}