{"id":688911,"date":"2025-08-27T13:08:39","date_gmt":"2025-08-27T10:08:39","guid":{"rendered":"https:\/\/roveyayinevi.com.tr\/index.php\/urun\/pat-karikatur-okulu\/"},"modified":"2026-04-16T01:58:41","modified_gmt":"2026-04-15T22:58:41","slug":"pat-karikatur-okulu","status":"publish","type":"product","link":"https:\/\/roveyayinevi.com.tr\/index.php\/urun\/pat-karikatur-okulu\/","title":{"rendered":"Pat Karikat\u00fcr Okulu"},"content":{"rendered":"<p>Ayd\u0131n&#8217;\u0131n yeni s\u0131n\u0131f\u0131nda herkesin bir takma ad\u0131 vard\u0131. Hi\u00e7 normal davranamayan Tuhaf, burnu kocaman Patates, atas\u00f6zlerini bile tersy\u00fcz eden Ters, \u00e7evresindeki her \u015feyi kendine \u00e7eken Karadelik, s\u00fcrekli saati soran Saat Ka\u00e7 ve \u00f6b\u00fcrleri&#8230; Yaln\u0131zca \u00f6\u011frencilere de\u011fil, s\u0131n\u0131flara, koridorlara, hatta tuvaletlere de ad tak\u0131lm\u0131\u015ft\u0131. Kendisine ad tak\u0131lmas\u0131ndan hi\u00e7 ho\u015flanmayan Ayd\u0131n, ilgin\u00e7 s\u0131ra arkada\u015f\u0131 Patates&#8217;in \u00e7izdi\u011fi &#8220;Patates&#8217;in Maceralar\u0131&#8221; adl\u0131 karikat\u00fcrler sayesinde, s\u0131n\u0131f arkada\u015flar\u0131n\u0131 anlamaya ba\u015flad\u0131. Patates&#8217;in beklenmedik bir karar vermek zorunda kalmas\u0131, s\u0131n\u0131f\u0131 kar\u0131\u015ft\u0131racakt\u0131&#8230; \ufffc<\/p>\n","protected":false},"excerpt":{"rendered":"<p>Ayd\u0131n&#8217;\u0131n yeni s\u0131n\u0131f\u0131nda herkesin bir takma ad\u0131 vard\u0131. Hi\u00e7 normal davranamayan Tuhaf, burnu kocaman Patates, atas\u00f6zlerini bile tersy\u00fcz eden Ters, \u00e7evresindeki her \u015feyi kendine \u00e7eken Karadelik,<span class=\"excerpt-hellip\"> [\u2026]<\/span><\/p>\n","protected":false},"featured_media":0,"template":"","meta":{"_monsterinsights_skip_tracking":false,"_monsterinsights_sitenote_active":false,"_monsterinsights_sitenote_note":"","_monsterinsights_sitenote_category":0},"product_brand":[],"product_cat":[12274,12649],"product_tag":[],"class_list":{"0":"post-688911","1":"product","2":"type-product","3":"status-publish","5":"product_cat-cocuk-ve-genclik-kitaplari","6":"product_cat-hobi-muzik","7":"pa_cilt-ciltsiz","8":"pa_tur-kitap","9":"pa_yayinevi-gunisigi-kitapligi","10":"pa_yazar-behic-ak","12":"first","13":"instock","14":"sale","15":"shipping-taxable","16":"purchasable","17":"product-type-simple"},"_links":{"self":[{"href":"https:\/\/roveyayinevi.com.tr\/index.php\/wp-json\/wp\/v2\/product\/688911","targetHints":{"allow":["GET"]}}],"collection":[{"href":"https:\/\/roveyayinevi.com.tr\/index.php\/wp-json\/wp\/v2\/product"}],"about":[{"href":"https:\/\/roveyayinevi.com.tr\/index.php\/wp-json\/wp\/v2\/types\/product"}],"wp:attachment":[{"href":"https:\/\/roveyayinevi.com.tr\/index.php\/wp-json\/wp\/v2\/media?parent=688911"}],"wp:term":[{"taxonomy":"product_brand","embeddable":true,"href":"https:\/\/roveyayinevi.com.tr\/index.php\/wp-json\/wp\/v2\/product_brand?post=688911"},{"taxonomy":"product_cat","embeddable":true,"href":"https:\/\/roveyayinevi.com.tr\/index.php\/wp-json\/wp\/v2\/product_cat?post=688911"},{"taxonomy":"product_tag","embeddable":true,"href":"https:\/\/roveyayinevi.com.tr\/index.php\/wp-json\/wp\/v2\/product_tag?post=688911"}],"curies":[{"name":"wp","href":"https:\/\/api.w.org\/{rel}","templated":true}]}}