{"id":688907,"date":"2025-08-27T13:08:38","date_gmt":"2025-08-27T10:08:38","guid":{"rendered":"https:\/\/roveyayinevi.com.tr\/index.php\/urun\/kolaysa-aglama\/"},"modified":"2026-04-16T01:58:41","modified_gmt":"2026-04-15T22:58:41","slug":"kolaysa-aglama","status":"publish","type":"product","link":"https:\/\/roveyayinevi.com.tr\/index.php\/urun\/kolaysa-aglama\/","title":{"rendered":"Kolaysa A\u011flama"},"content":{"rendered":"<p>Odama \u00e7ekilip yata\u011f\u0131ma uzand\u0131m ve bir m\u00fcddet daha annemle yedi\u011fimiz ak\u015fam yeme\u011fini d\u00fc\u015f\u00fcnd\u00fcm. Konu, ben ve okul durumum olmad\u0131\u011f\u0131 s\u00fcrece, annem hi\u00e7 de fena bir sohbet arkada\u015f\u0131 say\u0131lmazd\u0131. Belki de, son d\u00f6nemde onunla neredeyse hi\u00e7 konu\u015famamam\u0131n arkas\u0131nda, laf\u0131n d\u00f6n\u00fcp dola\u015f\u0131p yine bende d\u00fc\u011f\u00fcmlenmesinden duydu\u011fum korku yat\u0131yordur. \ufffcTan\u0131t\u0131m Metni<\/p>\n","protected":false},"excerpt":{"rendered":"<p>Odama \u00e7ekilip yata\u011f\u0131ma uzand\u0131m ve bir m\u00fcddet daha annemle yedi\u011fimiz ak\u015fam yeme\u011fini d\u00fc\u015f\u00fcnd\u00fcm. Konu, ben ve okul durumum olmad\u0131\u011f\u0131 s\u00fcrece, annem hi\u00e7 de fena bir sohbet<span class=\"excerpt-hellip\"> [\u2026]<\/span><\/p>\n","protected":false},"featured_media":0,"template":"","meta":{"_monsterinsights_skip_tracking":false,"_monsterinsights_sitenote_active":false,"_monsterinsights_sitenote_note":"","_monsterinsights_sitenote_category":0},"product_brand":[],"product_cat":[12291,12711],"product_tag":[],"class_list":{"0":"post-688907","1":"product","2":"type-product","3":"status-publish","5":"product_cat-edebiyat","6":"product_cat-roman-oyku","7":"pa_cilt-ciltsiz","8":"pa_tur-kitap","9":"pa_yayinevi-gunisigi-kitapligi","10":"pa_yazar-suzan-geridonmez","12":"first","13":"instock","14":"sale","15":"shipping-taxable","16":"purchasable","17":"product-type-simple"},"_links":{"self":[{"href":"https:\/\/roveyayinevi.com.tr\/index.php\/wp-json\/wp\/v2\/product\/688907","targetHints":{"allow":["GET"]}}],"collection":[{"href":"https:\/\/roveyayinevi.com.tr\/index.php\/wp-json\/wp\/v2\/product"}],"about":[{"href":"https:\/\/roveyayinevi.com.tr\/index.php\/wp-json\/wp\/v2\/types\/product"}],"wp:attachment":[{"href":"https:\/\/roveyayinevi.com.tr\/index.php\/wp-json\/wp\/v2\/media?parent=688907"}],"wp:term":[{"taxonomy":"product_brand","embeddable":true,"href":"https:\/\/roveyayinevi.com.tr\/index.php\/wp-json\/wp\/v2\/product_brand?post=688907"},{"taxonomy":"product_cat","embeddable":true,"href":"https:\/\/roveyayinevi.com.tr\/index.php\/wp-json\/wp\/v2\/product_cat?post=688907"},{"taxonomy":"product_tag","embeddable":true,"href":"https:\/\/roveyayinevi.com.tr\/index.php\/wp-json\/wp\/v2\/product_tag?post=688907"}],"curies":[{"name":"wp","href":"https:\/\/api.w.org\/{rel}","templated":true}]}}