{"id":688906,"date":"2025-08-27T13:08:38","date_gmt":"2025-08-27T10:08:38","guid":{"rendered":"https:\/\/roveyayinevi.com.tr\/index.php\/urun\/ilk-kitabini-kendin-boya-ucaklar\/"},"modified":"2026-04-16T01:58:41","modified_gmt":"2026-04-15T22:58:41","slug":"ilk-kitabini-kendin-boya-ucaklar","status":"publish","type":"product","link":"https:\/\/roveyayinevi.com.tr\/index.php\/urun\/ilk-kitabini-kendin-boya-ucaklar\/","title":{"rendered":"\u0130lk Kitab\u0131n\u0131 Kendin Boya &#8211; U\u00e7aklar"},"content":{"rendered":"<p>Hava ta\u015f\u0131tlar\u0131n\u0131 boyuyoruz! E\u011flenerek \u00f6\u011frenmek i\u00e7in ideal ba\u015flang\u0131\u00e7lar!\u00dclkemizdeki ilk \u00f6zg\u00fcn \u00f6rneklerini G\u00fcn\u0131\u015f\u0131\u011f\u0131 Kitapl\u0131\u011f\u0131\u2019n\u0131n haz\u0131rlad\u0131\u011f\u0131, hem okunan hem boyanan kitaplardan olu\u015fan diziyle, k\u00fc\u00e7\u00fckler, dinledikleri ya da okuduklar\u0131 birbirinden sevimli \u00f6yk\u00fcleri kendileri renklendiriyor! Anaokulu \u00f6\u011frencileri ve ilk\u00f6\u011fretime yeni ba\u015flayan \u00e7ocuklar i\u00e7in haz\u0131rlanan kitaplar\u0131n boyutu, sayfa d\u00fczeni, i\u00e7erdi\u011fi bilgi ve desen dili, ya\u015f grubunun gereksinimleri g\u00f6z \u00f6n\u00fcne al\u0131narak belirleniyor.Tarihsel s\u00fcre\u00e7 i\u00e7inde u\u00e7u\u015f deneyimini \u00e7ocuklara tan\u0131tarak, farkl\u0131 bi\u00e7imleri ve de\u011fi\u015fik i\u015flevleriyle hava ta\u015f\u0131tlar\u0131n\u0131 anlatan kitapta dokuz ba\u015fl\u0131k yer al\u0131yor: Tarihteki ilk u\u00e7u\u015f denemeleri, balonlar, ilk u\u00e7aklar, zeplin, yolcu u\u00e7aklar\u0131, helikopter, plan\u00f6r, jetler ve elbette, uzay ara\u00e7lar\u0131\u2026<\/p>\n","protected":false},"excerpt":{"rendered":"<p>Hava ta\u015f\u0131tlar\u0131n\u0131 boyuyoruz! E\u011flenerek \u00f6\u011frenmek i\u00e7in ideal ba\u015flang\u0131\u00e7lar!\u00dclkemizdeki ilk \u00f6zg\u00fcn \u00f6rneklerini G\u00fcn\u0131\u015f\u0131\u011f\u0131 Kitapl\u0131\u011f\u0131\u2019n\u0131n haz\u0131rlad\u0131\u011f\u0131, hem okunan hem boyanan kitaplardan olu\u015fan diziyle, k\u00fc\u00e7\u00fckler, dinledikleri ya da okuduklar\u0131<span class=\"excerpt-hellip\"> [\u2026]<\/span><\/p>\n","protected":false},"featured_media":0,"template":"","meta":{"_monsterinsights_skip_tracking":false,"_monsterinsights_sitenote_active":false,"_monsterinsights_sitenote_note":"","_monsterinsights_sitenote_category":0},"product_brand":[],"product_cat":[12644,12274],"product_tag":[],"class_list":{"0":"post-688906","1":"product","2":"type-product","3":"status-publish","5":"product_cat-boyama-kitaplari","6":"product_cat-cocuk-ve-genclik-kitaplari","7":"pa_cilt-ciltsiz","8":"pa_tur-kitap","9":"pa_yayinevi-gunisigi-kitapligi","10":"pa_yazar-muren-beykan","12":"first","13":"instock","14":"sale","15":"shipping-taxable","16":"purchasable","17":"product-type-simple"},"_links":{"self":[{"href":"https:\/\/roveyayinevi.com.tr\/index.php\/wp-json\/wp\/v2\/product\/688906","targetHints":{"allow":["GET"]}}],"collection":[{"href":"https:\/\/roveyayinevi.com.tr\/index.php\/wp-json\/wp\/v2\/product"}],"about":[{"href":"https:\/\/roveyayinevi.com.tr\/index.php\/wp-json\/wp\/v2\/types\/product"}],"wp:attachment":[{"href":"https:\/\/roveyayinevi.com.tr\/index.php\/wp-json\/wp\/v2\/media?parent=688906"}],"wp:term":[{"taxonomy":"product_brand","embeddable":true,"href":"https:\/\/roveyayinevi.com.tr\/index.php\/wp-json\/wp\/v2\/product_brand?post=688906"},{"taxonomy":"product_cat","embeddable":true,"href":"https:\/\/roveyayinevi.com.tr\/index.php\/wp-json\/wp\/v2\/product_cat?post=688906"},{"taxonomy":"product_tag","embeddable":true,"href":"https:\/\/roveyayinevi.com.tr\/index.php\/wp-json\/wp\/v2\/product_tag?post=688906"}],"curies":[{"name":"wp","href":"https:\/\/api.w.org\/{rel}","templated":true}]}}