{"id":688904,"date":"2025-08-27T13:08:38","date_gmt":"2025-08-27T10:08:38","guid":{"rendered":"https:\/\/roveyayinevi.com.tr\/index.php\/urun\/guzelcede-bir-kacak-memo\/"},"modified":"2026-04-16T01:58:41","modified_gmt":"2026-04-15T22:58:41","slug":"guzelcede-bir-kacak-memo","status":"publish","type":"product","link":"https:\/\/roveyayinevi.com.tr\/index.php\/urun\/guzelcede-bir-kacak-memo\/","title":{"rendered":"G\u00fczelce\u2019de Bir Ka\u00e7ak, Memo"},"content":{"rendered":"<p>Soluksuz bir kovalamaca, umut ve sevgi dolu bir roman!Toros Da\u011flar\u0131&#8217;ndaki k\u00f6y\u00fcnde daha \u00e7ocuk denecek ya\u015fta kan davas\u0131yla kar\u015f\u0131 kar\u015f\u0131ya kalan Memo&#8217;nun ya\u015fam\u0131, \u00f6lmemek ve \u00f6ld\u00fcrmemek i\u00e7in bitmez t\u00fckenmez bir kovalamacaya d\u00f6n\u00fc\u015fm\u00fc\u015ft\u00fcr. Ac\u0131 dolu ka\u00e7akl\u0131k y\u0131llar\u0131nda olgunla\u015fan Memo, Karadeniz k\u0131y\u0131lar\u0131ndaki G\u00fczelce k\u00f6y\u00fcne vard\u0131\u011f\u0131nda art\u0131k \u00e7ok yorgun bir gen\u00e7tir. K\u00f6y\u00fcn uza\u011f\u0131ndaki terkedilmi\u015f bir kul\u00fcbeye s\u0131\u011f\u0131nan Memo&#8217;nun varl\u0131\u011f\u0131n\u0131 fark eden \u00e7ocuklar, \u00f6nce ondan \u00e7ok korkarlar. Ama \u00f6yk\u00fcs\u00fcn\u00fc \u00f6\u011frendiklerinde, durum de\u011fi\u015fmeye ba\u015flar&#8230;\u00dclkemizin en \u00e7ok okunan \u00e7ocuk kitab\u0131 yazarlar\u0131ndan Zeynep Cemali&#8217;nin kaleme ald\u0131\u011f\u0131 ilk \u00e7ocuk roman, Anadolu&#8217;nun g\u00fcn\u00fcm\u00fczde h\u00e2l\u00e2 s\u00fcren zalim t\u00f6relerinden biri olan kan davas\u0131 \u00fczerine bir umut ve sevgi \u00f6yk\u00fcs\u00fc yaratmay\u0131 ba\u015far\u0131yor. Roman, Anadolu&#8217;nun farkl\u0131 co\u011frafyalar\u0131n\u0131 ve ya\u015fama bi\u00e7imlerini bulu\u015ftururken, sa\u011fduyu, sevgi ve ho\u015fg\u00f6r\u00fcn\u00fcn en a\u011f\u0131r t\u00f6renin bile \u00fcstesinden gelebilece\u011fini g\u00f6zler \u00f6n\u00fcne seriyor.<\/p>\n","protected":false},"excerpt":{"rendered":"<p>Soluksuz bir kovalamaca, umut ve sevgi dolu bir roman!Toros Da\u011flar\u0131&#8217;ndaki k\u00f6y\u00fcnde daha \u00e7ocuk denecek ya\u015fta kan davas\u0131yla kar\u015f\u0131 kar\u015f\u0131ya kalan Memo&#8217;nun ya\u015fam\u0131, \u00f6lmemek ve \u00f6ld\u00fcrmemek i\u00e7in<span class=\"excerpt-hellip\"> [\u2026]<\/span><\/p>\n","protected":false},"featured_media":0,"template":"","meta":{"_monsterinsights_skip_tracking":false,"_monsterinsights_sitenote_active":false,"_monsterinsights_sitenote_note":"","_monsterinsights_sitenote_category":0},"product_brand":[],"product_cat":[12275,12274],"product_tag":[],"class_list":{"0":"post-688904","1":"product","2":"type-product","3":"status-publish","5":"product_cat-6-12-yas-kitaplari","6":"product_cat-cocuk-ve-genclik-kitaplari","7":"pa_cilt-ciltsiz","8":"pa_tur-kitap","9":"pa_yayinevi-gunisigi-kitapligi","10":"pa_yazar-zeynep-cemali","12":"first","13":"instock","14":"sale","15":"shipping-taxable","16":"purchasable","17":"product-type-simple"},"_links":{"self":[{"href":"https:\/\/roveyayinevi.com.tr\/index.php\/wp-json\/wp\/v2\/product\/688904","targetHints":{"allow":["GET"]}}],"collection":[{"href":"https:\/\/roveyayinevi.com.tr\/index.php\/wp-json\/wp\/v2\/product"}],"about":[{"href":"https:\/\/roveyayinevi.com.tr\/index.php\/wp-json\/wp\/v2\/types\/product"}],"wp:attachment":[{"href":"https:\/\/roveyayinevi.com.tr\/index.php\/wp-json\/wp\/v2\/media?parent=688904"}],"wp:term":[{"taxonomy":"product_brand","embeddable":true,"href":"https:\/\/roveyayinevi.com.tr\/index.php\/wp-json\/wp\/v2\/product_brand?post=688904"},{"taxonomy":"product_cat","embeddable":true,"href":"https:\/\/roveyayinevi.com.tr\/index.php\/wp-json\/wp\/v2\/product_cat?post=688904"},{"taxonomy":"product_tag","embeddable":true,"href":"https:\/\/roveyayinevi.com.tr\/index.php\/wp-json\/wp\/v2\/product_tag?post=688904"}],"curies":[{"name":"wp","href":"https:\/\/api.w.org\/{rel}","templated":true}]}}