{"id":688903,"date":"2025-08-27T13:08:38","date_gmt":"2025-08-27T10:08:38","guid":{"rendered":"https:\/\/roveyayinevi.com.tr\/index.php\/urun\/gucunu-yitiren-kral\/"},"modified":"2026-04-16T01:58:41","modified_gmt":"2026-04-15T22:58:41","slug":"gucunu-yitiren-kral","status":"publish","type":"product","link":"https:\/\/roveyayinevi.com.tr\/index.php\/urun\/gucunu-yitiren-kral\/","title":{"rendered":"G\u00fcc\u00fcn\u00fc Yitiren Kral"},"content":{"rendered":"<p>\u00d6zg\u00fcrl\u00fckleri i\u00e7in birlik olup zorbal\u0131\u011fa kar\u015f\u0131 gelenlerin \u00f6yk\u00fcs\u00fc.\u00c7ok sevilen \u00e7ocuk kitaplar\u0131yla tan\u0131nan, \u00f6\u011fretmen yazar Pakize \u00d6zcan, bu \u00f6d\u00fcll\u00fc kitab\u0131nda k\u00fc\u00e7\u00fckleri hayvanlar d\u00fcnyas\u0131na konuk ediyor. Bir ormanda ya\u015fayan hayvanlar \u00fczerinden modern d\u00fcnyan\u0131n y\u00f6neten-y\u00f6netilen ikilemine, s\u0131k rastlanan zorbal\u0131kla sindirme y\u00f6ntemine dikkati \u00e7eken \u00f6yk\u00fc, etkileyici toplumsal ele\u015ftiriler ta\u015f\u0131yor. Egemen g\u00fcc\u00fcn bask\u0131 rejimini ortadan kald\u0131rmak ve \u00f6zg\u00fcrl\u00fckleri geri kazanmak i\u00e7in g\u00f6r\u00fc\u015f ayr\u0131l\u0131klar\u0131n\u0131n bir kenara b\u0131rak\u0131lmas\u0131 gerekti\u011fine dikkat \u00e7eken kitap, ayn\u0131 zamanda \u00e7ocuklara bildikleri ve bilmedikleri hayvanlar hakk\u0131nda bilgi edinme \u015fans\u0131 da sunuyor. \u00d6zcan\u2019a E\u011fitim Sen \u00c7ocuk \u00d6yk\u00fc Yar\u0131\u015fmas\u0131 Se\u00e7ici Kurul \u00d6zel \u00d6d\u00fcl\u00fc\u2019n\u00fc kazand\u0131ran kitap, \u00fcnl\u00fc sanat\u00e7\u0131 Mustafa Delio\u011flu\u2019nun benzersiz desenleri ve Suzan Aral\u2019\u0131n tasar\u0131m\u0131yla yeniden hayat buldu.Ormanlar Kral\u0131 Aslan\u2019\u0131n otoritesi her ge\u00e7en g\u00fcn biraz daha sars\u0131l\u0131rken, i\u015fsizlik, fakirlik ve yolsuzluk da h\u0131zla t\u0131rman\u0131r. Aslan\u2019\u0131n zalim y\u00f6netiminden ve ormandaki huzurun yok olmas\u0131ndan yak\u0131nan hayvanlar bu gidi\u015fe dur demek isterler. Ancak, farkl\u0131 g\u00f6r\u00fc\u015flere sahip hayvanlar\u0131n zorba Kral Aslan\u2019a kar\u015f\u0131 tek y\u00fcrek olmas\u0131 hi\u00e7 kolay de\u011fildir\u2026<\/p>\n","protected":false},"excerpt":{"rendered":"<p>\u00d6zg\u00fcrl\u00fckleri i\u00e7in birlik olup zorbal\u0131\u011fa kar\u015f\u0131 gelenlerin \u00f6yk\u00fcs\u00fc.\u00c7ok sevilen \u00e7ocuk kitaplar\u0131yla tan\u0131nan, \u00f6\u011fretmen yazar Pakize \u00d6zcan, bu \u00f6d\u00fcll\u00fc kitab\u0131nda k\u00fc\u00e7\u00fckleri hayvanlar d\u00fcnyas\u0131na konuk ediyor. Bir ormanda<span class=\"excerpt-hellip\"> [\u2026]<\/span><\/p>\n","protected":false},"featured_media":0,"template":"","meta":{"_monsterinsights_skip_tracking":false,"_monsterinsights_sitenote_active":false,"_monsterinsights_sitenote_note":"","_monsterinsights_sitenote_category":0},"product_brand":[],"product_cat":[12274,12284],"product_tag":[],"class_list":{"0":"post-688903","1":"product","2":"type-product","3":"status-publish","5":"product_cat-cocuk-ve-genclik-kitaplari","6":"product_cat-hikayeler","7":"pa_cilt-ciltsiz","8":"pa_tur-kitap","9":"pa_yayinevi-gunisigi-kitapligi","10":"pa_yazar-pakize-ozcan","12":"first","13":"instock","14":"sale","15":"shipping-taxable","16":"purchasable","17":"product-type-simple"},"_links":{"self":[{"href":"https:\/\/roveyayinevi.com.tr\/index.php\/wp-json\/wp\/v2\/product\/688903","targetHints":{"allow":["GET"]}}],"collection":[{"href":"https:\/\/roveyayinevi.com.tr\/index.php\/wp-json\/wp\/v2\/product"}],"about":[{"href":"https:\/\/roveyayinevi.com.tr\/index.php\/wp-json\/wp\/v2\/types\/product"}],"wp:attachment":[{"href":"https:\/\/roveyayinevi.com.tr\/index.php\/wp-json\/wp\/v2\/media?parent=688903"}],"wp:term":[{"taxonomy":"product_brand","embeddable":true,"href":"https:\/\/roveyayinevi.com.tr\/index.php\/wp-json\/wp\/v2\/product_brand?post=688903"},{"taxonomy":"product_cat","embeddable":true,"href":"https:\/\/roveyayinevi.com.tr\/index.php\/wp-json\/wp\/v2\/product_cat?post=688903"},{"taxonomy":"product_tag","embeddable":true,"href":"https:\/\/roveyayinevi.com.tr\/index.php\/wp-json\/wp\/v2\/product_tag?post=688903"}],"curies":[{"name":"wp","href":"https:\/\/api.w.org\/{rel}","templated":true}]}}