{"id":688902,"date":"2025-08-27T13:08:38","date_gmt":"2025-08-27T10:08:38","guid":{"rendered":"https:\/\/roveyayinevi.com.tr\/index.php\/urun\/golat-kalesi-tutsagi\/"},"modified":"2026-04-16T01:58:41","modified_gmt":"2026-04-15T22:58:41","slug":"golat-kalesi-tutsagi","status":"publish","type":"product","link":"https:\/\/roveyayinevi.com.tr\/index.php\/urun\/golat-kalesi-tutsagi\/","title":{"rendered":"Golat Kalesi Tutsa\u011f\u0131"},"content":{"rendered":"<p>Binlerce y\u0131l \u00f6nce, Orta Anadolu\u2019nun peribacalar\u0131yla bi\u00e7imlenmi\u015f benzersiz co\u011frafyas\u0131nda, Beyaz Atlar \u00dclkesi\u2019nde ya\u015fayan Kanu\u015ftili be\u015f cesur arkada\u015ft\u0131lar. G\u00fczel Mu\u015fela\u2019ya \u00e2\u015f\u0131k Kosra\u015f, usta binicili\u011finin yan\u0131 s\u0131ra yeti\u015ftirdi\u011fi atlarla \u00fcnlenmi\u015fti. Yapt\u0131\u011f\u0131 boncuklar ve tak\u0131larla kad\u0131nlar\u0131n g\u00f6zdesi olan irik\u0131y\u0131m demirci \u015eutiyu, elinden her i\u015f gelen, becerikli ve g\u00fczel \u015eula\u2019ya tutkundu. \u015eula\u2019n\u0131n tembel a\u011fabeyi Puru\u015f\u2019sa m\u00fczi\u011fe. Ancak, kom\u015fu Golat Satrab\u0131\u2019n\u0131n \u015f\u0131mar\u0131k o\u011flu Aryo, Kubaba \u015eenlikleri \u00f6ncesinde be\u015f arkada\u015f\u0131n ya\u015fam\u0131n\u0131 beklenmedik bi\u00e7imde de\u011fi\u015ftirdi\u2026 \ufffcTan\u0131t\u0131m Metni<\/p>\n","protected":false},"excerpt":{"rendered":"<p>Binlerce y\u0131l \u00f6nce, Orta Anadolu\u2019nun peribacalar\u0131yla bi\u00e7imlenmi\u015f benzersiz co\u011frafyas\u0131nda, Beyaz Atlar \u00dclkesi\u2019nde ya\u015fayan Kanu\u015ftili be\u015f cesur arkada\u015ft\u0131lar. G\u00fczel Mu\u015fela\u2019ya \u00e2\u015f\u0131k Kosra\u015f, usta binicili\u011finin yan\u0131 s\u0131ra yeti\u015ftirdi\u011fi<span class=\"excerpt-hellip\"> [\u2026]<\/span><\/p>\n","protected":false},"featured_media":0,"template":"","meta":{"_monsterinsights_skip_tracking":false,"_monsterinsights_sitenote_active":false,"_monsterinsights_sitenote_note":"","_monsterinsights_sitenote_category":0},"product_brand":[],"product_cat":[12291,12711],"product_tag":[],"class_list":{"0":"post-688902","1":"product","2":"type-product","3":"status-publish","5":"product_cat-edebiyat","6":"product_cat-roman-oyku","7":"pa_cilt-ciltsiz","8":"pa_tur-kitap","9":"pa_yayinevi-gunisigi-kitapligi","10":"pa_yazar-ismet-bertan","12":"first","13":"instock","14":"sale","15":"shipping-taxable","16":"purchasable","17":"product-type-simple"},"_links":{"self":[{"href":"https:\/\/roveyayinevi.com.tr\/index.php\/wp-json\/wp\/v2\/product\/688902","targetHints":{"allow":["GET"]}}],"collection":[{"href":"https:\/\/roveyayinevi.com.tr\/index.php\/wp-json\/wp\/v2\/product"}],"about":[{"href":"https:\/\/roveyayinevi.com.tr\/index.php\/wp-json\/wp\/v2\/types\/product"}],"wp:attachment":[{"href":"https:\/\/roveyayinevi.com.tr\/index.php\/wp-json\/wp\/v2\/media?parent=688902"}],"wp:term":[{"taxonomy":"product_brand","embeddable":true,"href":"https:\/\/roveyayinevi.com.tr\/index.php\/wp-json\/wp\/v2\/product_brand?post=688902"},{"taxonomy":"product_cat","embeddable":true,"href":"https:\/\/roveyayinevi.com.tr\/index.php\/wp-json\/wp\/v2\/product_cat?post=688902"},{"taxonomy":"product_tag","embeddable":true,"href":"https:\/\/roveyayinevi.com.tr\/index.php\/wp-json\/wp\/v2\/product_tag?post=688902"}],"curies":[{"name":"wp","href":"https:\/\/api.w.org\/{rel}","templated":true}]}}