{"id":688901,"date":"2025-08-27T13:08:37","date_gmt":"2025-08-27T10:08:37","guid":{"rendered":"https:\/\/roveyayinevi.com.tr\/index.php\/urun\/gizemli-gunler\/"},"modified":"2026-04-16T01:58:40","modified_gmt":"2026-04-15T22:58:40","slug":"gizemli-gunler","status":"publish","type":"product","link":"https:\/\/roveyayinevi.com.tr\/index.php\/urun\/gizemli-gunler\/","title":{"rendered":"Gizemli G\u00fcnler"},"content":{"rendered":"<p>Sevgi Sayg\u0131&#8217;n\u0131n ustaca kurgulad\u0131\u011f\u0131 dizi &#8220;Memo&#8217;nun Maceras\u0131&#8221; \u00fc\u00e7\u00fcnc\u00fc kitapla sonlan\u0131yor.S\u0131radan bir aileden, uzay\u0131n derinliklerine uzanan gizem!Senarist, yazar Sevgi Sayg\u0131&#8217;n\u0131n Babam Nereye Gitti? ile ba\u015flayan ve Amcama Neler Oluyor? ile s\u00fcren &#8220;Memo&#8217;nun Maceras\u0131&#8221; dizisi, \u00fc\u00e7\u00fcnc\u00fc kitap Gizemli G\u00fcnler ile noktalan\u0131yor. Yazar, dedektif \u00f6yk\u00fclerinin gerilimini ve bilimkurgunun tad\u0131n\u0131 ustaca harmanlad\u0131\u011f\u0131 kitab\u0131nda, okuru bilinmeyenin s\u0131n\u0131rlar\u0131nda dola\u015fan, heyecan verici bir maceraya davet ediyor. Memo, ailesi ve arkada\u015flar\u0131yla birlikte i\u00e7ine dald\u0131\u011f\u0131 ve g\u00fcn ge\u00e7tik\u00e7e daha karma\u015f\u0131k hale gelen tuhaf olaylar\u0131 \u00e7\u00f6zmek i\u00e7in elinden geleni ard\u0131na koymamaya yine kararl\u0131. Bazen umutlar\u0131 k\u0131r\u0131lsa ve \u00f6fkeye teslim olsa bile\u2026 Aileden i\u015f ya\u015fam\u0131na, cesaretten ilk a\u015fka, ya\u015fam\u0131n farkl\u0131 y\u00fczlerini ve duygular\u0131n\u0131 s\u00fcr\u00fckleyici bir kurguda bir araya getiren dizi, g\u00fcndelik ya\u015famdan beslenen esprili diliyle her ya\u015ftan okuru sar\u0131p sarmalayacak s\u0131rad\u0131\u015f\u0131 ve e\u011flenceli bir okuma vaat ediyor.Memo, kaybolan babas\u0131n\u0131 y\u0131llar sonra bulmu\u015ftur, ancak bu sefer de karmakar\u0131\u015f\u0131k bir aileyle ba\u015f etmek zorundad\u0131r! Eski d\u00fc\u015fman\u0131, yeni dostu Tolga ve g\u00fczeller g\u00fczeli Eylem&#8217;le amans\u0131z bir maceran\u0131n i\u00e7ine d\u00fc\u015fen Memo, Derinsu&#8217;nun g\u00f6nl\u00fcn\u00fc de yeniden kazanmak ister. \u00d6te yandan, minik karde\u015fi Gizem&#8217;in \u00f6zel yetene\u011fi hepsine zor anlar ya\u015fat\u0131r&#8230;<\/p>\n","protected":false},"excerpt":{"rendered":"<p>Sevgi Sayg\u0131&#8217;n\u0131n ustaca kurgulad\u0131\u011f\u0131 dizi &#8220;Memo&#8217;nun Maceras\u0131&#8221; \u00fc\u00e7\u00fcnc\u00fc kitapla sonlan\u0131yor.S\u0131radan bir aileden, uzay\u0131n derinliklerine uzanan gizem!Senarist, yazar Sevgi Sayg\u0131&#8217;n\u0131n Babam Nereye Gitti? ile ba\u015flayan ve Amcama<span class=\"excerpt-hellip\"> [\u2026]<\/span><\/p>\n","protected":false},"featured_media":0,"template":"","meta":{"_monsterinsights_skip_tracking":false,"_monsterinsights_sitenote_active":false,"_monsterinsights_sitenote_note":"","_monsterinsights_sitenote_category":0},"product_brand":[],"product_cat":[12275,12274],"product_tag":[],"class_list":{"0":"post-688901","1":"product","2":"type-product","3":"status-publish","5":"product_cat-6-12-yas-kitaplari","6":"product_cat-cocuk-ve-genclik-kitaplari","7":"pa_cilt-ciltsiz","8":"pa_tur-kitap","9":"pa_yayinevi-gunisigi-kitapligi","10":"pa_yazar-sevgi-saygi","12":"first","13":"instock","14":"sale","15":"shipping-taxable","16":"purchasable","17":"product-type-simple"},"_links":{"self":[{"href":"https:\/\/roveyayinevi.com.tr\/index.php\/wp-json\/wp\/v2\/product\/688901","targetHints":{"allow":["GET"]}}],"collection":[{"href":"https:\/\/roveyayinevi.com.tr\/index.php\/wp-json\/wp\/v2\/product"}],"about":[{"href":"https:\/\/roveyayinevi.com.tr\/index.php\/wp-json\/wp\/v2\/types\/product"}],"wp:attachment":[{"href":"https:\/\/roveyayinevi.com.tr\/index.php\/wp-json\/wp\/v2\/media?parent=688901"}],"wp:term":[{"taxonomy":"product_brand","embeddable":true,"href":"https:\/\/roveyayinevi.com.tr\/index.php\/wp-json\/wp\/v2\/product_brand?post=688901"},{"taxonomy":"product_cat","embeddable":true,"href":"https:\/\/roveyayinevi.com.tr\/index.php\/wp-json\/wp\/v2\/product_cat?post=688901"},{"taxonomy":"product_tag","embeddable":true,"href":"https:\/\/roveyayinevi.com.tr\/index.php\/wp-json\/wp\/v2\/product_tag?post=688901"}],"curies":[{"name":"wp","href":"https:\/\/api.w.org\/{rel}","templated":true}]}}