{"id":688900,"date":"2025-08-27T13:08:37","date_gmt":"2025-08-27T10:08:37","guid":{"rendered":"https:\/\/roveyayinevi.com.tr\/index.php\/urun\/garajdaki-giz\/"},"modified":"2026-04-16T01:58:40","modified_gmt":"2026-04-15T22:58:40","slug":"garajdaki-giz","status":"publish","type":"product","link":"https:\/\/roveyayinevi.com.tr\/index.php\/urun\/garajdaki-giz\/","title":{"rendered":"Garajdaki Giz"},"content":{"rendered":"<p>Bol \u00f6d\u00fcll\u00fc, dostlu\u011fun \u015fefkatiyle ku\u015fat\u0131lm\u0131\u015f gizemli bir roman\u00c7a\u011fda\u015f \u0130ngiliz edebiyat\u0131n\u0131n usta kalemi, 2010 Hans Christian Andersen \u00d6d\u00fcl\u00fc sahibi yazar David Almond, \u00e7ocuklar i\u00e7in kaleme ald\u0131\u011f\u0131 bu roman\u0131nda, y\u00fcreklerimizi sarsan bir \u00f6yk\u00fcy\u00fc anlat\u0131yor. Yay\u0131mland\u0131\u011f\u0131 y\u0131l bir\u00e7ok \u00f6d\u00fcl alan, pek \u00e7ok dile \u00e7evrilen ve 2009\u2019da sinemaya uyarlanan kitap, masals\u0131 anlat\u0131m\u0131yla dikkati \u00e7ekerken, kolay okunan k\u0131sa b\u00f6l\u00fcmlerle \u00f6r\u00fclm\u00fc\u015f yap\u0131s\u0131 da okurda \u015fiirsel bir tat b\u0131rak\u0131yor. Farkl\u0131 olan\u0131 kabullenme, hastal\u0131k ve \u00f6l\u00fcm endi\u015fesi, ta\u015f\u0131nma gibi zor konular\u0131 iki \u00e7ocu\u011fun arkada\u015fl\u0131k \u00f6yk\u00fcs\u00fcnde ustaca harmanl\u0131yor.T\u00fcm d\u00fcnyada okunma rekorlar\u0131 k\u0131ran, her ya\u015ftan okurun hayranl\u0131\u011f\u0131n\u0131 kazanan Harry Potter dizisinin yazar\u0131 J. K. Rowling, Garajdaki Giz\u2019i okudu\u011fu en iyi romanlar aras\u0131nda de\u011ferlendiriyor.Michael\u2019in ailesi kentin \u00f6teki ucunda eski bir eve ta\u015f\u0131n\u0131r. Ev tam bir felakettir; ayr\u0131ca Michael\u2019in yeni do\u011fan k\u0131z karde\u015fi de \u00e7ok hastad\u0131r. Bebe\u011fin her an \u00f6lebilece\u011fi endi\u015fesi aileyi peri\u015fan eder. Yeni bir \u00e7evreye al\u0131\u015fma sorunlar\u0131na karde\u015fi i\u00e7in duydu\u011fu derin kayg\u0131 da eklenen Michael\u2019a bu zor g\u00fcnlerinde kom\u015fu evde oturan Mina destek olur. \u0130nsan\u0131 delip ge\u00e7en bak\u0131\u015flar\u0131 ve do\u011faya kar\u015f\u0131 s\u0131rad\u0131\u015f\u0131 duyarl\u0131l\u0131\u011f\u0131yla Mina \u00e7ok etkileyici ve tuhaf biridir. Karma\u015f\u0131k duygularla bo\u011fu\u015fan Michael bir g\u00fcn bah\u00e7edeki harap garajda insan-ku\u015f kar\u0131\u015f\u0131m\u0131 tuhaf bir yarat\u0131k bulur\u2026 <\/p>\n","protected":false},"excerpt":{"rendered":"<p>Bol \u00f6d\u00fcll\u00fc, dostlu\u011fun \u015fefkatiyle ku\u015fat\u0131lm\u0131\u015f gizemli bir roman\u00c7a\u011fda\u015f \u0130ngiliz edebiyat\u0131n\u0131n usta kalemi, 2010 Hans Christian Andersen \u00d6d\u00fcl\u00fc sahibi yazar David Almond, \u00e7ocuklar i\u00e7in kaleme ald\u0131\u011f\u0131 bu<span class=\"excerpt-hellip\"> [\u2026]<\/span><\/p>\n","protected":false},"featured_media":0,"template":"","meta":{"_monsterinsights_skip_tracking":false,"_monsterinsights_sitenote_active":false,"_monsterinsights_sitenote_note":"","_monsterinsights_sitenote_category":0},"product_brand":[],"product_cat":[12274,12284],"product_tag":[],"class_list":{"0":"post-688900","1":"product","2":"type-product","3":"status-publish","5":"product_cat-cocuk-ve-genclik-kitaplari","6":"product_cat-hikayeler","7":"pa_cilt-ciltsiz","8":"pa_tur-kitap","9":"pa_yayinevi-gunisigi-kitapligi","10":"pa_yazar-david-almond","12":"first","13":"instock","14":"sale","15":"shipping-taxable","16":"purchasable","17":"product-type-simple"},"_links":{"self":[{"href":"https:\/\/roveyayinevi.com.tr\/index.php\/wp-json\/wp\/v2\/product\/688900","targetHints":{"allow":["GET"]}}],"collection":[{"href":"https:\/\/roveyayinevi.com.tr\/index.php\/wp-json\/wp\/v2\/product"}],"about":[{"href":"https:\/\/roveyayinevi.com.tr\/index.php\/wp-json\/wp\/v2\/types\/product"}],"wp:attachment":[{"href":"https:\/\/roveyayinevi.com.tr\/index.php\/wp-json\/wp\/v2\/media?parent=688900"}],"wp:term":[{"taxonomy":"product_brand","embeddable":true,"href":"https:\/\/roveyayinevi.com.tr\/index.php\/wp-json\/wp\/v2\/product_brand?post=688900"},{"taxonomy":"product_cat","embeddable":true,"href":"https:\/\/roveyayinevi.com.tr\/index.php\/wp-json\/wp\/v2\/product_cat?post=688900"},{"taxonomy":"product_tag","embeddable":true,"href":"https:\/\/roveyayinevi.com.tr\/index.php\/wp-json\/wp\/v2\/product_tag?post=688900"}],"curies":[{"name":"wp","href":"https:\/\/api.w.org\/{rel}","templated":true}]}}