{"id":688899,"date":"2025-08-27T13:08:37","date_gmt":"2025-08-27T10:08:37","guid":{"rendered":"https:\/\/roveyayinevi.com.tr\/index.php\/urun\/fenerden-tasinan-isik\/"},"modified":"2026-04-16T01:58:40","modified_gmt":"2026-04-15T22:58:40","slug":"fenerden-tasinan-isik","status":"publish","type":"product","link":"https:\/\/roveyayinevi.com.tr\/index.php\/urun\/fenerden-tasinan-isik\/","title":{"rendered":"Fenerden Ta\u015f\u0131nan I\u015f\u0131k"},"content":{"rendered":"<p>Yaral\u0131 bereli, yaramaz o\u011flan, ailesiyle birlikte, kayal\u0131klardaki deniz fenerinde ya\u015f\u0131yordu. En iyi oyun arkada\u015flar\u0131, k\u00f6stebe\u011fi Arpac\u0131k&#8217;la y\u0131lan\u0131 Zilli&#8217;ydi. O\u011flan\u0131n babas\u0131, aile gelene\u011fini s\u00fcrd\u00fcr\u00fcyor, gemilere yol g\u00f6stermek i\u00e7in, her gece ayn\u0131 saatte fenerin \u0131\u015f\u0131\u011f\u0131n\u0131 yak\u0131yordu. Fenerin \u0131\u015f\u0131\u011f\u0131, yaramaz o\u011flan\u0131n en sevdi\u011fi \u015feydi. Ama bir g\u00fcn postac\u0131 kap\u0131ya \u00f6yle bir zarf getirdi ki, ailenin d\u00fcnyas\u0131 allak bullak oldu. Yaramaz o\u011flan, fenerin \u0131\u015f\u0131\u011f\u0131na ne diyece\u011fini \u015fa\u015f\u0131rd\u0131!.. \ufffc<\/p>\n","protected":false},"excerpt":{"rendered":"<p>Yaral\u0131 bereli, yaramaz o\u011flan, ailesiyle birlikte, kayal\u0131klardaki deniz fenerinde ya\u015f\u0131yordu. En iyi oyun arkada\u015flar\u0131, k\u00f6stebe\u011fi Arpac\u0131k&#8217;la y\u0131lan\u0131 Zilli&#8217;ydi. O\u011flan\u0131n babas\u0131, aile gelene\u011fini s\u00fcrd\u00fcr\u00fcyor, gemilere yol g\u00f6stermek<span class=\"excerpt-hellip\"> [\u2026]<\/span><\/p>\n","protected":false},"featured_media":0,"template":"","meta":{"_monsterinsights_skip_tracking":false,"_monsterinsights_sitenote_active":false,"_monsterinsights_sitenote_note":"","_monsterinsights_sitenote_category":0},"product_brand":[],"product_cat":[12274,12284],"product_tag":[],"class_list":{"0":"post-688899","1":"product","2":"type-product","3":"status-publish","5":"product_cat-cocuk-ve-genclik-kitaplari","6":"product_cat-hikayeler","7":"pa_cilt-ciltsiz","8":"pa_tur-kitap","9":"pa_yayinevi-gunisigi-kitapligi","10":"pa_yazar-irem-usar","12":"first","13":"instock","14":"sale","15":"shipping-taxable","16":"purchasable","17":"product-type-simple"},"_links":{"self":[{"href":"https:\/\/roveyayinevi.com.tr\/index.php\/wp-json\/wp\/v2\/product\/688899","targetHints":{"allow":["GET"]}}],"collection":[{"href":"https:\/\/roveyayinevi.com.tr\/index.php\/wp-json\/wp\/v2\/product"}],"about":[{"href":"https:\/\/roveyayinevi.com.tr\/index.php\/wp-json\/wp\/v2\/types\/product"}],"wp:attachment":[{"href":"https:\/\/roveyayinevi.com.tr\/index.php\/wp-json\/wp\/v2\/media?parent=688899"}],"wp:term":[{"taxonomy":"product_brand","embeddable":true,"href":"https:\/\/roveyayinevi.com.tr\/index.php\/wp-json\/wp\/v2\/product_brand?post=688899"},{"taxonomy":"product_cat","embeddable":true,"href":"https:\/\/roveyayinevi.com.tr\/index.php\/wp-json\/wp\/v2\/product_cat?post=688899"},{"taxonomy":"product_tag","embeddable":true,"href":"https:\/\/roveyayinevi.com.tr\/index.php\/wp-json\/wp\/v2\/product_tag?post=688899"}],"curies":[{"name":"wp","href":"https:\/\/api.w.org\/{rel}","templated":true}]}}