{"id":688898,"date":"2025-08-27T13:08:37","date_gmt":"2025-08-27T10:08:37","guid":{"rendered":"https:\/\/roveyayinevi.com.tr\/index.php\/urun\/citir-citir-felsefe-serisi-07-savas-ve-baris\/"},"modified":"2026-04-16T01:58:40","modified_gmt":"2026-04-15T22:58:40","slug":"citir-citir-felsefe-serisi-07-savas-ve-baris","status":"publish","type":"product","link":"https:\/\/roveyayinevi.com.tr\/index.php\/urun\/citir-citir-felsefe-serisi-07-savas-ve-baris\/","title":{"rendered":"\u00c7\u0131t\u0131r \u00c7\u0131t\u0131r Felsefe Serisi 07 &#8211; Sava\u015f ve Bar\u0131\u015f"},"content":{"rendered":"<p>Bar\u0131\u015f do\u011fal de\u011fildir, onu kurmak gerekir; bu da \u00e7ok \u00e7aba ister!Uzun s\u00fcre sava\u015f ortam\u0131nda ya\u015famam\u0131\u015f insanlar, hep birlikte bar\u0131\u015f i\u00e7inde ya\u015faman\u0131n do\u011fal oldu\u011funa inanabilirler. Oysa, bar\u0131\u015f\u0131 korumak i\u00e7in, bar\u0131\u015f\u0131n hi\u00e7 de do\u011fal bir durum olmad\u0131\u011f\u0131n\u0131 bilmek ve bunu hi\u00e7 ak\u0131ldan \u00e7\u0131karmamak \u00e7ok \u00f6nemlidir. Yoksa, onu her an her yerde yeniden kurmak ve sava\u015f\u0131n \u00e7\u0131kmas\u0131n\u0131 engellemek i\u00e7in \u00e7aba g\u00f6stermeyi unutabiliriz. Bar\u0131\u015f\u0131 kurmak i\u00e7in en do\u011fru an\u0131n, hemen \u015fimdi oldu\u011funu da unutabiliriz\u2026 <\/p>\n","protected":false},"excerpt":{"rendered":"<p>Bar\u0131\u015f do\u011fal de\u011fildir, onu kurmak gerekir; bu da \u00e7ok \u00e7aba ister!Uzun s\u00fcre sava\u015f ortam\u0131nda ya\u015famam\u0131\u015f insanlar, hep birlikte bar\u0131\u015f i\u00e7inde ya\u015faman\u0131n do\u011fal oldu\u011funa inanabilirler. Oysa, bar\u0131\u015f\u0131<span class=\"excerpt-hellip\"> [\u2026]<\/span><\/p>\n","protected":false},"featured_media":0,"template":"","meta":{"_monsterinsights_skip_tracking":false,"_monsterinsights_sitenote_active":false,"_monsterinsights_sitenote_note":"","_monsterinsights_sitenote_category":0},"product_brand":[],"product_cat":[12389,12388],"product_tag":[],"class_list":{"0":"post-688898","1":"product","2":"type-product","3":"status-publish","5":"product_cat-diger-felsefe","6":"product_cat-felsefe","7":"pa_cilt-ciltsiz","8":"pa_tur-kitap","9":"pa_yayinevi-gunisigi-kitapligi","10":"pa_yazar-brigitte-labbe","12":"first","13":"instock","14":"sale","15":"shipping-taxable","16":"purchasable","17":"product-type-simple"},"_links":{"self":[{"href":"https:\/\/roveyayinevi.com.tr\/index.php\/wp-json\/wp\/v2\/product\/688898","targetHints":{"allow":["GET"]}}],"collection":[{"href":"https:\/\/roveyayinevi.com.tr\/index.php\/wp-json\/wp\/v2\/product"}],"about":[{"href":"https:\/\/roveyayinevi.com.tr\/index.php\/wp-json\/wp\/v2\/types\/product"}],"wp:attachment":[{"href":"https:\/\/roveyayinevi.com.tr\/index.php\/wp-json\/wp\/v2\/media?parent=688898"}],"wp:term":[{"taxonomy":"product_brand","embeddable":true,"href":"https:\/\/roveyayinevi.com.tr\/index.php\/wp-json\/wp\/v2\/product_brand?post=688898"},{"taxonomy":"product_cat","embeddable":true,"href":"https:\/\/roveyayinevi.com.tr\/index.php\/wp-json\/wp\/v2\/product_cat?post=688898"},{"taxonomy":"product_tag","embeddable":true,"href":"https:\/\/roveyayinevi.com.tr\/index.php\/wp-json\/wp\/v2\/product_tag?post=688898"}],"curies":[{"name":"wp","href":"https:\/\/api.w.org\/{rel}","templated":true}]}}