{"id":688897,"date":"2025-08-27T13:08:37","date_gmt":"2025-08-27T10:08:37","guid":{"rendered":"https:\/\/roveyayinevi.com.tr\/index.php\/urun\/citir-citir-felsefe-serisi-15-haklar-ve-odevler\/"},"modified":"2026-04-16T01:58:40","modified_gmt":"2026-04-15T22:58:40","slug":"citir-citir-felsefe-serisi-15-haklar-ve-odevler","status":"publish","type":"product","link":"https:\/\/roveyayinevi.com.tr\/index.php\/urun\/citir-citir-felsefe-serisi-15-haklar-ve-odevler\/","title":{"rendered":"\u00c7\u0131t\u0131r \u00c7\u0131t\u0131r Felsefe Serisi 15 &#8211; Haklar ve \u00d6devler"},"content":{"rendered":"<p>\u0130nsanlar bir arada ya\u015farlar. Bu y\u00fczden de, birbirlerine kar\u015f\u0131 sorumludurlar, birbirlerine kar\u015f\u0131 \u00f6devleri vard\u0131r. Sanki aralar\u0131nda yaz\u0131l\u0131 s\u00f6zle\u015fmeler varm\u0131\u015f gibidir. Ancak kimse onlara ni\u00e7in uydu\u011fumuzu, ni\u00e7in \u00f6devlerimizi yerine getirdi\u011fimizi sorgulamaz. \u00d6devlerimizi korktu\u011fumuz i\u00e7in mi yap\u0131yoruz? Yoksa, iyi niyetten mi? S\u00f6ylenerek mi? G\u00fcl\u00fcmseyerek mi? Bunun \u00f6nemi yok asl\u0131nda\u2026<\/p>\n","protected":false},"excerpt":{"rendered":"<p>\u0130nsanlar bir arada ya\u015farlar. Bu y\u00fczden de, birbirlerine kar\u015f\u0131 sorumludurlar, birbirlerine kar\u015f\u0131 \u00f6devleri vard\u0131r. Sanki aralar\u0131nda yaz\u0131l\u0131 s\u00f6zle\u015fmeler varm\u0131\u015f gibidir. Ancak kimse onlara ni\u00e7in uydu\u011fumuzu, ni\u00e7in<span class=\"excerpt-hellip\"> [\u2026]<\/span><\/p>\n","protected":false},"featured_media":0,"template":"","meta":{"_monsterinsights_skip_tracking":false,"_monsterinsights_sitenote_active":false,"_monsterinsights_sitenote_note":"","_monsterinsights_sitenote_category":0},"product_brand":[],"product_cat":[12389,12388],"product_tag":[],"class_list":{"0":"post-688897","1":"product","2":"type-product","3":"status-publish","5":"product_cat-diger-felsefe","6":"product_cat-felsefe","7":"pa_cilt-ciltsiz","8":"pa_tur-kitap","9":"pa_yayinevi-gunisigi-kitapligi","10":"pa_yazar-brigitte-labbe","12":"first","13":"instock","14":"sale","15":"shipping-taxable","16":"purchasable","17":"product-type-simple"},"_links":{"self":[{"href":"https:\/\/roveyayinevi.com.tr\/index.php\/wp-json\/wp\/v2\/product\/688897","targetHints":{"allow":["GET"]}}],"collection":[{"href":"https:\/\/roveyayinevi.com.tr\/index.php\/wp-json\/wp\/v2\/product"}],"about":[{"href":"https:\/\/roveyayinevi.com.tr\/index.php\/wp-json\/wp\/v2\/types\/product"}],"wp:attachment":[{"href":"https:\/\/roveyayinevi.com.tr\/index.php\/wp-json\/wp\/v2\/media?parent=688897"}],"wp:term":[{"taxonomy":"product_brand","embeddable":true,"href":"https:\/\/roveyayinevi.com.tr\/index.php\/wp-json\/wp\/v2\/product_brand?post=688897"},{"taxonomy":"product_cat","embeddable":true,"href":"https:\/\/roveyayinevi.com.tr\/index.php\/wp-json\/wp\/v2\/product_cat?post=688897"},{"taxonomy":"product_tag","embeddable":true,"href":"https:\/\/roveyayinevi.com.tr\/index.php\/wp-json\/wp\/v2\/product_tag?post=688897"}],"curies":[{"name":"wp","href":"https:\/\/api.w.org\/{rel}","templated":true}]}}