{"id":688892,"date":"2025-08-27T13:08:36","date_gmt":"2025-08-27T10:08:36","guid":{"rendered":"https:\/\/roveyayinevi.com.tr\/index.php\/urun\/midas-ve-sihirbaz\/"},"modified":"2026-04-16T01:58:40","modified_gmt":"2026-04-15T22:58:40","slug":"midas-ve-sihirbaz","status":"publish","type":"product","link":"https:\/\/roveyayinevi.com.tr\/index.php\/urun\/midas-ve-sihirbaz\/","title":{"rendered":"Midas ve Sihirbaz"},"content":{"rendered":"<p>Frigya\u2019n\u0131n verimli topraklar\u0131ndan ta\u015f\u0131p, Eski M\u0131s\u0131r\u2019\u0131n gizemli d\u00fcnyas\u0131na kar\u0131\u015fan, soluksuz bir ser\u00fcven!Belgeselci \u00f6d\u00fcll\u00fc yazar \u0130smet Bertan\u2019\u0131n, Anadolu\u2019nun \u00f6nemli tarihsel d\u00f6nemlerine \u0131\u015f\u0131k tutan epik romanlar\u0131 kolleksiyonu \u201cAnadolu\u2019da Bir Zamanlar\u201c\u0131n d\u00f6rd\u00fcnc\u00fc kitab\u0131 yay\u0131mland\u0131. Roman, g\u00fcn\u00fcm\u00fczden 3000 y\u0131l \u00f6nce \u0130\u00e7 Bat\u0131 Anadolu\u2019da b\u00fcy\u00fck bir uygarl\u0131k kuran Frigler\u2019in ba\u015fkenti Gordion\u2019da (Polatl\u0131 yak\u0131nlar\u0131) baba mesleklerini s\u00fcrd\u00fcrmektense, kendilerine farkl\u0131 yollar \u00e7izen d\u00f6rt genci anlat\u0131yor. Bertan\u2019\u0131n ayr\u0131nt\u0131larla bezedi\u011fi ustal\u0131kl\u0131 anlat\u0131m\u0131 sayesinde, Demir \u00c7a\u011f\u2019\u0131n efsaneleriyle \u00fcnl\u00fc Frigya \u00fclkesinden Eski M\u0131s\u0131r\u2019\u0131n b\u00fcy\u00fcl\u00fc kentlerine uzanan okur, Ege d\u00fcnyas\u0131n\u0131n destans\u0131 kentlerine ve tap\u0131naklara ula\u015fan e\u015fsiz yolculuklara da tan\u0131kl\u0131k ediyor. G\u00fc\u00e7l\u00fc betimlemeleriyle, lir ve fl\u00fct ezgilerinin kar\u0131\u015ft\u0131\u011f\u0131, ate\u015fbazlar, cambazlar ve \u015fifac\u0131larla dolu gizemli bir d\u00fcnya yaratan yazar, g\u00fcn\u00fcm\u00fcze ta\u015f\u0131nan geleneklerin ve ya\u015fam bi\u00e7imlerinin izini s\u00fcrerken, okurlar\u0131n\u0131 kehanet, sihir ve gizemle sarmal\u0131yor.Honas, Gordion kentinde birlikte b\u00fcy\u00fcd\u00fc\u011f\u00fc Prens Midas ve arkada\u015flar\u0131ndan ayr\u0131l\u0131p, babas\u0131n\u0131 bulmak \u00fczere M\u0131s\u0131r yollar\u0131na d\u00fc\u015fer. Memfis\u2019te hayat\u0131n\u0131 kurtard\u0131\u011f\u0131 Sihirbaz Nostra sayesinde \u00f6zel g\u00fc\u00e7ler kazan\u0131r. Ancak, firavuna suikast plan\u0131na kulak misafiri olunca, can\u0131n\u0131 kurtarmak i\u00e7in \u00fclkesine d\u00f6nmeye karar verir. Honas\u2019\u0131n \u00f6zel g\u00fcc\u00fc ve d\u00f6n\u00fc\u015f yolunda kar\u015f\u0131la\u015ft\u0131\u011f\u0131 gezgin dans\u00e7\u0131 kafile, yak\u0131n gelece\u011fin Frigya h\u00fck\u00fcmdar\u0131 Prens Midas\u2019\u0131n da, arkada\u015flar\u0131n\u0131n da ya\u015fam\u0131n\u0131 etkileyecektir\u2026<\/p>\n","protected":false},"excerpt":{"rendered":"<p>Frigya\u2019n\u0131n verimli topraklar\u0131ndan ta\u015f\u0131p, Eski M\u0131s\u0131r\u2019\u0131n gizemli d\u00fcnyas\u0131na kar\u0131\u015fan, soluksuz bir ser\u00fcven!Belgeselci \u00f6d\u00fcll\u00fc yazar \u0130smet Bertan\u2019\u0131n, Anadolu\u2019nun \u00f6nemli tarihsel d\u00f6nemlerine \u0131\u015f\u0131k tutan epik romanlar\u0131 kolleksiyonu \u201cAnadolu\u2019da<span class=\"excerpt-hellip\"> [\u2026]<\/span><\/p>\n","protected":false},"featured_media":0,"template":"","meta":{"_monsterinsights_skip_tracking":false,"_monsterinsights_sitenote_active":false,"_monsterinsights_sitenote_note":"","_monsterinsights_sitenote_category":0},"product_brand":[],"product_cat":[12291,12711],"product_tag":[],"class_list":{"0":"post-688892","1":"product","2":"type-product","3":"status-publish","5":"product_cat-edebiyat","6":"product_cat-roman-oyku","7":"pa_cilt-ciltsiz","8":"pa_tur-kitap","9":"pa_yayinevi-gunisigi-kitapligi","10":"pa_yazar-ismet-bertan","12":"first","13":"instock","14":"sale","15":"shipping-taxable","16":"purchasable","17":"product-type-simple"},"_links":{"self":[{"href":"https:\/\/roveyayinevi.com.tr\/index.php\/wp-json\/wp\/v2\/product\/688892","targetHints":{"allow":["GET"]}}],"collection":[{"href":"https:\/\/roveyayinevi.com.tr\/index.php\/wp-json\/wp\/v2\/product"}],"about":[{"href":"https:\/\/roveyayinevi.com.tr\/index.php\/wp-json\/wp\/v2\/types\/product"}],"wp:attachment":[{"href":"https:\/\/roveyayinevi.com.tr\/index.php\/wp-json\/wp\/v2\/media?parent=688892"}],"wp:term":[{"taxonomy":"product_brand","embeddable":true,"href":"https:\/\/roveyayinevi.com.tr\/index.php\/wp-json\/wp\/v2\/product_brand?post=688892"},{"taxonomy":"product_cat","embeddable":true,"href":"https:\/\/roveyayinevi.com.tr\/index.php\/wp-json\/wp\/v2\/product_cat?post=688892"},{"taxonomy":"product_tag","embeddable":true,"href":"https:\/\/roveyayinevi.com.tr\/index.php\/wp-json\/wp\/v2\/product_tag?post=688892"}],"curies":[{"name":"wp","href":"https:\/\/api.w.org\/{rel}","templated":true}]}}