{"id":688890,"date":"2025-08-27T13:08:36","date_gmt":"2025-08-27T10:08:36","guid":{"rendered":"https:\/\/roveyayinevi.com.tr\/index.php\/urun\/katunada-dokuz-ay\/"},"modified":"2026-04-16T01:58:40","modified_gmt":"2026-04-15T22:58:40","slug":"katunada-dokuz-ay","status":"publish","type":"product","link":"https:\/\/roveyayinevi.com.tr\/index.php\/urun\/katunada-dokuz-ay\/","title":{"rendered":"Katuna\u2019da Dokuz Ay"},"content":{"rendered":"<p>Mardin\u2019in iki saat kuzeyinde k\u00fc\u00e7\u00fck bir k\u00f6y olan Katuna\u2019ya \u00f6\u011fretmen tayin edilen be\u015f gen\u00e7 k\u0131z\u0131 zorlu bir y\u0131l beklemektedir. On yedi ya\u015f\u0131ndaki bu gencecik \u00f6\u011fretmenlerin, elektri\u011fi, suyu, yolu olmayan bir k\u00f6ydeki ya\u015fama al\u0131\u015fmas\u0131 olanaks\u0131z gibidir. \u00dcstelik, \u00e7o\u011fu T\u00fcrk\u00e7e konu\u015famayan k\u00f6yl\u00fcyle ileti\u015fim kurmay\u0131 ba\u015farmak, k\u00f6yde y\u00fczy\u0131llard\u0131r s\u00fcregelen i\u00e7ed\u00f6n\u00fck ya\u015fam\u0131 etkilemek neredeyse bir hayaldir\u2026\u201cKatuna\u2019da Dokuz Ay\u2019da, onun yazarl\u0131\u011f\u0131na ili\u015fkin s\u00f6ylenebileceklerin son ve b\u00fct\u00fcn bir \u00f6rne\u011fini veriyor Osman \u015eahin. Bu kez bir gen\u00e7lik roman\u0131 yazd\u0131. Gen\u00e7 k\u00f6y \u00f6\u011fretmenlerinin ya\u015fad\u0131klar\u0131 yeri nas\u0131l ayd\u0131nlatt\u0131\u011f\u0131n\u0131, bir k\u00f6y\u00fcn yazg\u0131s\u0131n\u0131 nas\u0131l de\u011fi\u015ftirdi\u011fini okumak i\u00e7in akla ilk gelecek yazarlardan birinin roman\u0131 var elinizde. Her yazar\u0131n g\u00f6n\u00fcl indirmedi\u011fi konular bunlar.\u201d Semih G\u00fcm\u00fc\u015f <\/p>\n","protected":false},"excerpt":{"rendered":"<p>Mardin\u2019in iki saat kuzeyinde k\u00fc\u00e7\u00fck bir k\u00f6y olan Katuna\u2019ya \u00f6\u011fretmen tayin edilen be\u015f gen\u00e7 k\u0131z\u0131 zorlu bir y\u0131l beklemektedir. On yedi ya\u015f\u0131ndaki bu gencecik \u00f6\u011fretmenlerin, elektri\u011fi,<span class=\"excerpt-hellip\"> [\u2026]<\/span><\/p>\n","protected":false},"featured_media":0,"template":"","meta":{"_monsterinsights_skip_tracking":false,"_monsterinsights_sitenote_active":false,"_monsterinsights_sitenote_note":"","_monsterinsights_sitenote_category":0},"product_brand":[],"product_cat":[12291,12711],"product_tag":[],"class_list":{"0":"post-688890","1":"product","2":"type-product","3":"status-publish","5":"product_cat-edebiyat","6":"product_cat-roman-oyku","7":"pa_cilt-ciltsiz","8":"pa_tur-kitap","9":"pa_yayinevi-gunisigi-kitapligi","10":"pa_yazar-osman-sahin","12":"first","13":"instock","14":"sale","15":"shipping-taxable","16":"purchasable","17":"product-type-simple"},"_links":{"self":[{"href":"https:\/\/roveyayinevi.com.tr\/index.php\/wp-json\/wp\/v2\/product\/688890","targetHints":{"allow":["GET"]}}],"collection":[{"href":"https:\/\/roveyayinevi.com.tr\/index.php\/wp-json\/wp\/v2\/product"}],"about":[{"href":"https:\/\/roveyayinevi.com.tr\/index.php\/wp-json\/wp\/v2\/types\/product"}],"wp:attachment":[{"href":"https:\/\/roveyayinevi.com.tr\/index.php\/wp-json\/wp\/v2\/media?parent=688890"}],"wp:term":[{"taxonomy":"product_brand","embeddable":true,"href":"https:\/\/roveyayinevi.com.tr\/index.php\/wp-json\/wp\/v2\/product_brand?post=688890"},{"taxonomy":"product_cat","embeddable":true,"href":"https:\/\/roveyayinevi.com.tr\/index.php\/wp-json\/wp\/v2\/product_cat?post=688890"},{"taxonomy":"product_tag","embeddable":true,"href":"https:\/\/roveyayinevi.com.tr\/index.php\/wp-json\/wp\/v2\/product_tag?post=688890"}],"curies":[{"name":"wp","href":"https:\/\/api.w.org\/{rel}","templated":true}]}}