{"id":688887,"date":"2025-08-27T13:08:35","date_gmt":"2025-08-27T10:08:35","guid":{"rendered":"https:\/\/roveyayinevi.com.tr\/index.php\/urun\/ilk-kitabini-kendin-boya-alaranin-bir-gunu\/"},"modified":"2026-04-16T01:58:40","modified_gmt":"2026-04-15T22:58:40","slug":"ilk-kitabini-kendin-boya-alaranin-bir-gunu","status":"publish","type":"product","link":"https:\/\/roveyayinevi.com.tr\/index.php\/urun\/ilk-kitabini-kendin-boya-alaranin-bir-gunu\/","title":{"rendered":"\u0130lk Kitab\u0131n\u0131 Kendin Boya &#8211; Alara\u2019n\u0131n Bir G\u00fcn\u00fc"},"content":{"rendered":"<p>Anaokuluna giden bir k\u0131z\u0131n bir g\u00fcn\u00fc nas\u0131l ge\u00e7er? Hem okuma, hem boyama!Tan\u0131nm\u0131\u015f \u00e7ocuk kitaplar\u0131 ill\u00fcstrat\u00f6r\u00fc Huban Korman\u2019\u0131n \u00e7izdi\u011fi ve M\u00fcren Beykan\u2019\u0131n \u015fiirsel bir dille kaleme ald\u0131\u011f\u0131 kitap, anaokuluna giden Alara\u2019n\u0131n s\u0131radan bir g\u00fcn\u00fcn\u00fc anlat\u0131yor.\u00dclkemizdeki ilk \u00f6zg\u00fcn \u00f6rneklerini G\u00fcn\u0131\u015f\u0131\u011f\u0131 Kitapl\u0131\u011f\u0131\u2019n\u0131n haz\u0131rlad\u0131\u011f\u0131, hem okunan hem boyanan kitaplardan olu\u015fan diziyle, k\u00fc\u00e7\u00fckler, dinledikleri ya da okuduklar\u0131 birbirinden sevimli \u00f6yk\u00fcleri kendileri renklendiriyor! Anaokulu \u00f6\u011frencileri ve ilk\u00f6\u011fretime yeni ba\u015flayan \u00e7ocuklar i\u00e7in haz\u0131rlanan kitaplar\u0131n boyutu, sayfa d\u00fczeni, hik\u00e2yesi ve desen dili, ya\u015f grubunun gereksinimleri g\u00f6z \u00f6n\u00fcne al\u0131narak belirleniyor.Alara\u2019n\u0131n uyanmas\u0131yla ba\u015flayan \u00f6yk\u00fc, sabah kahvalt\u0131s\u0131n\u0131n ard\u0131ndan servis minib\u00fcs\u00fcyle yuvaya gitmesi, yuvada arkada\u015flar\u0131yla birlikte yap\u0131lan s\u0131n\u0131f \u00e7al\u0131\u015fmalar\u0131 ve bah\u00e7edeki oyun saatiyle s\u00fcr\u00fcyor. Ak\u015fam olunca, aile yemek sofras\u0131nda bulu\u015fuyor. Yemekten sonra bir s\u00fcre babas\u0131yla oyun oynayan Alara, yatma saati geldi\u011finde, di\u015flerini f\u0131r\u00e7alay\u0131p tuvaletini yap\u0131yor ve annesinin okudu\u011fu masal kitab\u0131n\u0131 dinleyerek uykuya dal\u0131yor\u2026<\/p>\n","protected":false},"excerpt":{"rendered":"<p>Anaokuluna giden bir k\u0131z\u0131n bir g\u00fcn\u00fc nas\u0131l ge\u00e7er? Hem okuma, hem boyama!Tan\u0131nm\u0131\u015f \u00e7ocuk kitaplar\u0131 ill\u00fcstrat\u00f6r\u00fc Huban Korman\u2019\u0131n \u00e7izdi\u011fi ve M\u00fcren Beykan\u2019\u0131n \u015fiirsel bir dille kaleme ald\u0131\u011f\u0131<span class=\"excerpt-hellip\"> [\u2026]<\/span><\/p>\n","protected":false},"featured_media":0,"template":"","meta":{"_monsterinsights_skip_tracking":false,"_monsterinsights_sitenote_active":false,"_monsterinsights_sitenote_note":"","_monsterinsights_sitenote_category":0},"product_brand":[],"product_cat":[12644,12274],"product_tag":[],"class_list":{"0":"post-688887","1":"product","2":"type-product","3":"status-publish","5":"product_cat-boyama-kitaplari","6":"product_cat-cocuk-ve-genclik-kitaplari","7":"pa_cilt-ciltsiz","8":"pa_tur-kitap","9":"pa_yayinevi-gunisigi-kitapligi","10":"pa_yazar-muren-beykan","12":"first","13":"instock","14":"sale","15":"shipping-taxable","16":"purchasable","17":"product-type-simple"},"_links":{"self":[{"href":"https:\/\/roveyayinevi.com.tr\/index.php\/wp-json\/wp\/v2\/product\/688887","targetHints":{"allow":["GET"]}}],"collection":[{"href":"https:\/\/roveyayinevi.com.tr\/index.php\/wp-json\/wp\/v2\/product"}],"about":[{"href":"https:\/\/roveyayinevi.com.tr\/index.php\/wp-json\/wp\/v2\/types\/product"}],"wp:attachment":[{"href":"https:\/\/roveyayinevi.com.tr\/index.php\/wp-json\/wp\/v2\/media?parent=688887"}],"wp:term":[{"taxonomy":"product_brand","embeddable":true,"href":"https:\/\/roveyayinevi.com.tr\/index.php\/wp-json\/wp\/v2\/product_brand?post=688887"},{"taxonomy":"product_cat","embeddable":true,"href":"https:\/\/roveyayinevi.com.tr\/index.php\/wp-json\/wp\/v2\/product_cat?post=688887"},{"taxonomy":"product_tag","embeddable":true,"href":"https:\/\/roveyayinevi.com.tr\/index.php\/wp-json\/wp\/v2\/product_tag?post=688887"}],"curies":[{"name":"wp","href":"https:\/\/api.w.org\/{rel}","templated":true}]}}