{"id":688885,"date":"2025-08-27T13:08:35","date_gmt":"2025-08-27T10:08:35","guid":{"rendered":"https:\/\/roveyayinevi.com.tr\/index.php\/urun\/gevrekciii\/"},"modified":"2026-04-16T01:58:40","modified_gmt":"2026-04-15T22:58:40","slug":"gevrekciii","status":"publish","type":"product","link":"https:\/\/roveyayinevi.com.tr\/index.php\/urun\/gevrekciii\/","title":{"rendered":"Gevrek\u00e7iii"},"content":{"rendered":"<p>Fransa\u2019dan bir konuk, bir de simit\u00e7i \u00e7ocuk!B\u00fcy\u00fcme sorunlar\u0131n\u0131 zekice kurgular ve ince bir mizahla ele alan Hacer K\u0131lc\u0131o\u011flu, \u00f6d\u00fcll\u00fc \u00f6yk\u00fc kitab\u0131 Aydede Her Yerde\u2019den sonra yine s\u0131n\u0131rlar\u0131 a\u015fan evrensel bir arkada\u015fl\u0131k hik\u00e2yesi anlat\u0131yor. Okuru, Frans\u0131z bir belgeselci ve k\u00fc\u00e7\u00fck bir simit sat\u0131c\u0131s\u0131n\u0131n pe\u015finden \u0130zmir\u2019in ara sokaklar\u0131nda gezintiye \u00e7\u0131karan kitap, farkl\u0131 k\u00fclt\u00fcrleri ortak bir duygu dilinde bulu\u015fturuyor. Umudun, ne\u015fenin ve zorluklar\u0131n birbirine doland\u0131\u011f\u0131 ya\u015famlar\u0131 yan yana getiren hik\u00e2ye, hayvan sevgisinden \u00e7ocuk i\u015f\u00e7ilerin s\u0131k\u0131nt\u0131lar\u0131na, ki\u015fisel ke\u015fiflerin co\u015fkusundan hasta bir ebeveynle ya\u015faman\u0131n zorluklar\u0131na kadar pek \u00e7ok konuda d\u00fc\u015f\u00fcnd\u00fcr\u00fcyor.Solmu\u015f ti\u015f\u00f6rt\u00fc ve tokyo terlikleriyle \u0130zmir sokaklar\u0131nda gevreklerini satmaya \u00e7al\u0131\u015fan Mahmut, ya\u011fmurlu bir g\u00fcnde, kendisi gibi sokaklarda dola\u015fan iki arkada\u015f bulur: Belgesel filmci Frank ve s\u0131ska sokak k\u00f6pe\u011fi. \u00c7al\u0131\u015fan annesiyle birlikte hasta babas\u0131na bakan Mahmut\u2019un zor ya\u015fam\u0131, Frank\u2019\u0131n \u00e7al\u0131\u015fan \u00e7ocuklarla ilgili \u00e7ekmeye ba\u015flad\u0131\u011f\u0131 belgesel sayesinde renklenir. Frank\u2019la aralar\u0131nda kurulan g\u00fc\u00e7l\u00fc arkada\u015fl\u0131k, Mahmut\u2019u da, ailesini de etkileyecektir\u2026<\/p>\n","protected":false},"excerpt":{"rendered":"<p>Fransa\u2019dan bir konuk, bir de simit\u00e7i \u00e7ocuk!B\u00fcy\u00fcme sorunlar\u0131n\u0131 zekice kurgular ve ince bir mizahla ele alan Hacer K\u0131lc\u0131o\u011flu, \u00f6d\u00fcll\u00fc \u00f6yk\u00fc kitab\u0131 Aydede Her Yerde\u2019den sonra yine<span class=\"excerpt-hellip\"> [\u2026]<\/span><\/p>\n","protected":false},"featured_media":0,"template":"","meta":{"_monsterinsights_skip_tracking":false,"_monsterinsights_sitenote_active":false,"_monsterinsights_sitenote_note":"","_monsterinsights_sitenote_category":0},"product_brand":[],"product_cat":[12274,12284],"product_tag":[],"class_list":{"0":"post-688885","1":"product","2":"type-product","3":"status-publish","5":"product_cat-cocuk-ve-genclik-kitaplari","6":"product_cat-hikayeler","7":"pa_cilt-ciltsiz","8":"pa_tur-kitap","9":"pa_yayinevi-gunisigi-kitapligi","10":"pa_yazar-hacer-kilcioglu","12":"first","13":"instock","14":"sale","15":"shipping-taxable","16":"purchasable","17":"product-type-simple"},"_links":{"self":[{"href":"https:\/\/roveyayinevi.com.tr\/index.php\/wp-json\/wp\/v2\/product\/688885","targetHints":{"allow":["GET"]}}],"collection":[{"href":"https:\/\/roveyayinevi.com.tr\/index.php\/wp-json\/wp\/v2\/product"}],"about":[{"href":"https:\/\/roveyayinevi.com.tr\/index.php\/wp-json\/wp\/v2\/types\/product"}],"wp:attachment":[{"href":"https:\/\/roveyayinevi.com.tr\/index.php\/wp-json\/wp\/v2\/media?parent=688885"}],"wp:term":[{"taxonomy":"product_brand","embeddable":true,"href":"https:\/\/roveyayinevi.com.tr\/index.php\/wp-json\/wp\/v2\/product_brand?post=688885"},{"taxonomy":"product_cat","embeddable":true,"href":"https:\/\/roveyayinevi.com.tr\/index.php\/wp-json\/wp\/v2\/product_cat?post=688885"},{"taxonomy":"product_tag","embeddable":true,"href":"https:\/\/roveyayinevi.com.tr\/index.php\/wp-json\/wp\/v2\/product_tag?post=688885"}],"curies":[{"name":"wp","href":"https:\/\/api.w.org\/{rel}","templated":true}]}}