{"id":688884,"date":"2025-08-27T13:08:35","date_gmt":"2025-08-27T10:08:35","guid":{"rendered":"https:\/\/roveyayinevi.com.tr\/index.php\/urun\/galatanin-tembel-martisi\/"},"modified":"2026-04-16T01:58:40","modified_gmt":"2026-04-15T22:58:40","slug":"galatanin-tembel-martisi","status":"publish","type":"product","link":"https:\/\/roveyayinevi.com.tr\/index.php\/urun\/galatanin-tembel-martisi\/","title":{"rendered":"Galata\u2019n\u0131n Tembel Mart\u0131s\u0131"},"content":{"rendered":"<p>A\u011fabeyi Emre\u2019nin tersine, H\u00fclya\u2019n\u0131n internetle de teknolojiyle de i\u015fi yoktu. Hayvanlar\u0131n dilinden anlar, mesajlar\u0131n\u0131 bile g\u00fcvercinlerle iletirdi o. Kom\u015fu olduklar\u0131 Galata Kulesi\u2019nde onar\u0131m ba\u015flayaca\u011f\u0131n\u0131, kulenin \u00e7epe\u00e7evre bir in\u015faat perdesiyle kapat\u0131laca\u011f\u0131n\u0131 \u00f6\u011frenince, \u00e7ok endi\u015felendi. \u00c7\u00fcnk\u00fc, kulenin ta\u015flar\u0131 aras\u0131nda ebabil yuvalar\u0131 vard\u0131. Ebabil yavrular\u0131n\u0131 kurtarmak i\u00e7in el ele veren iki karde\u015f, belediyeye dertlerini anlatabilmek i\u00e7in \u00e7e\u015fitli y\u00f6ntemler d\u00fc\u015f\u00fcnd\u00fcler. Peki ya mahallenin mart\u0131s\u0131 Murteza, yavrular\u0131 kurtarmak i\u00e7in yerinden k\u0131p\u0131rdayacak m\u0131yd\u0131 acaba?.. <\/p>\n","protected":false},"excerpt":{"rendered":"<p>A\u011fabeyi Emre\u2019nin tersine, H\u00fclya\u2019n\u0131n internetle de teknolojiyle de i\u015fi yoktu. Hayvanlar\u0131n dilinden anlar, mesajlar\u0131n\u0131 bile g\u00fcvercinlerle iletirdi o. Kom\u015fu olduklar\u0131 Galata Kulesi\u2019nde onar\u0131m ba\u015flayaca\u011f\u0131n\u0131, kulenin \u00e7epe\u00e7evre<span class=\"excerpt-hellip\"> [\u2026]<\/span><\/p>\n","protected":false},"featured_media":0,"template":"","meta":{"_monsterinsights_skip_tracking":false,"_monsterinsights_sitenote_active":false,"_monsterinsights_sitenote_note":"","_monsterinsights_sitenote_category":0},"product_brand":[],"product_cat":[12274,12284],"product_tag":[],"class_list":{"0":"post-688884","1":"product","2":"type-product","3":"status-publish","5":"product_cat-cocuk-ve-genclik-kitaplari","6":"product_cat-hikayeler","7":"pa_cilt-ciltsiz","8":"pa_tur-kitap","9":"pa_yayinevi-gunisigi-kitapligi","10":"pa_yazar-behic-ak","12":"first","13":"instock","14":"sale","15":"shipping-taxable","16":"purchasable","17":"product-type-simple"},"_links":{"self":[{"href":"https:\/\/roveyayinevi.com.tr\/index.php\/wp-json\/wp\/v2\/product\/688884","targetHints":{"allow":["GET"]}}],"collection":[{"href":"https:\/\/roveyayinevi.com.tr\/index.php\/wp-json\/wp\/v2\/product"}],"about":[{"href":"https:\/\/roveyayinevi.com.tr\/index.php\/wp-json\/wp\/v2\/types\/product"}],"wp:attachment":[{"href":"https:\/\/roveyayinevi.com.tr\/index.php\/wp-json\/wp\/v2\/media?parent=688884"}],"wp:term":[{"taxonomy":"product_brand","embeddable":true,"href":"https:\/\/roveyayinevi.com.tr\/index.php\/wp-json\/wp\/v2\/product_brand?post=688884"},{"taxonomy":"product_cat","embeddable":true,"href":"https:\/\/roveyayinevi.com.tr\/index.php\/wp-json\/wp\/v2\/product_cat?post=688884"},{"taxonomy":"product_tag","embeddable":true,"href":"https:\/\/roveyayinevi.com.tr\/index.php\/wp-json\/wp\/v2\/product_tag?post=688884"}],"curies":[{"name":"wp","href":"https:\/\/api.w.org\/{rel}","templated":true}]}}