{"id":688883,"date":"2025-08-27T13:08:34","date_gmt":"2025-08-27T10:08:34","guid":{"rendered":"https:\/\/roveyayinevi.com.tr\/index.php\/urun\/dunya-buyulu-bir-yer\/"},"modified":"2026-04-12T01:58:53","modified_gmt":"2026-04-11T22:58:53","slug":"dunya-buyulu-bir-yer","status":"publish","type":"product","link":"https:\/\/roveyayinevi.com.tr\/index.php\/urun\/dunya-buyulu-bir-yer\/","title":{"rendered":"D\u00fcnya B\u00fcy\u00fcl\u00fc Bir Yer"},"content":{"rendered":"<p>Kit, ailesiyle birlikte Kuzey \u0130ngiltere\u2019nin eski madenci kasabalar\u0131ndan birinde ya\u015fayan dedesinin yan\u0131na yerle\u015fir. Yeni okulunda tan\u0131\u015ft\u0131\u011f\u0131 \u00e7ocuklar\u0131n metruk maden oca\u011f\u0131nda oynad\u0131klar\u0131 \u201c\u00d6l\u00fcm\u201d denen gizemli oyun, Kit\u2019in ya\u015fam\u0131 alg\u0131lay\u0131\u015f\u0131nda derin de\u011fi\u015fikliklere neden olur. \u0130lgin\u00e7 resimler yapan h\u0131r\u00e7\u0131n delikanl\u0131 Askew; delidolu, \u00e7\u0131lg\u0131n bir k\u0131z olan Allie; zaman\u0131n gerisinden gelen k\u00fc\u00e7\u00fck \u0130peksi\u2019nin silueti; sevgili dedesi ve dedesinin ona anlatt\u0131\u011f\u0131 an\u0131lar; kaleminden d\u00f6k\u00fcl\u00fcveren Lak\u2019\u0131n \u00f6yk\u00fcs\u00fc ve daha pek \u00e7ok ayr\u0131nt\u0131 delikanl\u0131y\u0131 etkiler. O, ge\u00e7mi\u015fi ve bug\u00fcn\u00fc ayn\u0131 anda duyup ya\u015fayabilen biridir art\u0131k\u2026 \ufffcTan\u0131t\u0131m Metni<\/p>\n","protected":false},"excerpt":{"rendered":"<p>Kit, ailesiyle birlikte Kuzey \u0130ngiltere\u2019nin eski madenci kasabalar\u0131ndan birinde ya\u015fayan dedesinin yan\u0131na yerle\u015fir. Yeni okulunda tan\u0131\u015ft\u0131\u011f\u0131 \u00e7ocuklar\u0131n metruk maden oca\u011f\u0131nda oynad\u0131klar\u0131 \u201c\u00d6l\u00fcm\u201d denen gizemli oyun, Kit\u2019in<span class=\"excerpt-hellip\"> [\u2026]<\/span><\/p>\n","protected":false},"featured_media":0,"template":"","meta":{"_monsterinsights_skip_tracking":false,"_monsterinsights_sitenote_active":false,"_monsterinsights_sitenote_note":"","_monsterinsights_sitenote_category":0},"product_brand":[],"product_cat":[12291,12711],"product_tag":[],"class_list":{"0":"post-688883","1":"product","2":"type-product","3":"status-publish","5":"product_cat-edebiyat","6":"product_cat-roman-oyku","7":"pa_cilt-ciltsiz","8":"pa_tur-kitap","9":"pa_yayinevi-gunisigi-kitapligi","10":"pa_yazar-david-almond","12":"first","13":"instock","14":"sale","15":"shipping-taxable","16":"purchasable","17":"product-type-simple"},"_links":{"self":[{"href":"https:\/\/roveyayinevi.com.tr\/index.php\/wp-json\/wp\/v2\/product\/688883","targetHints":{"allow":["GET"]}}],"collection":[{"href":"https:\/\/roveyayinevi.com.tr\/index.php\/wp-json\/wp\/v2\/product"}],"about":[{"href":"https:\/\/roveyayinevi.com.tr\/index.php\/wp-json\/wp\/v2\/types\/product"}],"wp:attachment":[{"href":"https:\/\/roveyayinevi.com.tr\/index.php\/wp-json\/wp\/v2\/media?parent=688883"}],"wp:term":[{"taxonomy":"product_brand","embeddable":true,"href":"https:\/\/roveyayinevi.com.tr\/index.php\/wp-json\/wp\/v2\/product_brand?post=688883"},{"taxonomy":"product_cat","embeddable":true,"href":"https:\/\/roveyayinevi.com.tr\/index.php\/wp-json\/wp\/v2\/product_cat?post=688883"},{"taxonomy":"product_tag","embeddable":true,"href":"https:\/\/roveyayinevi.com.tr\/index.php\/wp-json\/wp\/v2\/product_tag?post=688883"}],"curies":[{"name":"wp","href":"https:\/\/api.w.org\/{rel}","templated":true}]}}