{"id":688882,"date":"2025-08-27T13:08:34","date_gmt":"2025-08-27T10:08:34","guid":{"rendered":"https:\/\/roveyayinevi.com.tr\/index.php\/urun\/dur-bakalim-petek\/"},"modified":"2026-04-16T01:58:40","modified_gmt":"2026-04-15T22:58:40","slug":"dur-bakalim-petek","status":"publish","type":"product","link":"https:\/\/roveyayinevi.com.tr\/index.php\/urun\/dur-bakalim-petek\/","title":{"rendered":"Dur Bakal\u0131m Petek"},"content":{"rendered":"<p>B\u00fcy\u00fcklerin d\u00fcnyas\u0131nda gen\u00e7 olmak,haklar\u0131n\u0131 savunmak kolay m\u0131?T\u00fcrk\u00e7e\u2019nin dil ustas\u0131 Necati Tosuner, Kele\u015f Osman ve Arda\u2019n\u0131n Derdi Ne? adl\u0131 sevilen \u00e7ocuk kitaplar\u0131ndan sonra bu kez apartman ya\u015fam\u0131ndan, kom\u015fuluktan yola \u00e7\u0131karak hak ve \u00f6zg\u00fcrl\u00fcklere de\u011finiyor. G\u00fcc\u00fcn\u00fc yal\u0131n ve \u015fiirsel dilinden alan romanda, sevgiyle birbirine ba\u011fl\u0131 bir aile, arkada\u015fl\u0131k ve ilk a\u015fk k\u0131v\u0131lc\u0131mlar\u0131 okuru sarmal\u0131yor. Kent ya\u015fam\u0131n\u0131n s\u0131radanl\u0131\u011f\u0131 i\u00e7inde yak\u0131nla\u015fan iki arkada\u015f\u0131n, hem birbirlerini hem kendilerini anlama \u00e7abas\u0131, hem de haklar\u0131n\u0131n ay\u0131rd\u0131na vararak pe\u015fine d\u00fc\u015fmeleri usta i\u015fi bir anlat\u0131mla kurgulan\u0131yor. \u0130lk gen\u00e7likte b\u00fcy\u00fcklerin d\u00fcnyas\u0131nda var olmaya \u00e7abalaman\u0131n g\u00fc\u00e7l\u00fcklerini hat\u0131rlatan kitap, anneyle k\u0131z\u0131 aras\u0131ndaki s\u0131cak diyaloglarla, ya\u015fama kar\u015f\u0131 sa\u011flam ama yumu\u015fak duru\u015fu ve d\u00fc\u015f\u00fcnd\u00fcrd\u00fckleriyle g\u00fcndelik ya\u015fam\u0131 derinlemesine tart\u0131\u015fmay\u0131 sa\u011flayacak nitelikte.Anne ve babas\u0131yla bir apartman dairesinde ya\u015fayan Petek, kom\u015fu bah\u00e7ede Burak\u2019la \u201cbizim\u201d dedikleri s\u0131rada oturup laflamay\u0131 sever. Ancak apartman\u0131n y\u0131llard\u0131r de\u011fi\u015fmez y\u00f6neticisi, \u201ckarga\u201d lakapl\u0131 Akif Bey kafay\u0131 iki arkada\u015f\u0131n \u201cs\u0131ra\u201ds\u0131na takm\u0131\u015ft\u0131r bir kere. Ailesi m\u00fcjdeli bir haberle kucakla\u015fm\u0131\u015fken, Petek arkada\u015f\u0131yla zaman ge\u00e7irme \u00f6zg\u00fcrl\u00fc\u011f\u00fc i\u00e7in m\u00fccadele etmek zorunda kalacakt\u0131r\u2026<\/p>\n","protected":false},"excerpt":{"rendered":"<p>B\u00fcy\u00fcklerin d\u00fcnyas\u0131nda gen\u00e7 olmak,haklar\u0131n\u0131 savunmak kolay m\u0131?T\u00fcrk\u00e7e\u2019nin dil ustas\u0131 Necati Tosuner, Kele\u015f Osman ve Arda\u2019n\u0131n Derdi Ne? adl\u0131 sevilen \u00e7ocuk kitaplar\u0131ndan sonra bu kez apartman ya\u015fam\u0131ndan,<span class=\"excerpt-hellip\"> [\u2026]<\/span><\/p>\n","protected":false},"featured_media":0,"template":"","meta":{"_monsterinsights_skip_tracking":false,"_monsterinsights_sitenote_active":false,"_monsterinsights_sitenote_note":"","_monsterinsights_sitenote_category":0},"product_brand":[],"product_cat":[12274,12284],"product_tag":[],"class_list":{"0":"post-688882","1":"product","2":"type-product","3":"status-publish","5":"product_cat-cocuk-ve-genclik-kitaplari","6":"product_cat-hikayeler","7":"pa_cilt-ciltsiz","8":"pa_tur-kitap","9":"pa_yayinevi-gunisigi-kitapligi","10":"pa_yazar-necati-tosuner","12":"first","13":"instock","14":"sale","15":"shipping-taxable","16":"purchasable","17":"product-type-simple"},"_links":{"self":[{"href":"https:\/\/roveyayinevi.com.tr\/index.php\/wp-json\/wp\/v2\/product\/688882","targetHints":{"allow":["GET"]}}],"collection":[{"href":"https:\/\/roveyayinevi.com.tr\/index.php\/wp-json\/wp\/v2\/product"}],"about":[{"href":"https:\/\/roveyayinevi.com.tr\/index.php\/wp-json\/wp\/v2\/types\/product"}],"wp:attachment":[{"href":"https:\/\/roveyayinevi.com.tr\/index.php\/wp-json\/wp\/v2\/media?parent=688882"}],"wp:term":[{"taxonomy":"product_brand","embeddable":true,"href":"https:\/\/roveyayinevi.com.tr\/index.php\/wp-json\/wp\/v2\/product_brand?post=688882"},{"taxonomy":"product_cat","embeddable":true,"href":"https:\/\/roveyayinevi.com.tr\/index.php\/wp-json\/wp\/v2\/product_cat?post=688882"},{"taxonomy":"product_tag","embeddable":true,"href":"https:\/\/roveyayinevi.com.tr\/index.php\/wp-json\/wp\/v2\/product_tag?post=688882"}],"curies":[{"name":"wp","href":"https:\/\/api.w.org\/{rel}","templated":true}]}}