{"id":688881,"date":"2025-08-27T13:08:34","date_gmt":"2025-08-27T10:08:34","guid":{"rendered":"https:\/\/roveyayinevi.com.tr\/index.php\/urun\/deniz-olsun-adi\/"},"modified":"2026-04-16T01:58:40","modified_gmt":"2026-04-15T22:58:40","slug":"deniz-olsun-adi","status":"publish","type":"product","link":"https:\/\/roveyayinevi.com.tr\/index.php\/urun\/deniz-olsun-adi\/","title":{"rendered":"Deniz Olsun Ad\u0131"},"content":{"rendered":"<p>\u00c7ocuklu\u011fu kat\u0131ks\u0131z bir sevin\u00e7 ve yal\u0131n bir ger\u00e7eklikle resmeden \u00e7ocuk\u00e7a \u015fiirler.\u015eair, edebiyat \u00f6\u011fretmeni Adil \u0130zci\u2019nin ilk \u00e7ocuk \u015fiirleri kitab\u0131nda birbirinden g\u00fczel 41 \u015fiir yer al\u0131yor. Uzun y\u0131llar emek verdi\u011fi T\u00fcrk \u015fiirinde \u00f6zg\u00fcn bir yer edinen \u015fairin, engin edebiyat birikimi, duru ve zengin T\u00fcrk\u00e7esi\u2019yle derinle\u015fen, do\u011faya ve ya\u015fama \u00f6vg\u00fc dolu \u015fiirleri, okura etkileyici bir dilsel deneyim sunuyor. \u015eair, \u00e7ocuklu\u011fa, aile ve ileti\u015fime, do\u011fa sevgisi ve korumaya, sevgi ve ho\u015fg\u00f6r\u00fcye ili\u015fkin \u015fiirlerinin i\u00e7erdi\u011fi felsefi s\u00f6ylemi \u00e7ocuk okura yak\u0131nla\u015ft\u0131r\u0131yor, ustal\u0131kla \u00e7ocu\u011fa g\u00f6re k\u0131l\u0131yor. \u0130ll\u00fcstrat\u00f6r Sadi G\u00fcran\u2019\u0131n incelikli desenleri ve grafik tasar\u0131m\u0131yla boyutlanan kitap, \u00e7ocuk edebiyat\u0131m\u0131zda \u015fiirin g\u00fc\u00e7l\u00fc solu\u011funu yeniden duyumsatacak.\u201cDo\u011fan\u0131n ve soka\u011f\u0131n \u00e7a\u011fr\u0131s\u0131na kulak veren, ama daha da \u00e7o\u011fu g\u00f6n\u00fcl veren bir \u015fair\u2026 \u2018\u0130yilik gelene\u011fi\u2019nden gelen bir \u015fair olarak, a\u011fa\u00e7lar, evler, sokaklardan sonra diyelim ki, \u00e7i\u00e7ekleri, bitkileri, ku\u015flar\u0131, y\u0131ld\u0131zlar\u0131, avlular\u0131, sesleri de Adil \u0130zci yazs\u0131n, elbette \u2018iki \u015fiir aras\u0131\u2019 yazs\u0131n. Art\u0131k \u015fiir mi yaz\u0131n\u0131n avlusudur, s\u00f6zc\u00fckler mi sokak \u00e7ocu\u011fudur, yaz\u0131n\u0131n g\u00fcnd\u00fcz\u00fc bitince gece \u015fiir evinin kap\u0131s\u0131n\u0131 m\u0131 \u00e7alar, yoksa \u2018\u015fairin evi\u2019ni soka\u011fa m\u0131 \u00e7a\u011f\u0131r\u0131r? \u0130\u015fte o evlerden \u2018i\u00e7eriye \u00e7\u0131kmak\u2019; o sokaklardan \u2018d\u0131\u015far\u0131ya girmek\u2019 i\u00e7in, Adil \u0130zci\u2019nin incelikli, vefal\u0131, sab\u0131rl\u0131, h\u00fcnerli ve k\u0131ymetbilir yaz\u0131s\u0131yla tan\u0131\u015fmak \u015fart\u2026\u201d Haydar Erg\u00fclen<\/p>\n","protected":false},"excerpt":{"rendered":"<p>\u00c7ocuklu\u011fu kat\u0131ks\u0131z bir sevin\u00e7 ve yal\u0131n bir ger\u00e7eklikle resmeden \u00e7ocuk\u00e7a \u015fiirler.\u015eair, edebiyat \u00f6\u011fretmeni Adil \u0130zci\u2019nin ilk \u00e7ocuk \u015fiirleri kitab\u0131nda birbirinden g\u00fczel 41 \u015fiir yer al\u0131yor. Uzun<span class=\"excerpt-hellip\"> [\u2026]<\/span><\/p>\n","protected":false},"featured_media":0,"template":"","meta":{"_monsterinsights_skip_tracking":false,"_monsterinsights_sitenote_active":false,"_monsterinsights_sitenote_note":"","_monsterinsights_sitenote_category":0},"product_brand":[],"product_cat":[12274,12284],"product_tag":[],"class_list":{"0":"post-688881","1":"product","2":"type-product","3":"status-publish","5":"product_cat-cocuk-ve-genclik-kitaplari","6":"product_cat-hikayeler","7":"pa_cilt-ciltsiz","8":"pa_tur-kitap","9":"pa_yayinevi-gunisigi-kitapligi","10":"pa_yazar-adil-izci","12":"first","13":"instock","14":"sale","15":"shipping-taxable","16":"purchasable","17":"product-type-simple"},"_links":{"self":[{"href":"https:\/\/roveyayinevi.com.tr\/index.php\/wp-json\/wp\/v2\/product\/688881","targetHints":{"allow":["GET"]}}],"collection":[{"href":"https:\/\/roveyayinevi.com.tr\/index.php\/wp-json\/wp\/v2\/product"}],"about":[{"href":"https:\/\/roveyayinevi.com.tr\/index.php\/wp-json\/wp\/v2\/types\/product"}],"wp:attachment":[{"href":"https:\/\/roveyayinevi.com.tr\/index.php\/wp-json\/wp\/v2\/media?parent=688881"}],"wp:term":[{"taxonomy":"product_brand","embeddable":true,"href":"https:\/\/roveyayinevi.com.tr\/index.php\/wp-json\/wp\/v2\/product_brand?post=688881"},{"taxonomy":"product_cat","embeddable":true,"href":"https:\/\/roveyayinevi.com.tr\/index.php\/wp-json\/wp\/v2\/product_cat?post=688881"},{"taxonomy":"product_tag","embeddable":true,"href":"https:\/\/roveyayinevi.com.tr\/index.php\/wp-json\/wp\/v2\/product_tag?post=688881"}],"curies":[{"name":"wp","href":"https:\/\/api.w.org\/{rel}","templated":true}]}}