{"id":688880,"date":"2025-08-27T13:08:34","date_gmt":"2025-08-27T10:08:34","guid":{"rendered":"https:\/\/roveyayinevi.com.tr\/index.php\/urun\/defneyi-beklerken\/"},"modified":"2026-04-08T01:58:15","modified_gmt":"2026-04-07T22:58:15","slug":"defneyi-beklerken","status":"publish","type":"product","link":"https:\/\/roveyayinevi.com.tr\/index.php\/urun\/defneyi-beklerken\/","title":{"rendered":"Defne\u2019yi Beklerken"},"content":{"rendered":"<p>Bir gencin yaln\u0131zl\u0131k \u015fifreleriyle \u00f6r\u00fcl\u00fc g\u00fcnl\u00fc\u011f\u00fc&#8230; \u00d6d\u00fcll\u00fc yazar Asl\u0131 Der, gen\u00e7ler i\u00e7in yazd\u0131\u011f\u0131 ilk roman\u0131nda, yaln\u0131zl\u0131\u011f\u0131, h\u00fczn\u00fc, dostlu\u011fu ve umudu bir gencin g\u00fcnl\u00fc\u011f\u00fcne s\u0131\u011fd\u0131r\u0131yor. Ergenli\u011fin zorlu yollar\u0131n\u0131 ve ileti\u015fimsizli\u011fin yol a\u00e7t\u0131\u011f\u0131 \u00e7\u00f6z\u00fcms\u00fczl\u00fckleri, okul, ev, kom\u015fular \u00fc\u00e7genine yerle\u015ftiren roman, akran zorbal\u0131\u011f\u0131, yeti\u015fkin-gen\u00e7 ili\u015fkisi gibi zor konular\u0131 merak uyand\u0131r\u0131c\u0131 ve temposu y\u00fcksek bir kurguyla i\u015fliyor. Roman\u0131nda dostlu\u011fun, ilk a\u015fk\u0131n, edebiyat\u0131n ve m\u00fczi\u011fin iyile\u015ftirici g\u00fcc\u00fcn\u00fc hissettiren yazar, bir yandan gencin s\u0131k\u0131nt\u0131lar\u0131n\u0131 ve s\u0131\u011f\u0131nd\u0131\u011f\u0131 kaleleri onun kelimeleriyle aktar\u0131rken, bir yandan da b\u00fct\u00fcn bunlara k\u00f6r olabilen yeti\u015fkinin i\u00e7 hesapla\u015fmas\u0131n\u0131 g\u00f6zler \u00f6n\u00fcne seriyor. Hem gen\u00e7lerin hem yeti\u015fkinlerin kendi duygu d\u00fcnyalar\u0131na ait pek \u00e7ok ayr\u0131nt\u0131 bulabilece\u011fi roman, h\u0131z\u0131 giderek artan d\u00fcnyada bir anl\u0131\u011f\u0131na da olsa durup dinlemenin ve anlaman\u0131n \u00f6nemine i\u015faret ediyor. \u0130\u015fkolik annesi ve bitmek bilmez kitab\u0131n\u0131 yazmaya \u00e7al\u0131\u015fan babas\u0131n\u0131n aras\u0131nda b\u00fcy\u00fcyen Defne, \u00e7ok yaln\u0131zd\u0131r. \u00dcstelik, okuldaki Patlak K\u0131z ad\u0131 ve ba\u015f\u0131na bela olan bir grup y\u00fcz\u00fcnden iyice k\u00f6\u015feye s\u0131k\u0131\u015fm\u0131\u015ft\u0131r. Ancak, s\u0131n\u0131fa gelen gizemli bir gen\u00e7 ve apartmanda ke\u015ffetmeye ba\u015flad\u0131\u011f\u0131 yeni ya\u015famlar, onu d\u00f6n\u00fc\u015ft\u00fcrmeye ba\u015flar. Odas\u0131nda bayg\u0131n bulundu\u011fu \u00e2na dek onun ya\u015fad\u0131klar\u0131ndan habersiz olan annesi, bu d\u00f6n\u00fc\u015f\u00fcm\u00fcn izini, hastanenin acil servisinde korkuyla beklerken s\u0131\u011f\u0131nd\u0131\u011f\u0131 Defne\u2019nin g\u00fcnl\u00fc\u011f\u00fcnde bulabilecek midir?<\/p>\n","protected":false},"excerpt":{"rendered":"<p>Bir gencin yaln\u0131zl\u0131k \u015fifreleriyle \u00f6r\u00fcl\u00fc g\u00fcnl\u00fc\u011f\u00fc&#8230; \u00d6d\u00fcll\u00fc yazar Asl\u0131 Der, gen\u00e7ler i\u00e7in yazd\u0131\u011f\u0131 ilk roman\u0131nda, yaln\u0131zl\u0131\u011f\u0131, h\u00fczn\u00fc, dostlu\u011fu ve umudu bir gencin g\u00fcnl\u00fc\u011f\u00fcne s\u0131\u011fd\u0131r\u0131yor. Ergenli\u011fin zorlu<span class=\"excerpt-hellip\"> [\u2026]<\/span><\/p>\n","protected":false},"featured_media":0,"template":"","meta":{"_monsterinsights_skip_tracking":false,"_monsterinsights_sitenote_active":false,"_monsterinsights_sitenote_note":"","_monsterinsights_sitenote_category":0},"product_brand":[],"product_cat":[12291,12711],"product_tag":[],"class_list":{"0":"post-688880","1":"product","2":"type-product","3":"status-publish","5":"product_cat-edebiyat","6":"product_cat-roman-oyku","7":"pa_cilt-ciltsiz","8":"pa_tur-kitap","9":"pa_yayinevi-gunisigi-kitapligi","10":"pa_yazar-asli-der","12":"first","13":"instock","14":"sale","15":"shipping-taxable","16":"purchasable","17":"product-type-simple"},"_links":{"self":[{"href":"https:\/\/roveyayinevi.com.tr\/index.php\/wp-json\/wp\/v2\/product\/688880","targetHints":{"allow":["GET"]}}],"collection":[{"href":"https:\/\/roveyayinevi.com.tr\/index.php\/wp-json\/wp\/v2\/product"}],"about":[{"href":"https:\/\/roveyayinevi.com.tr\/index.php\/wp-json\/wp\/v2\/types\/product"}],"wp:attachment":[{"href":"https:\/\/roveyayinevi.com.tr\/index.php\/wp-json\/wp\/v2\/media?parent=688880"}],"wp:term":[{"taxonomy":"product_brand","embeddable":true,"href":"https:\/\/roveyayinevi.com.tr\/index.php\/wp-json\/wp\/v2\/product_brand?post=688880"},{"taxonomy":"product_cat","embeddable":true,"href":"https:\/\/roveyayinevi.com.tr\/index.php\/wp-json\/wp\/v2\/product_cat?post=688880"},{"taxonomy":"product_tag","embeddable":true,"href":"https:\/\/roveyayinevi.com.tr\/index.php\/wp-json\/wp\/v2\/product_tag?post=688880"}],"curies":[{"name":"wp","href":"https:\/\/api.w.org\/{rel}","templated":true}]}}