{"id":688879,"date":"2025-08-27T13:08:34","date_gmt":"2025-08-27T10:08:34","guid":{"rendered":"https:\/\/roveyayinevi.com.tr\/index.php\/urun\/dedem-bir-kiraz-agaci\/"},"modified":"2026-04-16T01:58:40","modified_gmt":"2026-04-15T22:58:40","slug":"dedem-bir-kiraz-agaci","status":"publish","type":"product","link":"https:\/\/roveyayinevi.com.tr\/index.php\/urun\/dedem-bir-kiraz-agaci\/","title":{"rendered":"Dedem Bir Kiraz A\u011fac\u0131"},"content":{"rendered":"<p>\u00c7ok \u00f6d\u00fcll\u00fc bir yazardan Akdeniz s\u0131cakl\u0131\u011f\u0131nda bir \u00e7ocuk klasi\u011fi!Tonino, k\u00f6yde ya\u015fayan dedesiyle anneannesine d\u00fc\u015fk\u00fcn bir \u00e7ocuktur. Onlar\u0131n k\u00f6ydeki sevgi ve e\u011flence dolu ya\u015fam\u0131, Tonino i\u00e7in anne babas\u0131n\u0131n bask\u0131s\u0131ndan uzak, \u00f6zg\u00fcr g\u00fcnler anlam\u0131na gelmektedir. Annesi do\u011fdu\u011funda dedesinin dikmi\u015f oldu\u011fu kiraz a\u011fac\u0131 Felice ve anneannesinin besledi\u011fi ak\u0131ll\u0131 kaz Alfonsina, Tonino i\u00e7in \u00e7ok \u00f6zeldir. Hele, ya\u015fam\u0131ndaki \u00f6nlenemez de\u011fi\u015fiklikler, Felice ve Alfonsina\u2019ya yepyeni bir g\u00f6zle bakmas\u0131na neden olacakt\u0131r\u2026 <\/p>\n","protected":false},"excerpt":{"rendered":"<p>\u00c7ok \u00f6d\u00fcll\u00fc bir yazardan Akdeniz s\u0131cakl\u0131\u011f\u0131nda bir \u00e7ocuk klasi\u011fi!Tonino, k\u00f6yde ya\u015fayan dedesiyle anneannesine d\u00fc\u015fk\u00fcn bir \u00e7ocuktur. Onlar\u0131n k\u00f6ydeki sevgi ve e\u011flence dolu ya\u015fam\u0131, Tonino i\u00e7in anne<span class=\"excerpt-hellip\"> [\u2026]<\/span><\/p>\n","protected":false},"featured_media":0,"template":"","meta":{"_monsterinsights_skip_tracking":false,"_monsterinsights_sitenote_active":false,"_monsterinsights_sitenote_note":"","_monsterinsights_sitenote_category":0},"product_brand":[],"product_cat":[12274,12284],"product_tag":[],"class_list":{"0":"post-688879","1":"product","2":"type-product","3":"status-publish","5":"product_cat-cocuk-ve-genclik-kitaplari","6":"product_cat-hikayeler","7":"pa_cilt-ciltsiz","8":"pa_tur-kitap","9":"pa_yayinevi-gunisigi-kitapligi","10":"pa_yazar-angela-nanetti","12":"first","13":"instock","14":"sale","15":"shipping-taxable","16":"purchasable","17":"product-type-simple"},"_links":{"self":[{"href":"https:\/\/roveyayinevi.com.tr\/index.php\/wp-json\/wp\/v2\/product\/688879","targetHints":{"allow":["GET"]}}],"collection":[{"href":"https:\/\/roveyayinevi.com.tr\/index.php\/wp-json\/wp\/v2\/product"}],"about":[{"href":"https:\/\/roveyayinevi.com.tr\/index.php\/wp-json\/wp\/v2\/types\/product"}],"wp:attachment":[{"href":"https:\/\/roveyayinevi.com.tr\/index.php\/wp-json\/wp\/v2\/media?parent=688879"}],"wp:term":[{"taxonomy":"product_brand","embeddable":true,"href":"https:\/\/roveyayinevi.com.tr\/index.php\/wp-json\/wp\/v2\/product_brand?post=688879"},{"taxonomy":"product_cat","embeddable":true,"href":"https:\/\/roveyayinevi.com.tr\/index.php\/wp-json\/wp\/v2\/product_cat?post=688879"},{"taxonomy":"product_tag","embeddable":true,"href":"https:\/\/roveyayinevi.com.tr\/index.php\/wp-json\/wp\/v2\/product_tag?post=688879"}],"curies":[{"name":"wp","href":"https:\/\/api.w.org\/{rel}","templated":true}]}}