{"id":688878,"date":"2025-08-27T13:08:34","date_gmt":"2025-08-27T10:08:34","guid":{"rendered":"https:\/\/roveyayinevi.com.tr\/index.php\/urun\/citir-citir-felsefe-serisi-17-yasam-ve-olum\/"},"modified":"2026-04-16T01:58:40","modified_gmt":"2026-04-15T22:58:40","slug":"citir-citir-felsefe-serisi-17-yasam-ve-olum","status":"publish","type":"product","link":"https:\/\/roveyayinevi.com.tr\/index.php\/urun\/citir-citir-felsefe-serisi-17-yasam-ve-olum\/","title":{"rendered":"\u00c7\u0131t\u0131r \u00c7\u0131t\u0131r Felsefe Serisi 17 &#8211; Ya\u015fam ve \u00d6l\u00fcm"},"content":{"rendered":"<p>\u0130nsan ya\u015fam\u0131n\u0131 farkl\u0131 k\u0131lan nedir?\u00c7evrildi\u011fi t\u00fcm \u00fclkelerde, her ya\u015ftan okuru felsefeyle bulu\u015fturan \u201c\u00c7\u0131t\u0131r \u00c7\u0131t\u0131r Felsefe\u201d dizisinin on yedinci kitab\u0131 ya\u015fam ve \u00f6l\u00fcm kavramlar\u0131n\u0131 tart\u0131\u015f\u0131yor. Brigitte Labb\u00e9\u2019nin Paris Sorbone \u00dcniversitesi felsefe profes\u00f6rlerinden Michel Puech dan\u0131\u015fmanl\u0131\u011f\u0131nda kaleme ald\u0131\u011f\u0131 dizi, ya\u015fam\u0131 ve d\u00fcnyan\u0131n i\u015fleyi\u015fini anlamaya \u00e7al\u0131\u015fan \u00e7ocuklara yard\u0131mc\u0131 olacak temel sorularla kurgulan\u0131yor. Her birinde farkl\u0131 bir konunun ele al\u0131nd\u0131\u011f\u0131, g\u00fcnl\u00fck ya\u015famda s\u0131k\u00e7a kar\u015f\u0131la\u015ft\u0131\u011f\u0131m\u0131z \u00f6rnek olaylar\u0131n \u00f6yk\u00fcle\u015ftirildi\u011fi kitaplar, Jacques Azam\u2019\u0131n karikat\u00fcr tad\u0131ndaki renkli resimleriyle ve \u00f6zg\u00fcn tasar\u0131m\u0131yla benzersiz. \u00dclkemizde yay\u0131mlanmaya ba\u015flad\u0131\u011f\u0131 2006 y\u0131l\u0131ndan bu yana b\u00fcy\u00fck ilgi g\u00f6ren dizi, hem \u00e7ocuklar, hem de \u00f6\u011fretmenler ve anne babalar taraf\u0131ndan sevilerek okunuyor.Do\u011fdu\u011fumuzda, hi\u00e7bir giysimiz ya da rol\u00fcm\u00fcz yoktur. Rollerimizi kendimiz uydurur, hayat\u0131m\u0131z\u0131 kendimiz bi\u00e7imleriz. En sonunda da perde kapan\u0131nca, bizimle ilgili bir\u00e7ok \u015fey hat\u0131rlan\u0131r; \u00e7\u00fcnk\u00fc daha \u00f6nce hi\u00e7 kimse bizim gibi oynamam\u0131\u015ft\u0131r. Hayat\u0131m\u0131z biriciktir, ba\u015fka hi\u00e7bir ya\u015fama benzemez. Se\u00e7ti\u011fimiz yolda benzersiz bir ya\u015fam s\u00fcrd\u00fcr\u00fcr ve yava\u015f yava\u015f \u201cki\u015filik\u201d denen \u015feyi olu\u015ftururuz. \u0130\u015fte, ba\u015fkalar\u0131n\u0131n an\u0131lar\u0131nda ya\u015famaya devam eden de bu ki\u015filiktir. <\/p>\n","protected":false},"excerpt":{"rendered":"<p>\u0130nsan ya\u015fam\u0131n\u0131 farkl\u0131 k\u0131lan nedir?\u00c7evrildi\u011fi t\u00fcm \u00fclkelerde, her ya\u015ftan okuru felsefeyle bulu\u015fturan \u201c\u00c7\u0131t\u0131r \u00c7\u0131t\u0131r Felsefe\u201d dizisinin on yedinci kitab\u0131 ya\u015fam ve \u00f6l\u00fcm kavramlar\u0131n\u0131 tart\u0131\u015f\u0131yor. Brigitte Labb\u00e9\u2019nin<span class=\"excerpt-hellip\"> [\u2026]<\/span><\/p>\n","protected":false},"featured_media":0,"template":"","meta":{"_monsterinsights_skip_tracking":false,"_monsterinsights_sitenote_active":false,"_monsterinsights_sitenote_note":"","_monsterinsights_sitenote_category":0},"product_brand":[],"product_cat":[12389,12388],"product_tag":[],"class_list":{"0":"post-688878","1":"product","2":"type-product","3":"status-publish","5":"product_cat-diger-felsefe","6":"product_cat-felsefe","7":"pa_cilt-ciltsiz","8":"pa_tur-kitap","9":"pa_yayinevi-gunisigi-kitapligi","10":"pa_yazar-brigitte-labbe","12":"first","13":"instock","14":"sale","15":"shipping-taxable","16":"purchasable","17":"product-type-simple"},"_links":{"self":[{"href":"https:\/\/roveyayinevi.com.tr\/index.php\/wp-json\/wp\/v2\/product\/688878","targetHints":{"allow":["GET"]}}],"collection":[{"href":"https:\/\/roveyayinevi.com.tr\/index.php\/wp-json\/wp\/v2\/product"}],"about":[{"href":"https:\/\/roveyayinevi.com.tr\/index.php\/wp-json\/wp\/v2\/types\/product"}],"wp:attachment":[{"href":"https:\/\/roveyayinevi.com.tr\/index.php\/wp-json\/wp\/v2\/media?parent=688878"}],"wp:term":[{"taxonomy":"product_brand","embeddable":true,"href":"https:\/\/roveyayinevi.com.tr\/index.php\/wp-json\/wp\/v2\/product_brand?post=688878"},{"taxonomy":"product_cat","embeddable":true,"href":"https:\/\/roveyayinevi.com.tr\/index.php\/wp-json\/wp\/v2\/product_cat?post=688878"},{"taxonomy":"product_tag","embeddable":true,"href":"https:\/\/roveyayinevi.com.tr\/index.php\/wp-json\/wp\/v2\/product_tag?post=688878"}],"curies":[{"name":"wp","href":"https:\/\/api.w.org\/{rel}","templated":true}]}}